{"id":39237,"date":"2026-01-12T16:33:53","date_gmt":"2026-01-12T15:33:53","guid":{"rendered":"https:\/\/www.hml-fetish.de\/shop\/?post_type=product&#038;p=39237"},"modified":"2026-01-12T16:50:18","modified_gmt":"2026-01-12T15:50:18","slug":"pump-plug-silikon-2","status":"publish","type":"product","link":"https:\/\/www.hml-fetish.de\/shop\/pump-plug-silikon-2\/","title":{"rendered":"Pump-Plug Silikon 2"},"content":{"rendered":"<p>Wenn Du die ersten Versuche mit aufpumpbaren Silikon Plugs machst, oder abends zuhause f\u00fcr das n\u00e4chste Spiel trainieren willst, empfiehlt sich dieser Softgel-St\u00f6psel, aus schwarzem Silikon und zum Aufpumpen mit einem Druckball. In anatomischer Form. Die verl\u00e4ngerte Spitze kann &#8211; richtig gesetzt &#8211; auch Deinen P-Punkt stimulieren. Mach Dich auf eine erregende Nacht gefasst!<\/p>\n<p>Farbe schwarz. Material Silikon\/PVC. L\u00e4nge 153 mm. Durchmesser 36 mm bis ca. 60 mm (aufgepumpt). Gewicht 120 g. Mit Gleitmitteln auf Wasserbasis benutzen. Reinigen mit handwarmem Wasser und milder Seife.<\/p>\n","protected":false},"excerpt":{"rendered":"<h4>Pump-Plug Silikon 2<\/h4>\n<p>Wenn Du die ersten Versuche mit aufpumpbaren Plugs machst, oder abends zuhause f\u00fcr das n\u00e4chste Spiel trainieren willst, empfiehlt sich dieser Softgel-St\u00f6psel, aus schwarzem Silikon und zum Aufpumpen mit einem Druckball. In anatomischer Form. Die verl\u00e4ngerte Spitze kann &#8211; richtig gesetzt &#8211; auch Deinen P-Punkt stimulieren. Mach Dich auf eine erregende Nacht gefasst!<\/p>\n","protected":false},"featured_media":39240,"comment_status":"open","ping_status":"closed","template":"","meta":[],"product_brand":[],"product_cat":[139,95,106],"product_tag":[],"class_list":{"0":"post-39237","1":"product","2":"type-product","3":"status-publish","4":"has-post-thumbnail","6":"product_cat-plugs","7":"product_cat-bestseller","8":"product_cat-neu-bei-hml","10":"first","11":"instock","12":"taxable","13":"shipping-taxable","14":"purchasable","15":"product-type-simple"},"_links":{"self":[{"href":"https:\/\/www.hml-fetish.de\/shop\/wp-json\/wp\/v2\/product\/39237","targetHints":{"allow":["GET"]}}],"collection":[{"href":"https:\/\/www.hml-fetish.de\/shop\/wp-json\/wp\/v2\/product"}],"about":[{"href":"https:\/\/www.hml-fetish.de\/shop\/wp-json\/wp\/v2\/types\/product"}],"replies":[{"embeddable":true,"href":"https:\/\/www.hml-fetish.de\/shop\/wp-json\/wp\/v2\/comments?post=39237"}],"version-history":[{"count":0,"href":"https:\/\/www.hml-fetish.de\/shop\/wp-json\/wp\/v2\/product\/39237\/revisions"}],"wp:featuredmedia":[{"embeddable":true,"href":"https:\/\/www.hml-fetish.de\/shop\/wp-json\/wp\/v2\/media\/39240"}],"wp:attachment":[{"href":"https:\/\/www.hml-fetish.de\/shop\/wp-json\/wp\/v2\/media?parent=39237"}],"wp:term":[{"taxonomy":"product_brand","embeddable":true,"href":"https:\/\/www.hml-fetish.de\/shop\/wp-json\/wp\/v2\/product_brand?post=39237"},{"taxonomy":"product_cat","embeddable":true,"href":"https:\/\/www.hml-fetish.de\/shop\/wp-json\/wp\/v2\/product_cat?post=39237"},{"taxonomy":"product_tag","embeddable":true,"href":"https:\/\/www.hml-fetish.de\/shop\/wp-json\/wp\/v2\/product_tag?post=39237"}],"curies":[{"name":"wp","href":"https:\/\/api.w.org\/{rel}","templated":true}]}}