{"id":39193,"date":"2026-01-12T11:49:08","date_gmt":"2026-01-12T10:49:08","guid":{"rendered":"https:\/\/www.hml-fetish.de\/shop\/?post_type=product&#038;p=39193"},"modified":"2026-01-27T12:14:36","modified_gmt":"2026-01-27T11:14:36","slug":"fisting-handschuh-mit-struktur","status":"publish","type":"product","link":"https:\/\/www.hml-fetish.de\/shop\/fisting-handschuh-mit-struktur\/","title":{"rendered":"Fisting Handschuh mit Struktur"},"content":{"rendered":"<p>Gib Deiner Hand zum Fisten eine Textur. Dieser Handschuh kann aber noch mehr! Er ist sehr dehnbar und passt f\u00fcr alle Handschuhgr\u00f6\u00dfen. Jeder Finger tr\u00e4gt eine individuelle Textur: glatt und verj\u00fcngt, kr\u00e4ftige Rippen, penisf\u00f6rmig, erhabene Noppen oder mit subtilen Rippen gew\u00f6lbt. Das macht Spa\u00df, wenn Du allein spielst oder ihr das anale Entjungfern \u00fcbt. Die Handfl\u00e4che hat ein Zick-Zack-Profil, das Wichsen besonders aufregend macht, und der gesamte Unterarm ist f\u00fcr zus\u00e4tzliche Erregung glatt gerippt, wenn Du die ganze Hand tiefer nach innen dr\u00fcckst!<\/p>\n<p>Farbe schwarz. L\u00e4nge 393 mm. Materialst\u00e4rke ungedehnt 3 bis 4 mm. Passt f\u00fcr beide H\u00e4nde. Material TPR\/PVC. Kompatibel mit Gleitmitteln auf Silikon- und Wasserbasis. Reinigen mit handwarmem Wasser und milder Seife. Tipp: Pudere Hand und Unterarm ein oder reibe sie vor dem ersten Hineinschl\u00fcpfen mit reichlich Silikon\u00f6l ein, damit das Material nicht zusammenklebt.<\/p>\n","protected":false},"excerpt":{"rendered":"<h4>Fisting Handschuh mit Struktur<\/h4>\n<p>Gib Deiner Hand zum Fisten eine Textur. Dieser Mehrweg Handschuh kann aber noch mehr! Er ist sehr dehnbar und passt f\u00fcr alle Handschuhgr\u00f6\u00dfen. Jeder Finger tr\u00e4gt eine individuelle Textur: glatt und verj\u00fcngt, kr\u00e4ftige Rippen, penisf\u00f6rmig, erhabene Noppen oder mit subtilen Rippen gew\u00f6lbt.<\/p>\n","protected":false},"featured_media":39195,"comment_status":"open","ping_status":"closed","template":"","meta":[],"product_brand":[],"product_cat":[177,131,132,136,106],"product_tag":[],"class_list":{"0":"post-39193","1":"product","2":"type-product","3":"status-publish","4":"has-post-thumbnail","6":"product_cat-gummihandschuhe","7":"product_cat-dildos","8":"product_cat-dungeon","9":"product_cat-klinik","10":"product_cat-neu-bei-hml","11":"product_shipping_class-paket","13":"first","14":"instock","15":"taxable","16":"shipping-taxable","17":"purchasable","18":"product-type-simple"},"_links":{"self":[{"href":"https:\/\/www.hml-fetish.de\/shop\/wp-json\/wp\/v2\/product\/39193","targetHints":{"allow":["GET"]}}],"collection":[{"href":"https:\/\/www.hml-fetish.de\/shop\/wp-json\/wp\/v2\/product"}],"about":[{"href":"https:\/\/www.hml-fetish.de\/shop\/wp-json\/wp\/v2\/types\/product"}],"replies":[{"embeddable":true,"href":"https:\/\/www.hml-fetish.de\/shop\/wp-json\/wp\/v2\/comments?post=39193"}],"version-history":[{"count":0,"href":"https:\/\/www.hml-fetish.de\/shop\/wp-json\/wp\/v2\/product\/39193\/revisions"}],"wp:featuredmedia":[{"embeddable":true,"href":"https:\/\/www.hml-fetish.de\/shop\/wp-json\/wp\/v2\/media\/39195"}],"wp:attachment":[{"href":"https:\/\/www.hml-fetish.de\/shop\/wp-json\/wp\/v2\/media?parent=39193"}],"wp:term":[{"taxonomy":"product_brand","embeddable":true,"href":"https:\/\/www.hml-fetish.de\/shop\/wp-json\/wp\/v2\/product_brand?post=39193"},{"taxonomy":"product_cat","embeddable":true,"href":"https:\/\/www.hml-fetish.de\/shop\/wp-json\/wp\/v2\/product_cat?post=39193"},{"taxonomy":"product_tag","embeddable":true,"href":"https:\/\/www.hml-fetish.de\/shop\/wp-json\/wp\/v2\/product_tag?post=39193"}],"curies":[{"name":"wp","href":"https:\/\/api.w.org\/{rel}","templated":true}]}}