{"id":38599,"date":"2025-11-15T11:42:44","date_gmt":"2025-11-15T10:42:44","guid":{"rendered":"https:\/\/www.hml-fetish.de\/shop\/?post_type=product&#038;p=38599"},"modified":"2026-01-27T12:15:04","modified_gmt":"2026-01-27T11:15:04","slug":"silikon-puppy-plug","status":"publish","type":"product","link":"https:\/\/www.hml-fetish.de\/shop\/silikon-puppy-plug\/","title":{"rendered":"Silikon-Puppy-Plug"},"content":{"rendered":"<p>Willst du dein Rudelspiel auf ein ganz neues Level bringen? Dann ist diese s\u00fc\u00df gestaltete Hardcore-Hunderute genau das Richtige f\u00fcr dich, damit dein kleiner Vierbeiner wei\u00df, wo sein Platz ist. Der 3,4 cm gro\u00dfe Kopf sorgt f\u00fcr perfekten Halt im Hintereingang, sodass dein zweibeiniger Welpe den ganzen Tag lang mit maximalem Komfort fr\u00f6hlich mit dem Schwanz wedeln kann!<\/p>\n<p>Hochwertiges, gebogenes Anal-Spielzeug mit verj\u00fcngtem Ende f\u00fcr maximalen Spa\u00df!<\/p>\n<p>Material: Wasserfestes Silikon. Es ist 100 % k\u00f6rperfreundlich und sorgt f\u00fcr ein ultra-angenehmes Gef\u00fchl.<\/p>\n<p>Zwei Versionen: schlichte Rute oder mit Kugeln ansteigenden Durchmessers<\/p>\n<p>Farbe: Schwarz<br \/>\nGesamtl\u00e4nge: 180 mm \/ 310 mmbr\/><br \/>\nMaximale Breite: \u2205 18-23 mm<br \/>\nGewicht: 93 g \/ 68 g<\/p>\n","protected":false},"excerpt":{"rendered":"<h4>Silikon-Puppy-Plug<\/h4>\n<p>Willst du dein Rudelspiel auf ein ganz neues Level bringen? Dann ist diese s\u00fc\u00df gestaltete Hardcore-Hunderute genau das Richtige f\u00fcr dich, damit dein kleiner Vierbeiner wei\u00df, wo sein Platz ist. Der 3,4 cm gro\u00dfe Kopf sorgt f\u00fcr perfekten Halt im Hintereingang, sodass dein zweibeiniger Welpe den ganzen Tag lang mit maximalem Komfort fr\u00f6hlich mit dem Schwanz wedeln kann!<\/p>\n","protected":false},"featured_media":38603,"comment_status":"open","ping_status":"closed","template":"","meta":[],"product_brand":[],"product_cat":[139,106,143],"product_tag":[],"class_list":{"0":"post-38599","1":"product","2":"type-product","3":"status-publish","4":"has-post-thumbnail","6":"product_cat-plugs","7":"product_cat-neu-bei-hml","8":"product_cat-petplay","9":"product_shipping_class-paket","11":"first","12":"instock","13":"taxable","14":"shipping-taxable","15":"purchasable","16":"product-type-variable"},"_links":{"self":[{"href":"https:\/\/www.hml-fetish.de\/shop\/wp-json\/wp\/v2\/product\/38599","targetHints":{"allow":["GET"]}}],"collection":[{"href":"https:\/\/www.hml-fetish.de\/shop\/wp-json\/wp\/v2\/product"}],"about":[{"href":"https:\/\/www.hml-fetish.de\/shop\/wp-json\/wp\/v2\/types\/product"}],"replies":[{"embeddable":true,"href":"https:\/\/www.hml-fetish.de\/shop\/wp-json\/wp\/v2\/comments?post=38599"}],"version-history":[{"count":0,"href":"https:\/\/www.hml-fetish.de\/shop\/wp-json\/wp\/v2\/product\/38599\/revisions"}],"wp:featuredmedia":[{"embeddable":true,"href":"https:\/\/www.hml-fetish.de\/shop\/wp-json\/wp\/v2\/media\/38603"}],"wp:attachment":[{"href":"https:\/\/www.hml-fetish.de\/shop\/wp-json\/wp\/v2\/media?parent=38599"}],"wp:term":[{"taxonomy":"product_brand","embeddable":true,"href":"https:\/\/www.hml-fetish.de\/shop\/wp-json\/wp\/v2\/product_brand?post=38599"},{"taxonomy":"product_cat","embeddable":true,"href":"https:\/\/www.hml-fetish.de\/shop\/wp-json\/wp\/v2\/product_cat?post=38599"},{"taxonomy":"product_tag","embeddable":true,"href":"https:\/\/www.hml-fetish.de\/shop\/wp-json\/wp\/v2\/product_tag?post=38599"}],"curies":[{"name":"wp","href":"https:\/\/api.w.org\/{rel}","templated":true}]}}