{"id":38577,"date":"2025-11-13T17:23:46","date_gmt":"2025-11-13T16:23:46","guid":{"rendered":"https:\/\/www.hml-fetish.de\/shop\/?post_type=product&#038;p=38577"},"modified":"2025-11-13T17:23:47","modified_gmt":"2025-11-13T16:23:47","slug":"vierstufiger-silikon-plug","status":"publish","type":"product","link":"https:\/\/www.hml-fetish.de\/shop\/vierstufiger-silikon-plug\/","title":{"rendered":"Vierstufiger Silikon-Plug"},"content":{"rendered":"<p>Stell dir vor, wie viel Spa\u00df du mit diesem super designten, mehrfach geteilten Silikon-Buttplug haben wirst, wenn er dich zu H\u00f6henfl\u00fcgen bringt, von denen du wahrscheinlich noch nicht mal wusstest, dass es sie gibt. 13 cm lang mit Saugnapf an der Basis, die das Spielen mit dir selbst \u2013 oder mit deinem Partner \u2013 zu einem echt unvergesslichen Erlebnis machen wird!<\/p>\n<ul>\n<li>Hochwertiger mehrstufiger Buttplug f\u00fcr Spa\u00df der Extraklasse!<\/li>\n<li>Material: Vollst\u00e4ndig wasserdichtes Silikon. Es ist 100 % k\u00f6rperfreundlich und sorgt f\u00fcr ein ultra-angenehmes Gef\u00fchl.<\/li>\n<li>Farbe: Schwarz<\/li>\n<li>Gesamtl\u00e4nge: 130 mm<\/li>\n<li>Maximaler Durchmesser: \u2205 44 mm \u2013 22 mm<\/li>\n<li>Basisdurchmesser: \u2205 64 mm<\/li>\n<li>Gewicht: 90 g<\/li>\n<\/ul>\n","protected":false},"excerpt":{"rendered":"<h4>Vierstufiger Silikon-Plug<\/h4>\n<p>Stell dir vor, wie viel Spa\u00df du mit diesem super designten, mehrfach geteilten Buttplug haben wirst, wenn er dich zu H\u00f6henfl\u00fcgen bringt, von denen du wahrscheinlich noch nicht mal wusstest, dass es sie gibt. 13 cm lang mit Saugnapf an der Basis, die das Spielen mit dir selbst \u2013 oder mit deinem Partner \u2013 zu einem echt unvergesslichen Erlebnis machen wird!<\/p>\n","protected":false},"featured_media":38578,"comment_status":"open","ping_status":"closed","template":"","meta":[],"product_brand":[],"product_cat":[139,106],"product_tag":[],"class_list":{"0":"post-38577","1":"product","2":"type-product","3":"status-publish","4":"has-post-thumbnail","6":"product_cat-plugs","7":"product_cat-neu-bei-hml","8":"product_shipping_class-paket","10":"first","11":"instock","12":"taxable","13":"shipping-taxable","14":"purchasable","15":"product-type-simple"},"_links":{"self":[{"href":"https:\/\/www.hml-fetish.de\/shop\/wp-json\/wp\/v2\/product\/38577","targetHints":{"allow":["GET"]}}],"collection":[{"href":"https:\/\/www.hml-fetish.de\/shop\/wp-json\/wp\/v2\/product"}],"about":[{"href":"https:\/\/www.hml-fetish.de\/shop\/wp-json\/wp\/v2\/types\/product"}],"replies":[{"embeddable":true,"href":"https:\/\/www.hml-fetish.de\/shop\/wp-json\/wp\/v2\/comments?post=38577"}],"version-history":[{"count":0,"href":"https:\/\/www.hml-fetish.de\/shop\/wp-json\/wp\/v2\/product\/38577\/revisions"}],"wp:featuredmedia":[{"embeddable":true,"href":"https:\/\/www.hml-fetish.de\/shop\/wp-json\/wp\/v2\/media\/38578"}],"wp:attachment":[{"href":"https:\/\/www.hml-fetish.de\/shop\/wp-json\/wp\/v2\/media?parent=38577"}],"wp:term":[{"taxonomy":"product_brand","embeddable":true,"href":"https:\/\/www.hml-fetish.de\/shop\/wp-json\/wp\/v2\/product_brand?post=38577"},{"taxonomy":"product_cat","embeddable":true,"href":"https:\/\/www.hml-fetish.de\/shop\/wp-json\/wp\/v2\/product_cat?post=38577"},{"taxonomy":"product_tag","embeddable":true,"href":"https:\/\/www.hml-fetish.de\/shop\/wp-json\/wp\/v2\/product_tag?post=38577"}],"curies":[{"name":"wp","href":"https:\/\/api.w.org\/{rel}","templated":true}]}}