{"id":38560,"date":"2025-11-13T15:45:29","date_gmt":"2025-11-13T14:45:29","guid":{"rendered":"https:\/\/www.hml-fetish.de\/shop\/?post_type=product&#038;p=38560"},"modified":"2025-11-13T15:45:31","modified_gmt":"2025-11-13T14:45:31","slug":"schlangen-dildo","status":"publish","type":"product","link":"https:\/\/www.hml-fetish.de\/shop\/schlangen-dildo\/","title":{"rendered":"Schlangen-Dildo 87 cm"},"content":{"rendered":"<p><P>Ein besonderer Silikondildo f\u00fcr sehr spezielle Spiele. Er hat die sagenhafte L\u00e4nge von 87 cm (davon 82 cm einf\u00fchrbar) und besitzt am unteren Ende einen Saugnapf. Wie viele Zentimeter kannst du nehmen? Wenn Du ihn ganz langsam und gef\u00fchlvoll einf\u00fchrst, durchdringt die colon snake nacheinander beide Schlie\u00dfmuskel und danach weit in den Dickdarm ein. Du kannst genau verfolgen, wie weit Du kommst und Du wirst \u00fcberrascht sein, wo Du seine Spitze wieder findest, wenn er ganz in Dich eingedrungen ist.<\/P><br \/>\n<P>Es gibt dieses Spielzeug aus geruchsneutralem und k\u00f6rpersicheren Silikon mit einem Durchmesser von 20 mm bis 25 mm. Seine hohe Flexibilit\u00e4t erleichtert das Einf\u00fchren. <B>Dieser Dildo setzt dennoch sehr erfahrene Spieler voraus<\/B>, die genau wissen, was man mit diesem Dekorationsartikel anfangen kann. Nur mit Gleitmitteln auf Wasserbasis kompatibel! Vor und nach jedem Gebrauch einfach mit handwarmem Wasser und einer milden antibakteriellen Seife waschen.<\/P><\/p>\n","protected":false},"excerpt":{"rendered":"<h4>Schlangen-Dildo 87 cm<\/h4>\n<p><P>Ein besonderer Dildo f\u00fcr sehr spezielle Spiele. Er hat die sagenhafte L\u00e4nge von 87 cm (davon 82 cm einf\u00fchrbar) und besitzt am unteren Ende einen Saugnapf. Wie viele Zentimeter kannst du nehmen? Wenn Du ihn ganz langsam und gef\u00fchlvoll einf\u00fchrst, durchdringt er nacheinander beide Schlie\u00dfmuskel und danach weit in den Dickdarm ein. Du kannst genau verfolgen, wie weit Du kommst und Du wirst \u00fcberrascht sein, wo Du seine Spitze wieder findest, wenn er ganz in Dich eingedrungen ist.<\/P><\/p>\n","protected":false},"featured_media":38561,"comment_status":"open","ping_status":"closed","template":"","meta":[],"product_brand":[],"product_cat":[131,106],"product_tag":[],"class_list":{"0":"post-38560","1":"product","2":"type-product","3":"status-publish","4":"has-post-thumbnail","6":"product_cat-dildos","7":"product_cat-neu-bei-hml","8":"product_shipping_class-paket","10":"first","11":"instock","12":"taxable","13":"shipping-taxable","14":"purchasable","15":"product-type-simple"},"_links":{"self":[{"href":"https:\/\/www.hml-fetish.de\/shop\/wp-json\/wp\/v2\/product\/38560","targetHints":{"allow":["GET"]}}],"collection":[{"href":"https:\/\/www.hml-fetish.de\/shop\/wp-json\/wp\/v2\/product"}],"about":[{"href":"https:\/\/www.hml-fetish.de\/shop\/wp-json\/wp\/v2\/types\/product"}],"replies":[{"embeddable":true,"href":"https:\/\/www.hml-fetish.de\/shop\/wp-json\/wp\/v2\/comments?post=38560"}],"version-history":[{"count":0,"href":"https:\/\/www.hml-fetish.de\/shop\/wp-json\/wp\/v2\/product\/38560\/revisions"}],"wp:featuredmedia":[{"embeddable":true,"href":"https:\/\/www.hml-fetish.de\/shop\/wp-json\/wp\/v2\/media\/38561"}],"wp:attachment":[{"href":"https:\/\/www.hml-fetish.de\/shop\/wp-json\/wp\/v2\/media?parent=38560"}],"wp:term":[{"taxonomy":"product_brand","embeddable":true,"href":"https:\/\/www.hml-fetish.de\/shop\/wp-json\/wp\/v2\/product_brand?post=38560"},{"taxonomy":"product_cat","embeddable":true,"href":"https:\/\/www.hml-fetish.de\/shop\/wp-json\/wp\/v2\/product_cat?post=38560"},{"taxonomy":"product_tag","embeddable":true,"href":"https:\/\/www.hml-fetish.de\/shop\/wp-json\/wp\/v2\/product_tag?post=38560"}],"curies":[{"name":"wp","href":"https:\/\/api.w.org\/{rel}","templated":true}]}}