{"id":37591,"date":"2025-06-18T18:31:29","date_gmt":"2025-06-18T16:31:29","guid":{"rendered":"https:\/\/www.hml-fetish.de\/shop\/?post_type=product&#038;p=37591"},"modified":"2025-10-22T13:31:05","modified_gmt":"2025-10-22T11:31:05","slug":"armband-mit-killer-nieten","status":"publish","type":"product","link":"https:\/\/www.hml-fetish.de\/shop\/armband-mit-killer-nieten\/","title":{"rendered":"Leder-Armband mit Killer-Nieten"},"content":{"rendered":"<p><P>Urspr\u00fcnglich stammen sie aus der Punk- und Gothic-Szene. Lange Zeit gab es sie nur als Jahrmarktsware oder gar nicht: Killer-Nieten. Mittlerweile erh\u00e4ltst Du sie wieder gelegentlich im Fachhandel f\u00fcr Mittelalterbedarf und sie sind edel geworden, nicht mehr so furchteinfl\u00f6\u00dfend wie in den Neunzigern.<\/P><br \/>\n<P>Bei uns bekommst Du eine etwas kleinere Version aus vernickeltem Messing. Wir stellen gerade eine Reihe Produkte zusammen und pr\u00e4sentieren Dir hier die ersten drei: F\u00fcrs Handgelenk, f\u00fcr den Oberarm und f\u00fcr den Hals. Unsere Killer-Nieten sind 12 mm hoch und zwar spitz, es flie\u00dft aber nicht gleich Blut, wenn Du mit dem Finger dar\u00fcberf\u00e4hrst.<\/P><br \/>\n<P>Es gibt diese ungew\u00f6hnlich schweren Teile in unseren \u00fcblichen Gr\u00f6\u00dfen (siehe unten). Du kannst sie mit Druckkn\u00f6pfen verschlie\u00dfen und verstellen. Wir fertigen jeden dieser edlen Artikel extra f\u00fcr Dich an. Jede dieser Nieten mu\u00df n\u00e4mlich einzeln und sorgf\u00e4ltig fest geh\u00e4mmert werden. Gib uns daher bitte einige Tage Zeit bis zur Lieferung (maximal eine Woche).<\/P><br \/>\n<P><img decoding=\"async\" src=\"\/GIF\/size_UA.gif\" alt=\"Gr\u00f6\u00dfentabelle\" title=\"Gr\u00f6\u00dfentabelle\" border=\"0\" height=\"189\" width=\"122\"><\/P><br \/>\n<P><B>Produktsicherheit:<\/B><BR><br \/>\nAllergiehinweis: Material Rindleder, Metallteile mit Hautkontakt sind rost- und nickelfrei<BR><br \/>\nVerantwortliche Person<BR><br \/>\nHML, Inhaber Dr. Detlef Moller<BR><br \/>\nNeukirchstra\u00dfe 18<BR><br \/>\n28215 Bremen<BR><br \/>\nDeutschland<BR><br \/>\ninfo@hml-fetish.de<\/P><\/p>\n","protected":false},"excerpt":{"rendered":"<h4>Armband mit Killer-Nieten<\/h4>\n<p><P>Urspr\u00fcnglich stammen sie aus der Punk- und Gothic-Szene. Lange Zeit gab es sie nur als Jahrmarktsware oder gar nicht: Killer-Nieten. Mittlerweile erh\u00e4ltst Du sie wieder gelegentlich im Fachhandel f\u00fcr Mittelalterbedarf und sie sind edel geworden, nicht mehr so furchteinfl\u00f6\u00dfend wie in den Neunzigern.<\/P><\/p>\n","protected":false},"featured_media":38467,"comment_status":"open","ping_status":"closed","template":"","meta":[],"product_brand":[],"product_cat":[152,106],"product_tag":[],"class_list":{"0":"post-37591","1":"product","2":"type-product","3":"status-publish","4":"has-post-thumbnail","6":"product_cat-armbaender","7":"product_cat-neu-bei-hml","8":"product_shipping_class-paket","10":"first","11":"instock","12":"taxable","13":"shipping-taxable","14":"purchasable","15":"product-type-variable"},"_links":{"self":[{"href":"https:\/\/www.hml-fetish.de\/shop\/wp-json\/wp\/v2\/product\/37591","targetHints":{"allow":["GET"]}}],"collection":[{"href":"https:\/\/www.hml-fetish.de\/shop\/wp-json\/wp\/v2\/product"}],"about":[{"href":"https:\/\/www.hml-fetish.de\/shop\/wp-json\/wp\/v2\/types\/product"}],"replies":[{"embeddable":true,"href":"https:\/\/www.hml-fetish.de\/shop\/wp-json\/wp\/v2\/comments?post=37591"}],"version-history":[{"count":0,"href":"https:\/\/www.hml-fetish.de\/shop\/wp-json\/wp\/v2\/product\/37591\/revisions"}],"wp:featuredmedia":[{"embeddable":true,"href":"https:\/\/www.hml-fetish.de\/shop\/wp-json\/wp\/v2\/media\/38467"}],"wp:attachment":[{"href":"https:\/\/www.hml-fetish.de\/shop\/wp-json\/wp\/v2\/media?parent=37591"}],"wp:term":[{"taxonomy":"product_brand","embeddable":true,"href":"https:\/\/www.hml-fetish.de\/shop\/wp-json\/wp\/v2\/product_brand?post=37591"},{"taxonomy":"product_cat","embeddable":true,"href":"https:\/\/www.hml-fetish.de\/shop\/wp-json\/wp\/v2\/product_cat?post=37591"},{"taxonomy":"product_tag","embeddable":true,"href":"https:\/\/www.hml-fetish.de\/shop\/wp-json\/wp\/v2\/product_tag?post=37591"}],"curies":[{"name":"wp","href":"https:\/\/api.w.org\/{rel}","templated":true}]}}