{"id":36779,"date":"2025-01-30T13:25:05","date_gmt":"2025-01-30T12:25:05","guid":{"rendered":"https:\/\/www.hml-fetish.de\/shop\/?post_type=product&#038;p=36779"},"modified":"2025-01-30T13:25:06","modified_gmt":"2025-01-30T12:25:06","slug":"einmal-rasierer","status":"publish","type":"product","link":"https:\/\/www.hml-fetish.de\/shop\/einmal-rasierer\/","title":{"rendered":"Einmal-Rasierer schwarz (10 St\u00fcck)"},"content":{"rendered":"<p><P>Wenn Du Dich trocken rasieren m\u00f6chtest und Dir ein Ladyshave zu teuer ist, haben wir die L\u00f6sung f\u00fcr Dich. F\u00fcr Achselhaare, Brust-, Intim- und Beinbehaarung die schnellste L\u00f6sung.<\/P><br \/>\n<P>Der einschneidige Einmalrasierer wird mit einer Schutzkappe sicher verschlossen. Dieses unsterile Produkt eignet sich hervorragend, um Haare nass oder trocken zu entfernen. Wenn ihr auf solche Spiele steht, kannst Du Deinen Partner fesseln und ihm die Augen verbinden, bevor Du ihn rasierst.<\/P><br \/>\n<P>Angaben zur Produktsicherheit:<BR><br \/>\nHersteller: UNIGLOVES\u00ae Arzt- und Klinikbedarf Handelsgesellschaft mbH | Camp-Spich-Stra\u00dfe 71 | 53842 Troisdorf-Spich<BR><br \/>\nKontakt: unigloves@unigloves.de<\/P><\/p>\n","protected":false},"excerpt":{"rendered":"<p><H4>Einmal-Rasierer, schwarz, 10 St\u00fcck<\/H4><br \/>\n<P>Wenn Du Dich trocken rasieren m\u00f6chtest und Dir ein Ladyshave zu teuer ist, haben wir die L\u00f6sung f\u00fcr Dich. F\u00fcr Achselhaare, Brust-, Intim- und Beinbehaarung die schnellste L\u00f6sung.<\/P><\/p>\n","protected":false},"featured_media":36780,"comment_status":"open","ping_status":"closed","template":"","meta":[],"product_brand":[],"product_cat":[136,130,106],"product_tag":[],"class_list":{"0":"post-36779","1":"product","2":"type-product","3":"status-publish","4":"has-post-thumbnail","6":"product_cat-klinik","7":"product_cat-cbt","8":"product_cat-neu-bei-hml","9":"product_shipping_class-paket","11":"first","12":"instock","13":"taxable","14":"shipping-taxable","15":"purchasable","16":"product-type-simple"},"_links":{"self":[{"href":"https:\/\/www.hml-fetish.de\/shop\/wp-json\/wp\/v2\/product\/36779","targetHints":{"allow":["GET"]}}],"collection":[{"href":"https:\/\/www.hml-fetish.de\/shop\/wp-json\/wp\/v2\/product"}],"about":[{"href":"https:\/\/www.hml-fetish.de\/shop\/wp-json\/wp\/v2\/types\/product"}],"replies":[{"embeddable":true,"href":"https:\/\/www.hml-fetish.de\/shop\/wp-json\/wp\/v2\/comments?post=36779"}],"version-history":[{"count":0,"href":"https:\/\/www.hml-fetish.de\/shop\/wp-json\/wp\/v2\/product\/36779\/revisions"}],"wp:featuredmedia":[{"embeddable":true,"href":"https:\/\/www.hml-fetish.de\/shop\/wp-json\/wp\/v2\/media\/36780"}],"wp:attachment":[{"href":"https:\/\/www.hml-fetish.de\/shop\/wp-json\/wp\/v2\/media?parent=36779"}],"wp:term":[{"taxonomy":"product_brand","embeddable":true,"href":"https:\/\/www.hml-fetish.de\/shop\/wp-json\/wp\/v2\/product_brand?post=36779"},{"taxonomy":"product_cat","embeddable":true,"href":"https:\/\/www.hml-fetish.de\/shop\/wp-json\/wp\/v2\/product_cat?post=36779"},{"taxonomy":"product_tag","embeddable":true,"href":"https:\/\/www.hml-fetish.de\/shop\/wp-json\/wp\/v2\/product_tag?post=36779"}],"curies":[{"name":"wp","href":"https:\/\/api.w.org\/{rel}","templated":true}]}}