{"id":36347,"date":"2024-11-30T15:32:30","date_gmt":"2024-11-30T14:32:30","guid":{"rendered":"https:\/\/www.hml-fetish.de\/shop\/?post_type=product&#038;p=36347"},"modified":"2025-01-16T15:55:53","modified_gmt":"2025-01-16T14:55:53","slug":"geldfach-stulpe","status":"publish","type":"product","link":"https:\/\/www.hml-fetish.de\/shop\/geldfach-stulpe\/","title":{"rendered":"Geldfach-Stulpe"},"content":{"rendered":"<p><P>Aufgrund vielfacher Nachfrage neu im Programm: In dieser geilen Geldfach-Stulpe aus unserer eigenen Produktion verwahrst Du auch gr\u00f6\u00dfere Geldscheine exotischer L\u00e4nder ungefaltet! Das Armband ist fette 16 cm breit und konisch gearbeitet, pa\u00dft sich also der Form Deines Unterarmes an.<\/P><br \/>\n<P>Diese Handgelenk-B\u00f6rse ist gefertigt aus d\u00fcnnem, aber belastbarem Rindnappaleder und auf der Innenseite <B>mit Rindnappa gef\u00fcttert!<\/B> So haben die vier rostfreien Druckkn\u00f6pfe keinen Hautkontakt und Du hast auf Deiner Haut ein unvergleichlich weiches Ledergef\u00fchl. Insgesamt etwa 3 mm dick.<\/P><br \/>\n<P><img decoding=\"async\" src=\"\/GIF\/size_UA.gif\" alt=\"Gr\u00f6\u00dfentabelle\" title=\"Gr\u00f6\u00dfentabelle\" border=\"0\" height=\"189\" width=\"122\"><\/P><br \/>\n<P><B>Produktsicherheit:<\/B><BR><br \/>\nAllergiehinweis: Material Rindleder, Metallteile mit Hautkontakt sind rost- und nickelfrei<BR><br \/>\nVerantwortliche Person<BR><br \/>\nHML, Inhaber Dr. Detlef Moller<BR><br \/>\nNeukirchstra\u00dfe 18<BR><br \/>\n28215 Bremen<BR><br \/>\nDeutschland<BR><br \/>\ninfo@hml-fetish.de<\/P><\/p>\n","protected":false},"excerpt":{"rendered":"<h4>Geldfach-Stulpe<\/h4>\n<p><P>Aufgrund vielfacher Nachfrage neu im Programm: In dieser geilen Geldfachstulpe aus unserer eigenen Produktion verwahrst Du auch gr\u00f6\u00dfere Geldscheine exotischer L\u00e4nder ungefaltet! Das Armband ist fette 16 cm breit und konisch gearbeitet, pa\u00dft sich also der Form Deines Unterarmes an.<\/P><\/p>\n","protected":false},"featured_media":36362,"comment_status":"open","ping_status":"closed","template":"","meta":[],"product_brand":[],"product_cat":[152,151,106],"product_tag":[4398],"class_list":{"0":"post-36347","1":"product","2":"type-product","3":"status-publish","4":"has-post-thumbnail","6":"product_cat-armbaender","7":"product_cat-accessoires-2","8":"product_cat-neu-bei-hml","9":"product_tag-hml-fetish-original","10":"product_shipping_class-brief","12":"first","13":"instock","14":"taxable","15":"shipping-taxable","16":"purchasable","17":"product-type-variable"},"_links":{"self":[{"href":"https:\/\/www.hml-fetish.de\/shop\/wp-json\/wp\/v2\/product\/36347","targetHints":{"allow":["GET"]}}],"collection":[{"href":"https:\/\/www.hml-fetish.de\/shop\/wp-json\/wp\/v2\/product"}],"about":[{"href":"https:\/\/www.hml-fetish.de\/shop\/wp-json\/wp\/v2\/types\/product"}],"replies":[{"embeddable":true,"href":"https:\/\/www.hml-fetish.de\/shop\/wp-json\/wp\/v2\/comments?post=36347"}],"version-history":[{"count":0,"href":"https:\/\/www.hml-fetish.de\/shop\/wp-json\/wp\/v2\/product\/36347\/revisions"}],"wp:featuredmedia":[{"embeddable":true,"href":"https:\/\/www.hml-fetish.de\/shop\/wp-json\/wp\/v2\/media\/36362"}],"wp:attachment":[{"href":"https:\/\/www.hml-fetish.de\/shop\/wp-json\/wp\/v2\/media?parent=36347"}],"wp:term":[{"taxonomy":"product_brand","embeddable":true,"href":"https:\/\/www.hml-fetish.de\/shop\/wp-json\/wp\/v2\/product_brand?post=36347"},{"taxonomy":"product_cat","embeddable":true,"href":"https:\/\/www.hml-fetish.de\/shop\/wp-json\/wp\/v2\/product_cat?post=36347"},{"taxonomy":"product_tag","embeddable":true,"href":"https:\/\/www.hml-fetish.de\/shop\/wp-json\/wp\/v2\/product_tag?post=36347"}],"curies":[{"name":"wp","href":"https:\/\/api.w.org\/{rel}","templated":true}]}}