{"id":36163,"date":"2024-10-16T17:05:41","date_gmt":"2024-10-16T15:05:41","guid":{"rendered":"https:\/\/www.hml-fetish.de\/shop\/?post_type=product&#038;p=36163"},"modified":"2024-10-16T17:12:48","modified_gmt":"2024-10-16T15:12:48","slug":"analkugeln-aus-gummi-60-mm","status":"publish","type":"product","link":"https:\/\/www.hml-fetish.de\/shop\/analkugeln-aus-gummi-60-mm\/","title":{"rendered":"Analkugeln aus Gummi 60 mm"},"content":{"rendered":"<p>Schwarze, 60 mm dicke Vollgummib\u00e4lle mit einer stabilen Gummikordel verbunden. Vier Kugeln mit jeweils gleichem Durchmesser. Das Gef\u00fchl, eine Kugel nach der anderen einzuf\u00fchren, den zunehmenden Druck zu sp\u00fcren \u2013 und sp\u00e4ter dann das Herausziehen, eine langsam nach der anderen\u2026 Erz\u00e4hle uns hinterher nicht, Du h\u00e4ttest \u00e4hnliches schon einmal erlebt!<\/p>\n","protected":false},"excerpt":{"rendered":"<h4>Analkugeln aus Gummi<\/h4>\n<p>Schwarze Vollgummib\u00e4lle mit einer stabilen Gummikordel verbunden. Vier Kugeln mit jeweils gleichem Durchmesser. Das Gef\u00fchl, eine Kugel nach der anderen einzuf\u00fchren, den zunehmenden Druck zu sp\u00fcren \u2013 und sp\u00e4ter dann das Herausziehen, eine langsam nach der anderen\u2026 Erz\u00e4hle uns hinterher nicht, Du h\u00e4ttest \u00e4hnliches schon einmal erlebt!<\/p>\n","protected":false},"featured_media":27030,"comment_status":"open","ping_status":"closed","template":"","meta":[],"product_brand":[],"product_cat":[139,108,135],"product_tag":[4368],"class_list":{"0":"post-36163","1":"product","2":"type-product","3":"status-publish","4":"has-post-thumbnail","6":"product_cat-plugs","7":"product_cat-restposten-einzelstuecke","8":"product_cat-toys","9":"product_tag-bestseller-toys-bdsm","10":"product_shipping_class-paket","12":"first","13":"instock","14":"taxable","15":"shipping-taxable","16":"purchasable","17":"product-type-simple"},"_links":{"self":[{"href":"https:\/\/www.hml-fetish.de\/shop\/wp-json\/wp\/v2\/product\/36163","targetHints":{"allow":["GET"]}}],"collection":[{"href":"https:\/\/www.hml-fetish.de\/shop\/wp-json\/wp\/v2\/product"}],"about":[{"href":"https:\/\/www.hml-fetish.de\/shop\/wp-json\/wp\/v2\/types\/product"}],"replies":[{"embeddable":true,"href":"https:\/\/www.hml-fetish.de\/shop\/wp-json\/wp\/v2\/comments?post=36163"}],"version-history":[{"count":0,"href":"https:\/\/www.hml-fetish.de\/shop\/wp-json\/wp\/v2\/product\/36163\/revisions"}],"wp:featuredmedia":[{"embeddable":true,"href":"https:\/\/www.hml-fetish.de\/shop\/wp-json\/wp\/v2\/media\/27030"}],"wp:attachment":[{"href":"https:\/\/www.hml-fetish.de\/shop\/wp-json\/wp\/v2\/media?parent=36163"}],"wp:term":[{"taxonomy":"product_brand","embeddable":true,"href":"https:\/\/www.hml-fetish.de\/shop\/wp-json\/wp\/v2\/product_brand?post=36163"},{"taxonomy":"product_cat","embeddable":true,"href":"https:\/\/www.hml-fetish.de\/shop\/wp-json\/wp\/v2\/product_cat?post=36163"},{"taxonomy":"product_tag","embeddable":true,"href":"https:\/\/www.hml-fetish.de\/shop\/wp-json\/wp\/v2\/product_tag?post=36163"}],"curies":[{"name":"wp","href":"https:\/\/api.w.org\/{rel}","templated":true}]}}