{"id":35921,"date":"2024-07-31T17:16:47","date_gmt":"2024-07-31T15:16:47","guid":{"rendered":"https:\/\/www.hml-fetish.de\/shop\/?post_type=product&#038;p=35921"},"modified":"2025-12-24T11:53:12","modified_gmt":"2025-12-24T10:53:12","slug":"mike-gorden-neutronenreiter-print","status":"publish","type":"product","link":"https:\/\/www.hml-fetish.de\/shop\/mike-gorden-neutronenreiter-print\/","title":{"rendered":"Mike Gorden: Neutronenreiter &#8211; Mo\u00edra-Zyklus Teil 3 (Print)"},"content":{"rendered":"<div>\n<h2>Der Mo\u00edra-Zyklus: Queer Sci-Fi<\/h2>\n<p><P>Die ersten beiden Romane der Reihe \u00bb<a href=\"https:\/\/www.hml-fetish.de\/shop\/das-universum-im-tautropfen\/\" title=\"Gefahr von der anderen Seite \u2013 Das Universum im Tautropfen\">Gefahr von der anderen Seite \u2013 Das Universum im Tautropfen<\/a>\u00ab und <a href=\"https:\/\/www.hml-fetish.de\/shop\/mike-gorden-der-gefrorene-urknall\/\" title=\"Der gefrorene Urknall\">\u00bbDer gefrorene Urknall\u00ab<\/a> finden mit \u00bbNeutronenreiter\u00ab auf 880 Buchseiten ein episches und durchweg spannendes Ende. Vorerst.<\/P><\/p>\n<h2>Klappentext von Neutronenreiter:<\/h2>\n<div id=\"blurb\" class=\"break-word\">\n<P>Eine Serie r\u00e4tselhafter Ereignisse ersch\u00fcttert die Grundfesten der Realit\u00e4t, \u00e4hnlich der Massenhysterie, die einst die offene Dimensionspforte im CERN verursachte. Doch diesmal ist die Bedrohung unvorstellbar, denn sie gef\u00e4hrdet das gesamte Leben auf unserem Planeten.<\/P><br \/>\n<P>Inmitten dieses Chaos\u2019 begibt sich der Journalist Mike Peters auf die Suche nach der Wahrheit, doch ein gef\u00e4hrlicher Gegenspieler tritt pl\u00f6tzlich auf dem Plan. Mit gnadenloser Entschlossenheit versucht er, Mike und sein Magazin zum Schweigen zu bringen.<\/P><br \/>\n<P>Auf der Flucht vor diesem unbekannten Feind findet Mike unerwartet Zuflucht in der sibirischen Taiga. Er betritt das Reich eines russischen Oligarchen, der mit eigenen D\u00e4monen k\u00e4mpft. Doch auch hier geschieht das Unerkl\u00e4rliche: Mikes hellsichtige Tr\u00e4ume, Maurice\u2019 au\u00dfergew\u00f6hnlicher Geruchssinn und Paolos einzigartige Empathie f\u00fchren sie auf einen Pfad, der ihre k\u00fchnsten Vorstellungen \u00fcbertrifft.<\/P><br \/>\n<P>Gemeinsam bilden unsere ungew\u00f6hnlichen Helden ein Trio, das nicht nur um das eigene \u00dcberleben k\u00e4mpft, sondern um die Zukunft der gesamten Menschheit!<\/P><br \/>\n<P><strong>Darum geht es:<\/strong><\/P><br \/>\n<P>Mike Peters lebt in Paris und ist Redakteur in einem popul\u00e4rwissenschaftlichen Verlag. Er forscht dem pl\u00f6tzlichen Verschwinden eines Professors hinterher. Er findet ihn, aber das hat seinen Preis. Er erregt die Aufmerksamkeit von Leuten, denen man sonst lieber aus dem Wege geht. Sein bester Freund wird ermordet und er selbst entgeht nur knapp einem Anschlag.<\/P><br \/>\n<P>Maurice Belloumi stammt aus den Banlieues und arbeitet bei der Pariser Mordkommission. Er wird abgestellt, um Mike Peters zu besch\u00fctzen. Es macht Spa\u00df, den beiden so verschiedenen Pers\u00f6nlichkeiten zuzusehen, wie sie sich im Zuge der Ermittlungen zusammenraufen und die Verschw\u00f6rung hinter dem Mord aufdecken.<\/P><br \/>\n<P>Doch das ist nur der Auftakt eines gro\u00dfen Abenteuers. In den Hauptb\u00e4nden der Reihe \u00bbGefahr von der anderen Seite\u00ab, \u00bbDer gefrorene Urknall\u00ab und \u00bbNeutronenreiter\u00ab (erscheint 01.10.2024) m\u00fcssen sich die beiden und ihre Freunde auch mit dem besch\u00e4ftigen, was der verschwundene Professor entdeckt hat:<\/P><br \/>\n<P>Die Gesetze, die unser Universum und unsere Existenz beschreiben, sind n\u00e4mlich unvollst\u00e4ndig. Eine Anomalie, die sich deshalb bei einem fehlgeschlagenen Experiment am gro\u00dfen Teilchenbeschleuniger CERN gebildet hat, verbindet unsere Welt von nun an mit einem Paralleluniversum, in dem alles aus Antimaterie besteht.<\/P><br \/>\n<P>Das geht nicht lange gut, denn es gibt Personen, die diese Dimensionspforte kontrollieren und f\u00fcr ihre Zwecke ausbeuten wollen. Sie bleiben viel zu lange unentdeckt. Welche Rolle dabei \u00bbMo\u00edra\u00ab spielt, eine der Organisationen, mit denen sich Mike und Maurice auseinandersetzen m\u00fcssen, das bleibt ebenfalls lange im Dunkeln.<\/P><br \/>\n<P>Weitere Einzelheiten und eine Leseprobe findest Du hier: <a href=\"https:\/\/www.mikegorden.de\/web\/mein-werk\/neutronenreiter\/\" target=\"_blank\" rel=\"noopener\">https:\/\/www.mikegorden.de\/web\/mein-werk\/neutronenreiter\/<\/a><\/P><br \/>\n<P><a href=\"https:\/\/www.hml-verlag.de\/\" target=\"_blank\" rel=\"noopener\">HML Verlag<\/a> 10.2024<BR\/><br \/>\nFormat: Print<BR\/><br \/>\nSprache: Deutsch<BR\/><br \/>\n880 Seiten<BR\/><br \/>\nISBN 978-3-96851-027-9<\/P><br \/>\n<P><B>Produktsicherheit:<\/B><BR><br \/>\nVerantwortliche Person<BR><br \/>\nHML, Inhaber Dr. Detlef Moller<BR><br \/>\nNeukirchstra\u00dfe 18<BR><br \/>\n28215 Bremen<BR><br \/>\nDeutschland<BR><br \/>\ninfo@hml-fetish.de<\/P>\n<\/div>\n","protected":false},"excerpt":{"rendered":"<h4>Mike Gorden: Neutronenreiter<\/h4>\n<p><P>Die ersten beiden Romane der Reihe \u00bb<a href=\"https:\/\/www.hml-fetish.de\/shop\/das-universum-im-tautropfen\/\" title=\"Gefahr von der anderen Seite \u2013 Das Universum im Tautropfen\">Gefahr von der anderen Seite \u2013 Das Universum im Tautropfen<\/a>\u00ab und <a href=\"https:\/\/www.hml-fetish.de\/shop\/mike-gorden-der-gefrorene-urknall\/\" title=\"Der gefrorene Urknall\">\u00bbDer gefrorene Urknall\u00ab<\/a> finden mit \u00bbNeutronenreiter\u00ab auf 880 Buchseiten ein episches und durchweg spannendes Ende. Vorerst.<\/P><br \/>\n<P><B>Bestelle B\u00fccher versandkostenfrei mit dem Gutscheincode &#8220;versandkostenfrei-b\u00fccher&#8221;!<\/B><\/P><\/p>\n","protected":false},"featured_media":35924,"comment_status":"open","ping_status":"closed","template":"","meta":[],"product_brand":[],"product_cat":[109,95,124,106],"product_tag":[],"class_list":{"0":"post-35921","1":"product","2":"type-product","3":"status-publish","4":"has-post-thumbnail","6":"product_cat-autorenecke-mike-gorden","7":"product_cat-bestseller","8":"product_cat-buecher-kalender","9":"product_cat-neu-bei-hml","10":"product_shipping_class-paket","12":"first","13":"instock","14":"taxable","15":"shipping-taxable","16":"purchasable","17":"product-type-variable"},"_links":{"self":[{"href":"https:\/\/www.hml-fetish.de\/shop\/wp-json\/wp\/v2\/product\/35921","targetHints":{"allow":["GET"]}}],"collection":[{"href":"https:\/\/www.hml-fetish.de\/shop\/wp-json\/wp\/v2\/product"}],"about":[{"href":"https:\/\/www.hml-fetish.de\/shop\/wp-json\/wp\/v2\/types\/product"}],"replies":[{"embeddable":true,"href":"https:\/\/www.hml-fetish.de\/shop\/wp-json\/wp\/v2\/comments?post=35921"}],"version-history":[{"count":0,"href":"https:\/\/www.hml-fetish.de\/shop\/wp-json\/wp\/v2\/product\/35921\/revisions"}],"wp:featuredmedia":[{"embeddable":true,"href":"https:\/\/www.hml-fetish.de\/shop\/wp-json\/wp\/v2\/media\/35924"}],"wp:attachment":[{"href":"https:\/\/www.hml-fetish.de\/shop\/wp-json\/wp\/v2\/media?parent=35921"}],"wp:term":[{"taxonomy":"product_brand","embeddable":true,"href":"https:\/\/www.hml-fetish.de\/shop\/wp-json\/wp\/v2\/product_brand?post=35921"},{"taxonomy":"product_cat","embeddable":true,"href":"https:\/\/www.hml-fetish.de\/shop\/wp-json\/wp\/v2\/product_cat?post=35921"},{"taxonomy":"product_tag","embeddable":true,"href":"https:\/\/www.hml-fetish.de\/shop\/wp-json\/wp\/v2\/product_tag?post=35921"}],"curies":[{"name":"wp","href":"https:\/\/api.w.org\/{rel}","templated":true}]}}