{"id":35593,"date":"2024-04-12T13:56:08","date_gmt":"2024-04-12T11:56:08","guid":{"rendered":"https:\/\/www.hml-fetish.de\/shop\/?post_type=product&#038;p=35593"},"modified":"2026-02-10T17:36:27","modified_gmt":"2026-02-10T16:36:27","slug":"umschnalldildo","status":"publish","type":"product","link":"https:\/\/www.hml-fetish.de\/shop\/umschnalldildo\/","title":{"rendered":"Umschnalldildo"},"content":{"rendered":"<p><P>Sich einen Schwanz umzuschnallen war noch nie so einfach: Stabile, verstellbare Textilgurte verankern eine eingefa\u00dfte Platte aus Kunstleder, in der ein etwa 15 cm langer Dildo aus pflegeleichtem Silikon eingebaut ist. Dehne Deinen Partner, egal ob Mann oder Frau, bis zum Maximum \u2013 und die nach oben gerichtete Kr\u00fcmmung des Dildos sorgt f\u00fcr den zus\u00e4tzlichen Pep! Verstellbare B\u00e4nder machen dieses Sexspielzeug zu einer Universalgr\u00f6\u00dfe!<\/P><br \/>\n<P>Wir befriedigen gerne Deinen Bedarf und haben dieses Produkt auf vielfachen Wunsch einzelner Damen und Herren(!) in unser Programm aufgenommen.<\/P><\/p>\n","protected":false},"excerpt":{"rendered":"<p><P>Sich einen Schwanz umzuschnallen war noch nie so einfach: Stabile, verstellbare Textilgurte verankern eine eingefa\u00dfte Platte aus Kunstleder, in der ein etwa 15 cm langer Dildo aus pflegeleichtem Silikon eingebaut ist. Dehne Deinen Partner, egal ob Mann oder Frau, bis zum Maximum \u2013 und die nach oben gerichtete Kr\u00fcmmung des Dildos sorgt f\u00fcr den zus\u00e4tzlichen Pep! Verstellbare B\u00e4nder machen dieses Sexspielzeug zu einer Universalgr\u00f6\u00dfe!<\/P><\/p>\n","protected":false},"featured_media":35583,"comment_status":"open","ping_status":"closed","template":"","meta":[],"product_brand":[],"product_cat":[131,108,119],"product_tag":[],"class_list":{"0":"post-35593","1":"product","2":"type-product","3":"status-publish","4":"has-post-thumbnail","6":"product_cat-dildos","7":"product_cat-restposten-einzelstuecke","8":"product_cat-supporter","9":"product_shipping_class-paket","11":"first","12":"instock","13":"sale","14":"taxable","15":"shipping-taxable","16":"purchasable","17":"product-type-simple"},"_links":{"self":[{"href":"https:\/\/www.hml-fetish.de\/shop\/wp-json\/wp\/v2\/product\/35593","targetHints":{"allow":["GET"]}}],"collection":[{"href":"https:\/\/www.hml-fetish.de\/shop\/wp-json\/wp\/v2\/product"}],"about":[{"href":"https:\/\/www.hml-fetish.de\/shop\/wp-json\/wp\/v2\/types\/product"}],"replies":[{"embeddable":true,"href":"https:\/\/www.hml-fetish.de\/shop\/wp-json\/wp\/v2\/comments?post=35593"}],"version-history":[{"count":0,"href":"https:\/\/www.hml-fetish.de\/shop\/wp-json\/wp\/v2\/product\/35593\/revisions"}],"wp:featuredmedia":[{"embeddable":true,"href":"https:\/\/www.hml-fetish.de\/shop\/wp-json\/wp\/v2\/media\/35583"}],"wp:attachment":[{"href":"https:\/\/www.hml-fetish.de\/shop\/wp-json\/wp\/v2\/media?parent=35593"}],"wp:term":[{"taxonomy":"product_brand","embeddable":true,"href":"https:\/\/www.hml-fetish.de\/shop\/wp-json\/wp\/v2\/product_brand?post=35593"},{"taxonomy":"product_cat","embeddable":true,"href":"https:\/\/www.hml-fetish.de\/shop\/wp-json\/wp\/v2\/product_cat?post=35593"},{"taxonomy":"product_tag","embeddable":true,"href":"https:\/\/www.hml-fetish.de\/shop\/wp-json\/wp\/v2\/product_tag?post=35593"}],"curies":[{"name":"wp","href":"https:\/\/api.w.org\/{rel}","templated":true}]}}