{"id":35547,"date":"2024-04-11T18:14:44","date_gmt":"2024-04-11T16:14:44","guid":{"rendered":"https:\/\/www.hml-fetish.de\/shop\/?post_type=product&#038;p=35547"},"modified":"2024-04-11T18:17:53","modified_gmt":"2024-04-11T16:17:53","slug":"analkette-mit-cockring","status":"publish","type":"product","link":"https:\/\/www.hml-fetish.de\/shop\/analkette-mit-cockring\/","title":{"rendered":"Analkette mit Cockring"},"content":{"rendered":"<p><P>Diese Analkette mit Cockring aus konischen B\u00e4llen besteht aus weichem und hygienischen Silikon. Drei Kugeln mit jeweils gleichem Durchmesser von 44 mm. Gesamtl\u00e4nge 255 mm und gut 200 Gramm Gewicht. Die Halteschlaufe am Ende macht sich besonders elegant als Cockring um Deinen Pr\u00fcgel. Das Gef\u00fchl, eine Kugel nach der anderen einzuf\u00fchren, den zunehmenden Druck zu sp\u00fcren, und sp\u00e4ter dann das Herausziehen, eine langsam nach der anderen \u2026 Erz\u00e4hle uns hinterher nicht, Du h\u00e4ttest \u00c4hnliches schon einmal erlebt!<\/P><\/p>\n","protected":false},"excerpt":{"rendered":"<h4>Analkette mit Cockring<\/h4>\n<p><P>Diese Kette aus konischen B\u00e4llen besteht aus weichem und hygienischen Silikon. Drei Kugeln mit jeweils gleichem Durchmesser. Die Halteschlaufe am Ende macht sich besonders elegant als Cockring um Deinen Pr\u00fcgel. Das Gef\u00fchl, eine Kugel nach der anderen einzuf\u00fchren, den zunehmenden Druck zu sp\u00fcren, und sp\u00e4ter dann das Herausziehen, eine langsam nach der anderen \u2026 Erz\u00e4hle uns hinterher nicht, Du h\u00e4ttest \u00c4hnliches schon einmal erlebt!<\/P><\/p>\n","protected":false},"featured_media":35548,"comment_status":"open","ping_status":"closed","template":"","meta":[],"product_brand":[],"product_cat":[139,167,106],"product_tag":[],"class_list":{"0":"post-35547","1":"product","2":"type-product","3":"status-publish","4":"has-post-thumbnail","6":"product_cat-plugs","7":"product_cat-cockringe","8":"product_cat-neu-bei-hml","9":"product_shipping_class-paket","11":"first","12":"instock","13":"taxable","14":"shipping-taxable","15":"purchasable","16":"product-type-simple"},"_links":{"self":[{"href":"https:\/\/www.hml-fetish.de\/shop\/wp-json\/wp\/v2\/product\/35547","targetHints":{"allow":["GET"]}}],"collection":[{"href":"https:\/\/www.hml-fetish.de\/shop\/wp-json\/wp\/v2\/product"}],"about":[{"href":"https:\/\/www.hml-fetish.de\/shop\/wp-json\/wp\/v2\/types\/product"}],"replies":[{"embeddable":true,"href":"https:\/\/www.hml-fetish.de\/shop\/wp-json\/wp\/v2\/comments?post=35547"}],"version-history":[{"count":0,"href":"https:\/\/www.hml-fetish.de\/shop\/wp-json\/wp\/v2\/product\/35547\/revisions"}],"wp:featuredmedia":[{"embeddable":true,"href":"https:\/\/www.hml-fetish.de\/shop\/wp-json\/wp\/v2\/media\/35548"}],"wp:attachment":[{"href":"https:\/\/www.hml-fetish.de\/shop\/wp-json\/wp\/v2\/media?parent=35547"}],"wp:term":[{"taxonomy":"product_brand","embeddable":true,"href":"https:\/\/www.hml-fetish.de\/shop\/wp-json\/wp\/v2\/product_brand?post=35547"},{"taxonomy":"product_cat","embeddable":true,"href":"https:\/\/www.hml-fetish.de\/shop\/wp-json\/wp\/v2\/product_cat?post=35547"},{"taxonomy":"product_tag","embeddable":true,"href":"https:\/\/www.hml-fetish.de\/shop\/wp-json\/wp\/v2\/product_tag?post=35547"}],"curies":[{"name":"wp","href":"https:\/\/api.w.org\/{rel}","templated":true}]}}