{"id":35492,"date":"2024-04-10T16:35:54","date_gmt":"2024-04-10T14:35:54","guid":{"rendered":"https:\/\/www.hml-fetish.de\/shop\/?post_type=product&#038;p=35492"},"modified":"2026-05-04T15:22:28","modified_gmt":"2026-05-04T13:22:28","slug":"keuschheitsgeschirr","status":"publish","type":"product","link":"https:\/\/www.hml-fetish.de\/shop\/keuschheitsgeschirr\/","title":{"rendered":"Keuschheitsgeschirr"},"content":{"rendered":"<p><P>Eine neue Konstruktion aus Edelstahlringen geschwei\u00dft: einmal angelegt und mit dem beiliegenden Vorh\u00e4ngeschlo\u00df versiegelt, kann das Keuschheitsgeschirr nur vom Besitzer des Schl\u00fcssels wieder ge\u00f6ffnet werden. Wichsen ist in dieser Konstruktion unm\u00f6glich und jeder Hauch einer Erektion macht sich sofort derart unangenehm bemerkbar, da\u00df die Enthaltsamkeit des Tr\u00e4gers garantiert ist. Da diese Keuschheitsschelle rostfrei gearbeitet ist, ist Duschen und Hygiene \u00fcber viele Tage kein Problem. Nur den Metalldetektor am Flughafen solltest Du besser meiden.<\/P><br \/>\n<P>Das Geschirr selbst ist besonders klein gearbeitet &#8211; nur etwa 9,6 cm Gesamtl\u00e4nge mit wahlweise einem 45 mm oder einem 50 mm Cockring. Die angeschwei\u00dften Ringe des K\u00e4figs messen lediglich 38 mm bis 40 mm Innendurchmesser und die gesamte Konstruktion wiegt nur etwa 200 Gramm. Du kannst das Ger\u00e4t daher relativ unauff\u00e4llig unter einer nicht zu engen Hose tragen.<\/P><\/p>\n","protected":false},"excerpt":{"rendered":"<h4>Keuschheitsgeschirr<\/h4>\n<p><P>Das Geschirr selbst ist besonders klein gearbeitet &#8211; nur etwa 9,6 cm Gesamtl\u00e4nge mit wahlweise einem 50 mm Cockring. Die angeschwei\u00dften Ringe des K\u00e4figs messen lediglich 38 mm bis 40 mm Innendurchmesser und die gesamte Konstruktion wiegt nur etwa 200 Gramm. Du kannst das Ger\u00e4t daher relativ unauff\u00e4llig unter einer nicht zu engen Hose tragen.<\/P><\/p>\n","protected":false},"featured_media":35493,"comment_status":"open","ping_status":"closed","template":"","meta":[],"product_brand":[],"product_cat":[167,142,108],"product_tag":[],"class_list":{"0":"post-35492","1":"product","2":"type-product","3":"status-publish","4":"has-post-thumbnail","6":"product_cat-cockringe","7":"product_cat-keuschheit","8":"product_cat-restposten-einzelstuecke","9":"product_shipping_class-paket","11":"first","12":"instock","13":"taxable","14":"shipping-taxable","15":"purchasable","16":"product-type-variable"},"_links":{"self":[{"href":"https:\/\/www.hml-fetish.de\/shop\/wp-json\/wp\/v2\/product\/35492","targetHints":{"allow":["GET"]}}],"collection":[{"href":"https:\/\/www.hml-fetish.de\/shop\/wp-json\/wp\/v2\/product"}],"about":[{"href":"https:\/\/www.hml-fetish.de\/shop\/wp-json\/wp\/v2\/types\/product"}],"replies":[{"embeddable":true,"href":"https:\/\/www.hml-fetish.de\/shop\/wp-json\/wp\/v2\/comments?post=35492"}],"version-history":[{"count":2,"href":"https:\/\/www.hml-fetish.de\/shop\/wp-json\/wp\/v2\/product\/35492\/revisions"}],"predecessor-version":[{"id":39887,"href":"https:\/\/www.hml-fetish.de\/shop\/wp-json\/wp\/v2\/product\/35492\/revisions\/39887"}],"wp:featuredmedia":[{"embeddable":true,"href":"https:\/\/www.hml-fetish.de\/shop\/wp-json\/wp\/v2\/media\/35493"}],"wp:attachment":[{"href":"https:\/\/www.hml-fetish.de\/shop\/wp-json\/wp\/v2\/media?parent=35492"}],"wp:term":[{"taxonomy":"product_brand","embeddable":true,"href":"https:\/\/www.hml-fetish.de\/shop\/wp-json\/wp\/v2\/product_brand?post=35492"},{"taxonomy":"product_cat","embeddable":true,"href":"https:\/\/www.hml-fetish.de\/shop\/wp-json\/wp\/v2\/product_cat?post=35492"},{"taxonomy":"product_tag","embeddable":true,"href":"https:\/\/www.hml-fetish.de\/shop\/wp-json\/wp\/v2\/product_tag?post=35492"}],"curies":[{"name":"wp","href":"https:\/\/api.w.org\/{rel}","templated":true}]}}