{"id":35115,"date":"2024-01-26T14:01:11","date_gmt":"2024-01-26T13:01:11","guid":{"rendered":"https:\/\/www.hml-fetish.de\/shop\/?post_type=product&#038;p=35115"},"modified":"2026-02-10T17:33:10","modified_gmt":"2026-02-10T16:33:10","slug":"atemreduzierer","status":"publish","type":"product","link":"https:\/\/www.hml-fetish.de\/shop\/atemreduzierer\/","title":{"rendered":"Atemreduzierer"},"content":{"rendered":"<p><P>Dieser Gasmasken-Atemreduzierer verringert die Lufteinlass\u00f6ffnung Deiner Gasmaske. Er ist einfach, aber sehr effektiv und erh\u00f6ht den Atemwiderstand und die Spannung des Atemspiels. Er hat ein standardm\u00e4\u00dfiges M40-Gasmaskengewinde und ist aus robustem schwarzem ABS-Kunststoff gefertigt. Das steigert den Nervenkitzel Deines erotischen Gasmasken-Spiels enorm!<\/P><br \/>\n<P>Das spannende Spielzeug reduziert die \u00d6ffnung des Lufteinlasses Deiner Gasmaske auf nur 6 mm, was den Atemwiderstand erh\u00f6ht. Die Notwendigkeit, h\u00e4rter und l\u00e4nger arbeiten zu m\u00fcssen, um Luft zu bekommen, erh\u00f6ht die Spannung und Aufregung beim Breath-Controlspiel enorm. Au\u00dferdem ist es jetzt viel einfacher f\u00fcr den Top, die Luftzufuhr komplett abzuschneiden &#8211; lege einfach einen Finger auf das Loch!<\/P><br \/>\n<P>Gasmasken und Atemspiele sind hei\u00df und aufregend, und mit diesem kleinen Spielzeug kannst Du es ganz einfach noch sch\u00e4rfermachen! Aber wie bei allen Atemspielzeugen ist das Solo-Atemspiel ein bekannter Killer in der Kink-Szene. <B>Spiele niemals allein und lasse NIEMALS Deinen Sub unbeaufsichtigt, nicht einmal f\u00fcr eine Minute!<\/B> Dieser Gasmasken-Atemreduzierer ist aus schwarzem ABS-Kunststoff gefertigt und hat ein Standard-M40-Gasmaskenschlauchgewinde.<\/P><\/p>\n","protected":false},"excerpt":{"rendered":"<h4>Atemreduzierer<\/h4>\n<p>Dieser Gasmasken-Atemreduzierer verringert die Lufteinlass\u00f6ffnung Deiner Gasmaske. Er ist einfach, aber sehr effektiv und erh\u00f6ht den Atemwiderstand und die Spannung des Atemspiels. Er hat ein standardm\u00e4\u00dfiges M40-Gasmaskengewinde und ist aus robustem schwarzem ABS-Kunststoff gefertigt. Das steigert den Nervenkitzel Deines erotischen Gasmasken-Spiels enorm!<\/p>\n","protected":false},"featured_media":35116,"comment_status":"open","ping_status":"closed","template":"","meta":[],"product_brand":[],"product_cat":[138],"product_tag":[4418],"class_list":{"0":"post-35115","1":"product","2":"type-product","3":"status-publish","4":"has-post-thumbnail","6":"product_cat-masken-etc","7":"product_tag-breath-control","8":"product_shipping_class-paket","10":"first","11":"instock","12":"taxable","13":"shipping-taxable","14":"purchasable","15":"product-type-simple"},"_links":{"self":[{"href":"https:\/\/www.hml-fetish.de\/shop\/wp-json\/wp\/v2\/product\/35115","targetHints":{"allow":["GET"]}}],"collection":[{"href":"https:\/\/www.hml-fetish.de\/shop\/wp-json\/wp\/v2\/product"}],"about":[{"href":"https:\/\/www.hml-fetish.de\/shop\/wp-json\/wp\/v2\/types\/product"}],"replies":[{"embeddable":true,"href":"https:\/\/www.hml-fetish.de\/shop\/wp-json\/wp\/v2\/comments?post=35115"}],"version-history":[{"count":0,"href":"https:\/\/www.hml-fetish.de\/shop\/wp-json\/wp\/v2\/product\/35115\/revisions"}],"wp:featuredmedia":[{"embeddable":true,"href":"https:\/\/www.hml-fetish.de\/shop\/wp-json\/wp\/v2\/media\/35116"}],"wp:attachment":[{"href":"https:\/\/www.hml-fetish.de\/shop\/wp-json\/wp\/v2\/media?parent=35115"}],"wp:term":[{"taxonomy":"product_brand","embeddable":true,"href":"https:\/\/www.hml-fetish.de\/shop\/wp-json\/wp\/v2\/product_brand?post=35115"},{"taxonomy":"product_cat","embeddable":true,"href":"https:\/\/www.hml-fetish.de\/shop\/wp-json\/wp\/v2\/product_cat?post=35115"},{"taxonomy":"product_tag","embeddable":true,"href":"https:\/\/www.hml-fetish.de\/shop\/wp-json\/wp\/v2\/product_tag?post=35115"}],"curies":[{"name":"wp","href":"https:\/\/api.w.org\/{rel}","templated":true}]}}