{"id":33825,"date":"2023-03-02T12:57:53","date_gmt":"2023-03-02T11:57:53","guid":{"rendered":"https:\/\/www.hml-fetish.de\/shop\/?post_type=product&#038;p=33825"},"modified":"2026-02-10T17:32:42","modified_gmt":"2026-02-10T16:32:42","slug":"ballon-katheter","status":"publish","type":"product","link":"https:\/\/www.hml-fetish.de\/shop\/ballon-katheter\/","title":{"rendered":"Ballon-Katheter"},"content":{"rendered":"<p><P>10 St\u00fcck einzeln steril eingeschwei\u00dft. Latex mit Silikonauflage, sterilisiert. Gr\u00f6\u00dfe 18 CH\/Fr und 26 CH\/Fr. Auf Anfrage auch andere Gr\u00f6\u00dfen (CH 12 &#8211; 26; 1 CH = 0,33 mm) kurzfristig lieferbar.<\/P><\/p>\n","protected":false},"excerpt":{"rendered":"<h4>Ballon-Katheter<\/h4>\n<p><P>10 St\u00fcck einzeln steril eingeschwei\u00dft. Latex mit Silikonauflage, sterilisiert. Gr\u00f6\u00dfe 18 CH\/Fr und 26 CH\/Fr. Auf Anfrage auch andere Gr\u00f6\u00dfen (CH 12 &#8211; 26; 1 CH = 0,33 mm) kurzfristig lieferbar.<\/P><\/p>\n","protected":false},"featured_media":33826,"comment_status":"open","ping_status":"closed","template":"","meta":[],"product_brand":[],"product_cat":[136,108],"product_tag":[],"class_list":{"0":"post-33825","1":"product","2":"type-product","3":"status-publish","4":"has-post-thumbnail","6":"product_cat-klinik","7":"product_cat-restposten-einzelstuecke","9":"first","10":"instock","11":"taxable","12":"shipping-taxable","13":"purchasable","14":"product-type-variable"},"_links":{"self":[{"href":"https:\/\/www.hml-fetish.de\/shop\/wp-json\/wp\/v2\/product\/33825","targetHints":{"allow":["GET"]}}],"collection":[{"href":"https:\/\/www.hml-fetish.de\/shop\/wp-json\/wp\/v2\/product"}],"about":[{"href":"https:\/\/www.hml-fetish.de\/shop\/wp-json\/wp\/v2\/types\/product"}],"replies":[{"embeddable":true,"href":"https:\/\/www.hml-fetish.de\/shop\/wp-json\/wp\/v2\/comments?post=33825"}],"version-history":[{"count":0,"href":"https:\/\/www.hml-fetish.de\/shop\/wp-json\/wp\/v2\/product\/33825\/revisions"}],"wp:featuredmedia":[{"embeddable":true,"href":"https:\/\/www.hml-fetish.de\/shop\/wp-json\/wp\/v2\/media\/33826"}],"wp:attachment":[{"href":"https:\/\/www.hml-fetish.de\/shop\/wp-json\/wp\/v2\/media?parent=33825"}],"wp:term":[{"taxonomy":"product_brand","embeddable":true,"href":"https:\/\/www.hml-fetish.de\/shop\/wp-json\/wp\/v2\/product_brand?post=33825"},{"taxonomy":"product_cat","embeddable":true,"href":"https:\/\/www.hml-fetish.de\/shop\/wp-json\/wp\/v2\/product_cat?post=33825"},{"taxonomy":"product_tag","embeddable":true,"href":"https:\/\/www.hml-fetish.de\/shop\/wp-json\/wp\/v2\/product_tag?post=33825"}],"curies":[{"name":"wp","href":"https:\/\/api.w.org\/{rel}","templated":true}]}}