{"id":33694,"date":"2023-02-16T14:30:03","date_gmt":"2023-02-16T13:30:03","guid":{"rendered":"https:\/\/www.hml-fetish.de\/shop\/?post_type=product&#038;p=33694"},"modified":"2026-02-10T17:32:24","modified_gmt":"2026-02-10T16:32:24","slug":"gummi-boxer-mit-beule","status":"publish","type":"product","link":"https:\/\/www.hml-fetish.de\/shop\/gummi-boxer-mit-beule\/","title":{"rendered":"Gummi Boxer mit Beule 0,4 mm (Fetisso)"},"content":{"rendered":"<p><P>Diese scharfe Boxer Short bekommst Du in 0,4 mm starkem gegossenem Rubber. Dies ist d\u00fcnn und gef\u00fchlsecht, aber immer noch einen Hauch st\u00e4rker als \u00fcbliche Unterw\u00e4sche aus Latex. Die Beule vorne macht sich besonders gut unter einer Chaps. Da wird mancher Kerl in Versuchung kommen, zuzupacken! In den Gr\u00f6\u00dfen S bis XL (entsprechend den Slipgr\u00f6\u00dfen 4 bis 7). So schnell wirst Du dieses scharfe Gummi-Teil nicht mehr ausziehen wollen.<br \/>\n<BR><img decoding=\"async\" src=\"\/GIF\/size_unisex_sp.gif\" alt=\"Gr\u00f6\u00dfentabelle\" title=\"Gr\u00f6\u00dfentabelle\" border=\"0\" height=\"194\" width=\"114\"><\/P><\/p>\n","protected":false},"excerpt":{"rendered":"<h4>Gummi Boxer mit Beule 0,4 mm (Fetisso)<\/h4>\n<p><P>Diese scharfe Boxer Short bekommst Du in 0,4 mm starkem gegossenem Rubber. Dies ist d\u00fcnn und gef\u00fchlsecht, aber immer noch einen Hauch st\u00e4rker als \u00fcbliche Unterw\u00e4sche aus Latex. Die Beule vorne macht sich besonders gut unter einer Chaps.<\/P><\/p>\n","protected":false},"featured_media":33695,"comment_status":"open","ping_status":"closed","template":"","meta":[],"product_brand":[],"product_cat":[175],"product_tag":[2266],"class_list":{"0":"post-33694","1":"product","2":"type-product","3":"status-publish","4":"has-post-thumbnail","6":"product_cat-gummi-unterwaesche","7":"product_tag-fetisso","8":"product_shipping_class-brief","10":"first","11":"instock","12":"taxable","13":"shipping-taxable","14":"purchasable","15":"product-type-variable"},"_links":{"self":[{"href":"https:\/\/www.hml-fetish.de\/shop\/wp-json\/wp\/v2\/product\/33694","targetHints":{"allow":["GET"]}}],"collection":[{"href":"https:\/\/www.hml-fetish.de\/shop\/wp-json\/wp\/v2\/product"}],"about":[{"href":"https:\/\/www.hml-fetish.de\/shop\/wp-json\/wp\/v2\/types\/product"}],"replies":[{"embeddable":true,"href":"https:\/\/www.hml-fetish.de\/shop\/wp-json\/wp\/v2\/comments?post=33694"}],"version-history":[{"count":0,"href":"https:\/\/www.hml-fetish.de\/shop\/wp-json\/wp\/v2\/product\/33694\/revisions"}],"wp:featuredmedia":[{"embeddable":true,"href":"https:\/\/www.hml-fetish.de\/shop\/wp-json\/wp\/v2\/media\/33695"}],"wp:attachment":[{"href":"https:\/\/www.hml-fetish.de\/shop\/wp-json\/wp\/v2\/media?parent=33694"}],"wp:term":[{"taxonomy":"product_brand","embeddable":true,"href":"https:\/\/www.hml-fetish.de\/shop\/wp-json\/wp\/v2\/product_brand?post=33694"},{"taxonomy":"product_cat","embeddable":true,"href":"https:\/\/www.hml-fetish.de\/shop\/wp-json\/wp\/v2\/product_cat?post=33694"},{"taxonomy":"product_tag","embeddable":true,"href":"https:\/\/www.hml-fetish.de\/shop\/wp-json\/wp\/v2\/product_tag?post=33694"}],"curies":[{"name":"wp","href":"https:\/\/api.w.org\/{rel}","templated":true}]}}