{"id":33633,"date":"2023-02-11T14:08:36","date_gmt":"2023-02-11T13:08:36","guid":{"rendered":"https:\/\/www.hml-fetish.de\/shop\/?post_type=product&#038;p=33633"},"modified":"2023-02-11T14:08:37","modified_gmt":"2023-02-11T13:08:37","slug":"hand-und-fussfesselset","status":"publish","type":"product","link":"https:\/\/www.hml-fetish.de\/shop\/hand-und-fussfesselset\/","title":{"rendered":"Leder Hand- und Fu\u00dffesselset"},"content":{"rendered":"<p><P>Solide verarbeitet, langlebig und preiswert. Leder Hand- und Fu\u00dffesseln hier im idealen Einsteiger-Set handgen\u00e4ht in unserer eigenen Werkstatt. Jede Fessel besteht aus zwei miteinander vernieteten Gurten mit eingearbeiteten Metallschlaufen. Aus doppelt gelegtem Rindnappa. Dadurch <B>ebenso weich wie stabil<\/b>. Mit Schnallen gr\u00f6\u00dfenverstellbar. Zwei Verbindungskarabiner legen wir bei.<\/P><br \/>\n<P>Es gibt zwei Versionen dieses ebensso scharfen wie preiswerten Fesselsets: in 5 cm Breite f\u00fcr nur 99,90  Euro und die schwerere Version mit 6 cm breiten Gurten und zweireihiger Vernietung f\u00fcr 139,90 Euro.<\/P><\/p>\n","protected":false},"excerpt":{"rendered":"<h4>Hand- und Fu\u00dffesselset<\/h4>\n<p><P>Solide verarbeitet, langlebig und preiswert. Leder Hand- und Fu\u00dffesseln hier im idealen Einsteiger-Set. Jede Fessel besteht aus zwei miteinander vernieteten Gurten mit eingearbeiteten Metallschlaufen. Aus doppelt gelegtem Rindnappa. Dadurch <B>ebenso weich wie stabil<\/b>. Mit Schnallen gr\u00f6\u00dfenverstellbar. Zwei Verbindungskarabiner legen wir bei.<\/P><\/p>\n","protected":false},"featured_media":22198,"comment_status":"open","ping_status":"closed","template":"","meta":[],"product_brand":[],"product_cat":[163,95,137,105],"product_tag":[4398],"class_list":{"0":"post-33633","1":"product","2":"type-product","3":"status-publish","4":"has-post-thumbnail","6":"product_cat-lederfesseln","7":"product_cat-bestseller","8":"product_cat-bondage","9":"product_cat-sonderangebote","10":"product_tag-hml-fetish-original","12":"first","13":"instock","14":"taxable","15":"shipping-taxable","16":"purchasable","17":"product-type-variable"},"_links":{"self":[{"href":"https:\/\/www.hml-fetish.de\/shop\/wp-json\/wp\/v2\/product\/33633","targetHints":{"allow":["GET"]}}],"collection":[{"href":"https:\/\/www.hml-fetish.de\/shop\/wp-json\/wp\/v2\/product"}],"about":[{"href":"https:\/\/www.hml-fetish.de\/shop\/wp-json\/wp\/v2\/types\/product"}],"replies":[{"embeddable":true,"href":"https:\/\/www.hml-fetish.de\/shop\/wp-json\/wp\/v2\/comments?post=33633"}],"version-history":[{"count":0,"href":"https:\/\/www.hml-fetish.de\/shop\/wp-json\/wp\/v2\/product\/33633\/revisions"}],"wp:featuredmedia":[{"embeddable":true,"href":"https:\/\/www.hml-fetish.de\/shop\/wp-json\/wp\/v2\/media\/22198"}],"wp:attachment":[{"href":"https:\/\/www.hml-fetish.de\/shop\/wp-json\/wp\/v2\/media?parent=33633"}],"wp:term":[{"taxonomy":"product_brand","embeddable":true,"href":"https:\/\/www.hml-fetish.de\/shop\/wp-json\/wp\/v2\/product_brand?post=33633"},{"taxonomy":"product_cat","embeddable":true,"href":"https:\/\/www.hml-fetish.de\/shop\/wp-json\/wp\/v2\/product_cat?post=33633"},{"taxonomy":"product_tag","embeddable":true,"href":"https:\/\/www.hml-fetish.de\/shop\/wp-json\/wp\/v2\/product_tag?post=33633"}],"curies":[{"name":"wp","href":"https:\/\/api.w.org\/{rel}","templated":true}]}}