{"id":33562,"date":"2023-02-07T15:09:23","date_gmt":"2023-02-07T14:09:23","guid":{"rendered":"https:\/\/www.hml-fetish.de\/shop\/?post_type=product&#038;p=33562"},"modified":"2026-02-10T17:31:45","modified_gmt":"2026-02-10T16:31:45","slug":"verzoegerungsspray","status":"publish","type":"product","link":"https:\/\/www.hml-fetish.de\/shop\/verzoegerungsspray\/","title":{"rendered":"Verz\u00f6gerungsspray"},"content":{"rendered":"<p><P>Ein Verz\u00f6gerungsspray auf pflanzlicher Basis. Es k\u00fchlt, bet\u00e4ubt aber nicht! Das ist die Garantie daf\u00fcr, da\u00df Du hinterher auch etwas davon hast. Das Spray ist selbstverst\u00e4ndlich kondomvertr\u00e4glich, hat also keine unerw\u00fcnschten Nebenwirkungen. Kommt als Pump-Sprayflasche mit 20 ml Inhalt (Preis per 100 ml 74,50 &euro;).<\/P><br \/>\n<P>Zutaten: Aqua, Glycerin, Laureth-9, Caprylyl Glycol, Polysorbate 20, Alcohol Denat, Alcohol, Hypericum Perforatum Flower Extract, Avena Sativa Kernel Extract, Menthyl Lactate.<\/P><\/p>\n","protected":false},"excerpt":{"rendered":"<p><P>Ein Verz\u00f6gerungsspray auf pflanzlicher Basis. Es k\u00fchlt, bet\u00e4ubt aber nicht! Das ist die Garantie daf\u00fcr, da\u00df Du hinterher auch etwas davon hast. Das Spray ist selbstverst\u00e4ndlich kondomvertr\u00e4glich, hat also keine unerw\u00fcnschten Nebenwirkungen. Kommt als Pump-Sprayflasche mit 20 ml Inhalt (Preis per 100 ml 74,50 &euro;).<\/P><\/p>\n","protected":false},"featured_media":33563,"comment_status":"open","ping_status":"closed","template":"","meta":[],"product_brand":[],"product_cat":[144],"product_tag":[],"class_list":{"0":"post-33562","1":"product","2":"type-product","3":"status-publish","4":"has-post-thumbnail","6":"product_cat-kondome-gleitmittel","7":"product_shipping_class-brief","9":"first","10":"instock","11":"taxable","12":"shipping-taxable","13":"purchasable","14":"product-type-simple"},"_links":{"self":[{"href":"https:\/\/www.hml-fetish.de\/shop\/wp-json\/wp\/v2\/product\/33562","targetHints":{"allow":["GET"]}}],"collection":[{"href":"https:\/\/www.hml-fetish.de\/shop\/wp-json\/wp\/v2\/product"}],"about":[{"href":"https:\/\/www.hml-fetish.de\/shop\/wp-json\/wp\/v2\/types\/product"}],"replies":[{"embeddable":true,"href":"https:\/\/www.hml-fetish.de\/shop\/wp-json\/wp\/v2\/comments?post=33562"}],"version-history":[{"count":0,"href":"https:\/\/www.hml-fetish.de\/shop\/wp-json\/wp\/v2\/product\/33562\/revisions"}],"wp:featuredmedia":[{"embeddable":true,"href":"https:\/\/www.hml-fetish.de\/shop\/wp-json\/wp\/v2\/media\/33563"}],"wp:attachment":[{"href":"https:\/\/www.hml-fetish.de\/shop\/wp-json\/wp\/v2\/media?parent=33562"}],"wp:term":[{"taxonomy":"product_brand","embeddable":true,"href":"https:\/\/www.hml-fetish.de\/shop\/wp-json\/wp\/v2\/product_brand?post=33562"},{"taxonomy":"product_cat","embeddable":true,"href":"https:\/\/www.hml-fetish.de\/shop\/wp-json\/wp\/v2\/product_cat?post=33562"},{"taxonomy":"product_tag","embeddable":true,"href":"https:\/\/www.hml-fetish.de\/shop\/wp-json\/wp\/v2\/product_tag?post=33562"}],"curies":[{"name":"wp","href":"https:\/\/api.w.org\/{rel}","templated":true}]}}