{"id":33502,"date":"2023-01-31T15:51:57","date_gmt":"2023-01-31T14:51:57","guid":{"rendered":"https:\/\/www.hml-fetish.de\/shop\/?post_type=product&#038;p=33502"},"modified":"2026-04-11T16:59:39","modified_gmt":"2026-04-11T14:59:39","slug":"inhalier-aufsatz-fuer-poppersflaschen","status":"publish","type":"product","link":"https:\/\/www.hml-fetish.de\/shop\/inhalier-aufsatz-fuer-poppersflaschen\/","title":{"rendered":"Inhalier Aufsatz f\u00fcr Poppersflaschen"},"content":{"rendered":"<p>Der Schraubflaschenaufsatz von XTRM-SNFFR f\u00fcr den schnellen Popperseinsatz: einfach auf die Flasche schrauben und Du kannst Dir eine Nase Poppers ziehen, ohne da\u00df die empfindlichen Schleimh\u00e4ute in Kontakt mit der aggressiven Fl\u00fcssigkeit kommen. Nach dem Spiel schraubst Du den Originaldeckel des Herstellers wieder auf, um die Flasche sicher zu lagern.<\/p>\n<p>Es gibt den einfachen und den doppelten Aufsatz f\u00fcr ein oder beide Nasenl\u00f6cher sowie eine Schraubkappe f\u00fcr kleine (10 ml) und eine f\u00fcr gro\u00dfe (24-30 ml) Flaschen.<\/p>\n","protected":false},"excerpt":{"rendered":"<h4>Inhalier Aufsatz f\u00fcr Poppersflaschen<\/h4>\n<p>Der Schraubflaschenaufsatz von XTRM SNFFR f\u00fcr den schnellen Popperseinsatz: einfach auf die Flasche schrauben und Du kannst Dir eine Nase Poppers ziehen, ohne da\u00df die empfindlichen Schleimh\u00e4ute in Kontakt mit der aggressiven Fl\u00fcssigkeit kommen. Nach dem Spiel schraubst Du den Originaldeckel des Herstellers wieder auf, um die Flasche sicher zu lagern.<\/p>\n","protected":false},"featured_media":33503,"comment_status":"open","ping_status":"closed","template":"","meta":[],"product_brand":[],"product_cat":[159,123,132,108,105],"product_tag":[4418,4441],"class_list":{"0":"post-33502","1":"product","2":"type-product","3":"status-publish","4":"has-post-thumbnail","6":"product_cat-lederpflege","7":"product_cat-adult","8":"product_cat-dungeon","9":"product_cat-restposten-einzelstuecke","10":"product_cat-sonderangebote","11":"product_tag-breath-control","12":"product_tag-poppers","13":"product_shipping_class-brief","15":"first","16":"instock","17":"sale","18":"taxable","19":"shipping-taxable","20":"purchasable","21":"product-type-variable"},"_links":{"self":[{"href":"https:\/\/www.hml-fetish.de\/shop\/wp-json\/wp\/v2\/product\/33502","targetHints":{"allow":["GET"]}}],"collection":[{"href":"https:\/\/www.hml-fetish.de\/shop\/wp-json\/wp\/v2\/product"}],"about":[{"href":"https:\/\/www.hml-fetish.de\/shop\/wp-json\/wp\/v2\/types\/product"}],"replies":[{"embeddable":true,"href":"https:\/\/www.hml-fetish.de\/shop\/wp-json\/wp\/v2\/comments?post=33502"}],"version-history":[{"count":0,"href":"https:\/\/www.hml-fetish.de\/shop\/wp-json\/wp\/v2\/product\/33502\/revisions"}],"wp:featuredmedia":[{"embeddable":true,"href":"https:\/\/www.hml-fetish.de\/shop\/wp-json\/wp\/v2\/media\/33503"}],"wp:attachment":[{"href":"https:\/\/www.hml-fetish.de\/shop\/wp-json\/wp\/v2\/media?parent=33502"}],"wp:term":[{"taxonomy":"product_brand","embeddable":true,"href":"https:\/\/www.hml-fetish.de\/shop\/wp-json\/wp\/v2\/product_brand?post=33502"},{"taxonomy":"product_cat","embeddable":true,"href":"https:\/\/www.hml-fetish.de\/shop\/wp-json\/wp\/v2\/product_cat?post=33502"},{"taxonomy":"product_tag","embeddable":true,"href":"https:\/\/www.hml-fetish.de\/shop\/wp-json\/wp\/v2\/product_tag?post=33502"}],"curies":[{"name":"wp","href":"https:\/\/api.w.org\/{rel}","templated":true}]}}