{"id":33482,"date":"2023-01-30T15:58:30","date_gmt":"2023-01-30T14:58:30","guid":{"rendered":"https:\/\/www.hml-fetish.de\/shop\/?post_type=product&#038;p=33482"},"modified":"2026-05-04T14:13:37","modified_gmt":"2026-05-04T12:13:37","slug":"armee-gasmaske","status":"publish","type":"product","link":"https:\/\/www.hml-fetish.de\/shop\/armee-gasmaske\/","title":{"rendered":"Armee Gasmaske"},"content":{"rendered":"<p><P>Eine Army Gasmaske \u00e4hnlich der britischen S10\/FM12 mit seitlichem Lufteinla\u00df. Diese ABC-Schutzmaske besteht aus schwarzem Gummi. Hinten am Kopf ist sie mit elastischen Riemen verstellbar. Faltenschlauch und Filter kannst Du dazu bestellen. Die Maske ist neu und unbenutzt. Selbstverst\u00e4ndlich verkaufen wir diese Maske nur als Dekorationsobjekt. F\u00fcr den Zivilschutz ist sie ungeeignet! Universalgr\u00f6\u00dfe.<\/P><\/p>\n","protected":false},"excerpt":{"rendered":"<h4>Armee Gasmaske<\/h4>\n<p><P>Eine Army Gasmaske \u00e4hnlich der britischen S10 \/ FM12 mit seitlichem Lufteinla\u00df. Diese ABC-Schutzmaske besteht aus schwarzem Gummi. Hinten am Kopf ist sie mit elastischen Riemen verstellbar. Faltenschlauch und Filter kannst Du dazu bestellen. Die Maske ist neu und unbenutzt. Selbstverst\u00e4ndlich verkaufen wir diese Maske nur als Dekorationsobjekt. F\u00fcr den Zivilschutz ist sie ungeeignet! Universalgr\u00f6\u00dfe.<\/P><\/p>\n","protected":false},"featured_media":39020,"comment_status":"open","ping_status":"closed","template":"","meta":[],"product_brand":[],"product_cat":[138],"product_tag":[4418],"class_list":{"0":"post-33482","1":"product","2":"type-product","3":"status-publish","4":"has-post-thumbnail","6":"product_cat-masken-etc","7":"product_tag-breath-control","8":"product_shipping_class-paket","10":"first","11":"instock","12":"taxable","13":"shipping-taxable","14":"purchasable","15":"product-type-simple"},"_links":{"self":[{"href":"https:\/\/www.hml-fetish.de\/shop\/wp-json\/wp\/v2\/product\/33482","targetHints":{"allow":["GET"]}}],"collection":[{"href":"https:\/\/www.hml-fetish.de\/shop\/wp-json\/wp\/v2\/product"}],"about":[{"href":"https:\/\/www.hml-fetish.de\/shop\/wp-json\/wp\/v2\/types\/product"}],"replies":[{"embeddable":true,"href":"https:\/\/www.hml-fetish.de\/shop\/wp-json\/wp\/v2\/comments?post=33482"}],"version-history":[{"count":1,"href":"https:\/\/www.hml-fetish.de\/shop\/wp-json\/wp\/v2\/product\/33482\/revisions"}],"predecessor-version":[{"id":39888,"href":"https:\/\/www.hml-fetish.de\/shop\/wp-json\/wp\/v2\/product\/33482\/revisions\/39888"}],"wp:featuredmedia":[{"embeddable":true,"href":"https:\/\/www.hml-fetish.de\/shop\/wp-json\/wp\/v2\/media\/39020"}],"wp:attachment":[{"href":"https:\/\/www.hml-fetish.de\/shop\/wp-json\/wp\/v2\/media?parent=33482"}],"wp:term":[{"taxonomy":"product_brand","embeddable":true,"href":"https:\/\/www.hml-fetish.de\/shop\/wp-json\/wp\/v2\/product_brand?post=33482"},{"taxonomy":"product_cat","embeddable":true,"href":"https:\/\/www.hml-fetish.de\/shop\/wp-json\/wp\/v2\/product_cat?post=33482"},{"taxonomy":"product_tag","embeddable":true,"href":"https:\/\/www.hml-fetish.de\/shop\/wp-json\/wp\/v2\/product_tag?post=33482"}],"curies":[{"name":"wp","href":"https:\/\/api.w.org\/{rel}","templated":true}]}}