{"id":33309,"date":"2023-01-05T16:33:28","date_gmt":"2023-01-05T15:33:28","guid":{"rendered":"https:\/\/www.hml-fetish.de\/shop\/?post_type=product&#038;p=33309"},"modified":"2026-02-10T17:30:53","modified_gmt":"2026-02-10T16:30:53","slug":"cockring-mit-nut","status":"publish","type":"product","link":"https:\/\/www.hml-fetish.de\/shop\/cockring-mit-nut\/","title":{"rendered":"13 mm breiter Cockring mit Nut"},"content":{"rendered":"<p><P>Dieser Cockring aus gedrehtem und gl\u00e4nzend poliertem Edelstahl wiegt etwa 100 g bis 120 g und hat eine Breite von 13 mm. Die Wandst\u00e4rke betr\u00e4gt 5 mm und es gibt verschiedene Innendurchmesser in fein abgestimmten Gr\u00f6\u00dfen.<br \/>\n<BR>Die Kanten sind sorgf\u00e4ltig abgerundet und ohne scharfe Grate. In die Au\u00dfenseite ist eine dekorative Nut gefr\u00e4st.<br \/>\n<BR><img decoding=\"async\" src=\"\/GIF\/size_ID.gif\" alt=\"Gr\u00f6\u00dfe = Innendurchmesser\" title=\"Gr\u00f6\u00dfe = Innendurchmesser\" border=\"0\" height=\"67\" width=\"183\"><\/P><\/p>\n","protected":false},"excerpt":{"rendered":"<h4>13 mm breiter Cockring mit Nut<\/h4>\n<p>Dieser Cockring aus gedrehtem und gl\u00e4nzend poliertem Edelstahl wiegt etwa 100 g bis 120 g und hat eine Breite von 13 mm. Die Wandst\u00e4rke betr\u00e4gt 5 mm und es gibt verschiedene Innendurchmesser in fein abgestimmten Gr\u00f6\u00dfen.<\/p>\n","protected":false},"featured_media":33310,"comment_status":"open","ping_status":"closed","template":"","meta":[],"product_brand":[],"product_cat":[167,108],"product_tag":[],"class_list":{"0":"post-33309","1":"product","2":"type-product","3":"status-publish","4":"has-post-thumbnail","6":"product_cat-cockringe","7":"product_cat-restposten-einzelstuecke","8":"product_shipping_class-brief","10":"first","11":"instock","12":"sale","13":"taxable","14":"shipping-taxable","15":"purchasable","16":"product-type-variable"},"_links":{"self":[{"href":"https:\/\/www.hml-fetish.de\/shop\/wp-json\/wp\/v2\/product\/33309","targetHints":{"allow":["GET"]}}],"collection":[{"href":"https:\/\/www.hml-fetish.de\/shop\/wp-json\/wp\/v2\/product"}],"about":[{"href":"https:\/\/www.hml-fetish.de\/shop\/wp-json\/wp\/v2\/types\/product"}],"replies":[{"embeddable":true,"href":"https:\/\/www.hml-fetish.de\/shop\/wp-json\/wp\/v2\/comments?post=33309"}],"version-history":[{"count":0,"href":"https:\/\/www.hml-fetish.de\/shop\/wp-json\/wp\/v2\/product\/33309\/revisions"}],"wp:featuredmedia":[{"embeddable":true,"href":"https:\/\/www.hml-fetish.de\/shop\/wp-json\/wp\/v2\/media\/33310"}],"wp:attachment":[{"href":"https:\/\/www.hml-fetish.de\/shop\/wp-json\/wp\/v2\/media?parent=33309"}],"wp:term":[{"taxonomy":"product_brand","embeddable":true,"href":"https:\/\/www.hml-fetish.de\/shop\/wp-json\/wp\/v2\/product_brand?post=33309"},{"taxonomy":"product_cat","embeddable":true,"href":"https:\/\/www.hml-fetish.de\/shop\/wp-json\/wp\/v2\/product_cat?post=33309"},{"taxonomy":"product_tag","embeddable":true,"href":"https:\/\/www.hml-fetish.de\/shop\/wp-json\/wp\/v2\/product_tag?post=33309"}],"curies":[{"name":"wp","href":"https:\/\/api.w.org\/{rel}","templated":true}]}}