{"id":31340,"date":"2022-08-27T14:20:22","date_gmt":"2022-08-27T12:20:22","guid":{"rendered":"https:\/\/www.hml-fetish.de\/shop\/?post_type=product&#038;p=31340"},"modified":"2026-02-10T17:30:32","modified_gmt":"2026-02-10T16:30:32","slug":"beatmungsbeutel","status":"publish","type":"product","link":"https:\/\/www.hml-fetish.de\/shop\/beatmungsbeutel\/","title":{"rendered":"Beatmungsbeutel"},"content":{"rendered":"<p><P>Ein spannendes Tool f\u00fcr scharfe Spiele: mit diesem 3-Liter-Atembeutel mit Ausla\u00df und Absperrhahn kannst Du Dich selbst mit Deiner eigenen, verbrauchten Luft beatmen. Das ist n\u00fctzlich, wenn Du die Zeit steigern willst, in der Du die Luft anhalten kannst. Es ist au\u00dferdem erregend, wenn Du gefesselt bist und von Deinem Partner die Luft zugeteilt bekommst.<\/P><br \/>\n<P>Es ist besser f\u00fcr Dich, wenn Du solche Spiele nicht allein spielst. Auch wenn ihr zu zweit seid, la\u00df Deinen Partner auf keinen Fall allein. Auch nicht f\u00fcr eine Minute!<\/P><\/p>\n","protected":false},"excerpt":{"rendered":"<p><H4>Beatmungsbeutel<\/H4><br \/>\n<P>Ein spannendes Tool f\u00fcr scharfe Spiele: mit diesem 3-Liter-Atem-Beutel mit Ausla\u00df und Absperrhahn kannst Du Dich selbst mit Deiner eigenen, verbrauchten Luft beatmen. Das ist n\u00fctzlich, wenn Du die Zeit steigern willst, in der Du die Luft anhalten kannst.<\/P><\/p>\n","protected":false},"featured_media":31343,"comment_status":"open","ping_status":"closed","template":"","meta":[],"product_brand":[],"product_cat":[138,132,172,106],"product_tag":[4418],"class_list":{"0":"post-31340","1":"product","2":"type-product","3":"status-publish","4":"has-post-thumbnail","6":"product_cat-masken-etc","7":"product_cat-dungeon","8":"product_cat-gummi-accessoires","9":"product_cat-neu-bei-hml","10":"product_tag-breath-control","11":"product_shipping_class-paket","13":"first","14":"instock","15":"taxable","16":"shipping-taxable","17":"purchasable","18":"product-type-simple"},"_links":{"self":[{"href":"https:\/\/www.hml-fetish.de\/shop\/wp-json\/wp\/v2\/product\/31340","targetHints":{"allow":["GET"]}}],"collection":[{"href":"https:\/\/www.hml-fetish.de\/shop\/wp-json\/wp\/v2\/product"}],"about":[{"href":"https:\/\/www.hml-fetish.de\/shop\/wp-json\/wp\/v2\/types\/product"}],"replies":[{"embeddable":true,"href":"https:\/\/www.hml-fetish.de\/shop\/wp-json\/wp\/v2\/comments?post=31340"}],"version-history":[{"count":0,"href":"https:\/\/www.hml-fetish.de\/shop\/wp-json\/wp\/v2\/product\/31340\/revisions"}],"wp:featuredmedia":[{"embeddable":true,"href":"https:\/\/www.hml-fetish.de\/shop\/wp-json\/wp\/v2\/media\/31343"}],"wp:attachment":[{"href":"https:\/\/www.hml-fetish.de\/shop\/wp-json\/wp\/v2\/media?parent=31340"}],"wp:term":[{"taxonomy":"product_brand","embeddable":true,"href":"https:\/\/www.hml-fetish.de\/shop\/wp-json\/wp\/v2\/product_brand?post=31340"},{"taxonomy":"product_cat","embeddable":true,"href":"https:\/\/www.hml-fetish.de\/shop\/wp-json\/wp\/v2\/product_cat?post=31340"},{"taxonomy":"product_tag","embeddable":true,"href":"https:\/\/www.hml-fetish.de\/shop\/wp-json\/wp\/v2\/product_tag?post=31340"}],"curies":[{"name":"wp","href":"https:\/\/api.w.org\/{rel}","templated":true}]}}