{"id":31331,"date":"2022-08-27T14:07:12","date_gmt":"2022-08-27T12:07:12","guid":{"rendered":"https:\/\/www.hml-fetish.de\/shop\/?post_type=product&#038;p=31331"},"modified":"2026-02-10T17:30:07","modified_gmt":"2026-02-10T16:30:07","slug":"gasmasken-connector-i","status":"publish","type":"product","link":"https:\/\/www.hml-fetish.de\/shop\/gasmasken-connector-i\/","title":{"rendered":"Gasmasken Connector I"},"content":{"rendered":"<p><P>Ein sehr geiles Tool f\u00fcr scharfe Spiele zu zweit: mit diesem Verbindungsst\u00fcck kannst Du zwei Gasmasken \u00fcber Faltenschl\u00e4uche gemeinsam an einen Filter anschlie\u00dfen. Statt des Filters geht nat\u00fcrlich auch ein Tuch mit einigen Tropfen \u00bbDuft\u00f6l\u00ab. Wenn noch ein dritter Mann zugegen ist, k\u00f6nnt Ihr auch Breath Control und anders Anregendes miteinander machen. Deiner Phantasie sind da keine Grenzen gesetzt.<\/P><\/p>\n","protected":false},"excerpt":{"rendered":"<p><H4>Gasmasken Connector I<\/H4><br \/>\n<P>Ein sehr geiles Tool f\u00fcr scharfe Spiele zu zweit: mit diesem Verbindungsst\u00fcck kannst Du zwei Gasmasken \u00fcber Faltenschl\u00e4uche gemeinsam an einen Filter anschlie\u00dfen. Statt des Filters geht nat\u00fcrlich auch ein Tuch mit einigen Tropfen \u00bbDuft\u00f6l\u00ab.<\/P><\/p>\n","protected":false},"featured_media":31334,"comment_status":"open","ping_status":"closed","template":"","meta":[],"product_brand":[],"product_cat":[138,132],"product_tag":[4418],"class_list":{"0":"post-31331","1":"product","2":"type-product","3":"status-publish","4":"has-post-thumbnail","6":"product_cat-masken-etc","7":"product_cat-dungeon","8":"product_tag-breath-control","9":"product_shipping_class-paket","11":"first","12":"instock","13":"taxable","14":"shipping-taxable","15":"purchasable","16":"product-type-simple"},"_links":{"self":[{"href":"https:\/\/www.hml-fetish.de\/shop\/wp-json\/wp\/v2\/product\/31331","targetHints":{"allow":["GET"]}}],"collection":[{"href":"https:\/\/www.hml-fetish.de\/shop\/wp-json\/wp\/v2\/product"}],"about":[{"href":"https:\/\/www.hml-fetish.de\/shop\/wp-json\/wp\/v2\/types\/product"}],"replies":[{"embeddable":true,"href":"https:\/\/www.hml-fetish.de\/shop\/wp-json\/wp\/v2\/comments?post=31331"}],"version-history":[{"count":0,"href":"https:\/\/www.hml-fetish.de\/shop\/wp-json\/wp\/v2\/product\/31331\/revisions"}],"wp:featuredmedia":[{"embeddable":true,"href":"https:\/\/www.hml-fetish.de\/shop\/wp-json\/wp\/v2\/media\/31334"}],"wp:attachment":[{"href":"https:\/\/www.hml-fetish.de\/shop\/wp-json\/wp\/v2\/media?parent=31331"}],"wp:term":[{"taxonomy":"product_brand","embeddable":true,"href":"https:\/\/www.hml-fetish.de\/shop\/wp-json\/wp\/v2\/product_brand?post=31331"},{"taxonomy":"product_cat","embeddable":true,"href":"https:\/\/www.hml-fetish.de\/shop\/wp-json\/wp\/v2\/product_cat?post=31331"},{"taxonomy":"product_tag","embeddable":true,"href":"https:\/\/www.hml-fetish.de\/shop\/wp-json\/wp\/v2\/product_tag?post=31331"}],"curies":[{"name":"wp","href":"https:\/\/api.w.org\/{rel}","templated":true}]}}