{"id":31324,"date":"2022-08-27T13:58:15","date_gmt":"2022-08-27T11:58:15","guid":{"rendered":"https:\/\/www.hml-fetish.de\/shop\/?post_type=product&#038;p=31324"},"modified":"2026-02-10T17:29:50","modified_gmt":"2026-02-10T16:29:50","slug":"gasmasken-connector-ii","status":"publish","type":"product","link":"https:\/\/www.hml-fetish.de\/shop\/gasmasken-connector-ii\/","title":{"rendered":"Gasmasken Connector II"},"content":{"rendered":"<p><P>Ein sehr geiles Tool f\u00fcr scharfe Spiele: mit diesem Verbindungsst\u00fcck kannst Du einen Filter, einen Beatmungsbeutel oder einen weiteren Schlauch an den Einla\u00df Deiner Gasmaske anschlie\u00dfen. Bist Du unter der Maske und gleichzeitig gefesselt, kann Dein Partner fiese Dinge mit Dir anstellen, denn das Verbindungsst\u00fcck besitzt einen Absperrhahn! Wenn noch ein dritter Mann zugegen ist, k\u00f6nnt Ihr auch Breath Control und anders Anregendes miteinander machen. Deiner Phantasie sind da keine Grenzen gesetzt.<\/P><\/p>\n","protected":false},"excerpt":{"rendered":"<p><H4>Gasmasken Connector II<\/H4><br \/>\n<P>Ein sehr geiles Tool f\u00fcr scharfe Spiele: mit diesem Verbindungsst\u00fcck kannst Du einen Filter, einen Beatmungsbeutel oder einen weiteren Schlauch an den Einla\u00df Deiner Gasmaske anschlie\u00dfen. Bist Du unter der Maske und gleichzeitig gefesselt, kann Dein Partner fiese Dinge mit Dir anstellen, denn das Verbindungsst\u00fcck besitzt einen Absperrhahn! Wenn noch ein dritter Mann zugegen ist, k\u00f6nnt Ihr auch Breath Control und anders Anregendes miteinander machen. Deiner Phantasie sind da keine Grenzen gesetzt.<\/P><\/p>\n","protected":false},"featured_media":31325,"comment_status":"open","ping_status":"closed","template":"","meta":[],"product_brand":[],"product_cat":[138,132],"product_tag":[4418],"class_list":{"0":"post-31324","1":"product","2":"type-product","3":"status-publish","4":"has-post-thumbnail","6":"product_cat-masken-etc","7":"product_cat-dungeon","8":"product_tag-breath-control","9":"product_shipping_class-paket","11":"first","12":"instock","13":"taxable","14":"shipping-taxable","15":"purchasable","16":"product-type-simple"},"_links":{"self":[{"href":"https:\/\/www.hml-fetish.de\/shop\/wp-json\/wp\/v2\/product\/31324","targetHints":{"allow":["GET"]}}],"collection":[{"href":"https:\/\/www.hml-fetish.de\/shop\/wp-json\/wp\/v2\/product"}],"about":[{"href":"https:\/\/www.hml-fetish.de\/shop\/wp-json\/wp\/v2\/types\/product"}],"replies":[{"embeddable":true,"href":"https:\/\/www.hml-fetish.de\/shop\/wp-json\/wp\/v2\/comments?post=31324"}],"version-history":[{"count":0,"href":"https:\/\/www.hml-fetish.de\/shop\/wp-json\/wp\/v2\/product\/31324\/revisions"}],"wp:featuredmedia":[{"embeddable":true,"href":"https:\/\/www.hml-fetish.de\/shop\/wp-json\/wp\/v2\/media\/31325"}],"wp:attachment":[{"href":"https:\/\/www.hml-fetish.de\/shop\/wp-json\/wp\/v2\/media?parent=31324"}],"wp:term":[{"taxonomy":"product_brand","embeddable":true,"href":"https:\/\/www.hml-fetish.de\/shop\/wp-json\/wp\/v2\/product_brand?post=31324"},{"taxonomy":"product_cat","embeddable":true,"href":"https:\/\/www.hml-fetish.de\/shop\/wp-json\/wp\/v2\/product_cat?post=31324"},{"taxonomy":"product_tag","embeddable":true,"href":"https:\/\/www.hml-fetish.de\/shop\/wp-json\/wp\/v2\/product_tag?post=31324"}],"curies":[{"name":"wp","href":"https:\/\/api.w.org\/{rel}","templated":true}]}}