{"id":31317,"date":"2022-08-27T13:33:20","date_gmt":"2022-08-27T11:33:20","guid":{"rendered":"https:\/\/www.hml-fetish.de\/shop\/?post_type=product&#038;p=31317"},"modified":"2026-02-10T17:29:30","modified_gmt":"2026-02-10T16:29:30","slug":"filter-fuer-gasmasken","status":"publish","type":"product","link":"https:\/\/www.hml-fetish.de\/shop\/filter-fuer-gasmasken\/","title":{"rendered":"Filter f\u00fcr Gasmasken"},"content":{"rendered":"<p><P>Eine Filterkartusche mit einem Anschlu\u00df f\u00fcr handels\u00fcbliche Gasmasken in drei Versionen. Die neue Kartusche ist leer, die beiden gebrauchten enthalten Filterpatronen.<\/P><br \/>\n<P>Du f\u00fcllst sie mit einem Inhalt Deiner Wahl, beispielsweise mit einem St\u00fcck K\u00fcchenrolle, auf das Du einige Tropfen Poppers verteilst. Es handelt sich um einen Dekorationsartikel, der nicht f\u00fcr den Zivilschutz geeignet ist, wohl aber f\u00fcr aufregende Spiele von Partnern, die wissen, was sie wollen!<\/P><\/p>\n","protected":false},"excerpt":{"rendered":"<h4>Filter f\u00fcr Gasmasken<\/h4>\n<p><P>Eine Filterpatrone mit einem Anschlu\u00df f\u00fcr handels\u00fcbliche Gasmasken.<\/P><\/p>\n","protected":false},"featured_media":31318,"comment_status":"open","ping_status":"closed","template":"","meta":[],"product_brand":[],"product_cat":[138,169],"product_tag":[4418],"class_list":{"0":"post-31317","1":"product","2":"type-product","3":"status-publish","4":"has-post-thumbnail","6":"product_cat-masken-etc","7":"product_cat-army-accessoires","8":"product_tag-breath-control","9":"product_shipping_class-paket","11":"first","12":"instock","13":"taxable","14":"shipping-taxable","15":"purchasable","16":"product-type-variable"},"_links":{"self":[{"href":"https:\/\/www.hml-fetish.de\/shop\/wp-json\/wp\/v2\/product\/31317","targetHints":{"allow":["GET"]}}],"collection":[{"href":"https:\/\/www.hml-fetish.de\/shop\/wp-json\/wp\/v2\/product"}],"about":[{"href":"https:\/\/www.hml-fetish.de\/shop\/wp-json\/wp\/v2\/types\/product"}],"replies":[{"embeddable":true,"href":"https:\/\/www.hml-fetish.de\/shop\/wp-json\/wp\/v2\/comments?post=31317"}],"version-history":[{"count":0,"href":"https:\/\/www.hml-fetish.de\/shop\/wp-json\/wp\/v2\/product\/31317\/revisions"}],"wp:featuredmedia":[{"embeddable":true,"href":"https:\/\/www.hml-fetish.de\/shop\/wp-json\/wp\/v2\/media\/31318"}],"wp:attachment":[{"href":"https:\/\/www.hml-fetish.de\/shop\/wp-json\/wp\/v2\/media?parent=31317"}],"wp:term":[{"taxonomy":"product_brand","embeddable":true,"href":"https:\/\/www.hml-fetish.de\/shop\/wp-json\/wp\/v2\/product_brand?post=31317"},{"taxonomy":"product_cat","embeddable":true,"href":"https:\/\/www.hml-fetish.de\/shop\/wp-json\/wp\/v2\/product_cat?post=31317"},{"taxonomy":"product_tag","embeddable":true,"href":"https:\/\/www.hml-fetish.de\/shop\/wp-json\/wp\/v2\/product_tag?post=31317"}],"curies":[{"name":"wp","href":"https:\/\/api.w.org\/{rel}","templated":true}]}}