{"id":31278,"date":"2022-08-26T17:29:01","date_gmt":"2022-08-26T15:29:01","guid":{"rendered":"https:\/\/www.hml-fetish.de\/shop\/?post_type=product&#038;p=31278"},"modified":"2025-02-07T15:05:20","modified_gmt":"2025-02-07T14:05:20","slug":"russische-gasmaske","status":"publish","type":"product","link":"https:\/\/www.hml-fetish.de\/shop\/russische-gasmaske\/","title":{"rendered":"Russische Gasmaske (Neuware)"},"content":{"rendered":"<p>Wir haben sie wieder, die geilen russischen Armeemasken. Es handelt sich hier um Neuware! Selbstverst\u00e4ndlich verkaufen wir sie nur als Dekorationsobjekte. F\u00fcr den Zivilschutz sind sie ungeeignet! Es gibt diese Maske in einer Universalgr\u00f6\u00dfe. Schlauch und Filter solltest Du f\u00fcr den vollen Genu\u00df dazukaufen!<\/p>\n","protected":false},"excerpt":{"rendered":"<h4>Russische Gasmaske (Neuware)<\/h4>\n<p>Wir haben sie wieder, die geilen russischen Armeemasken. Es handelt sich hier um Neuware! Selbstverst\u00e4ndlich verkaufen wir sie nur als Dekorationsobjekte. F\u00fcr den Zivilschutz sind sie ungeeignet! Es gibt diese Maske in einer Universalgr\u00f6\u00dfe.<\/p>\n","protected":false},"featured_media":31291,"comment_status":"open","ping_status":"closed","template":"","meta":[],"product_brand":[],"product_cat":[138,106],"product_tag":[4418],"class_list":{"0":"post-31278","1":"product","2":"type-product","3":"status-publish","4":"has-post-thumbnail","6":"product_cat-masken-etc","7":"product_cat-neu-bei-hml","8":"product_tag-breath-control","9":"product_shipping_class-paket","11":"first","12":"instock","13":"taxable","14":"shipping-taxable","15":"purchasable","16":"product-type-simple"},"_links":{"self":[{"href":"https:\/\/www.hml-fetish.de\/shop\/wp-json\/wp\/v2\/product\/31278","targetHints":{"allow":["GET"]}}],"collection":[{"href":"https:\/\/www.hml-fetish.de\/shop\/wp-json\/wp\/v2\/product"}],"about":[{"href":"https:\/\/www.hml-fetish.de\/shop\/wp-json\/wp\/v2\/types\/product"}],"replies":[{"embeddable":true,"href":"https:\/\/www.hml-fetish.de\/shop\/wp-json\/wp\/v2\/comments?post=31278"}],"version-history":[{"count":0,"href":"https:\/\/www.hml-fetish.de\/shop\/wp-json\/wp\/v2\/product\/31278\/revisions"}],"wp:featuredmedia":[{"embeddable":true,"href":"https:\/\/www.hml-fetish.de\/shop\/wp-json\/wp\/v2\/media\/31291"}],"wp:attachment":[{"href":"https:\/\/www.hml-fetish.de\/shop\/wp-json\/wp\/v2\/media?parent=31278"}],"wp:term":[{"taxonomy":"product_brand","embeddable":true,"href":"https:\/\/www.hml-fetish.de\/shop\/wp-json\/wp\/v2\/product_brand?post=31278"},{"taxonomy":"product_cat","embeddable":true,"href":"https:\/\/www.hml-fetish.de\/shop\/wp-json\/wp\/v2\/product_cat?post=31278"},{"taxonomy":"product_tag","embeddable":true,"href":"https:\/\/www.hml-fetish.de\/shop\/wp-json\/wp\/v2\/product_tag?post=31278"}],"curies":[{"name":"wp","href":"https:\/\/api.w.org\/{rel}","templated":true}]}}