{"id":27328,"date":"2022-06-13T16:52:21","date_gmt":"2022-06-13T14:52:21","guid":{"rendered":"https:\/\/www.hml-fetish.de\/shop\/?post_type=product&#038;p=27328"},"modified":"2022-06-13T16:58:23","modified_gmt":"2022-06-13T14:58:23","slug":"dildo-74-mm","status":"publish","type":"product","link":"https:\/\/www.hml-fetish.de\/shop\/dildo-74-mm\/","title":{"rendered":"Dildo 74 mm"},"content":{"rendered":"<p><P>Dieser Dildo steigert sich von etwa 50 mm an der Spitze der Eichel bis hin zu satten 85 mm an der Basis (74 mm Durchmesser auf halber H\u00f6he). Durch die breite Basis-Platte mit Saugnapf-Effekt steht er immer und \u00fcberall wie eine Eins. Ein echtes Schmuckst\u00fcck &#8211; selbst f\u00fcr eine Designerwohnung. Der weiche, aber z\u00e4he Vinylkautschuk \u00fcbersteht auch die \u00dcbungsstunden f\u00fcr den n\u00e4chsten Fist-Abend.<\/P><\/p>\n","protected":false},"excerpt":{"rendered":"<h4>Dildo 74 mm<\/h4>\n<p><P>Dieser Dildo steigert sich von etwa 50 mm an der Spitze der Eichel bis hin zu satten 85 mm an der Basis (74 mm Durchmesser auf halber H\u00f6he). Durch die breite Basis-Platte mit Saugnapf Effekt steht er immer und \u00fcberall wie eine Eins.<\/P><\/p>\n","protected":false},"featured_media":27331,"comment_status":"open","ping_status":"closed","template":"","meta":[],"product_brand":[],"product_cat":[131,95],"product_tag":[],"class_list":{"0":"post-27328","1":"product","2":"type-product","3":"status-publish","4":"has-post-thumbnail","6":"product_cat-dildos","7":"product_cat-bestseller","8":"product_shipping_class-paket","10":"first","11":"instock","12":"taxable","13":"shipping-taxable","14":"purchasable","15":"product-type-simple"},"_links":{"self":[{"href":"https:\/\/www.hml-fetish.de\/shop\/wp-json\/wp\/v2\/product\/27328","targetHints":{"allow":["GET"]}}],"collection":[{"href":"https:\/\/www.hml-fetish.de\/shop\/wp-json\/wp\/v2\/product"}],"about":[{"href":"https:\/\/www.hml-fetish.de\/shop\/wp-json\/wp\/v2\/types\/product"}],"replies":[{"embeddable":true,"href":"https:\/\/www.hml-fetish.de\/shop\/wp-json\/wp\/v2\/comments?post=27328"}],"version-history":[{"count":0,"href":"https:\/\/www.hml-fetish.de\/shop\/wp-json\/wp\/v2\/product\/27328\/revisions"}],"wp:featuredmedia":[{"embeddable":true,"href":"https:\/\/www.hml-fetish.de\/shop\/wp-json\/wp\/v2\/media\/27331"}],"wp:attachment":[{"href":"https:\/\/www.hml-fetish.de\/shop\/wp-json\/wp\/v2\/media?parent=27328"}],"wp:term":[{"taxonomy":"product_brand","embeddable":true,"href":"https:\/\/www.hml-fetish.de\/shop\/wp-json\/wp\/v2\/product_brand?post=27328"},{"taxonomy":"product_cat","embeddable":true,"href":"https:\/\/www.hml-fetish.de\/shop\/wp-json\/wp\/v2\/product_cat?post=27328"},{"taxonomy":"product_tag","embeddable":true,"href":"https:\/\/www.hml-fetish.de\/shop\/wp-json\/wp\/v2\/product_tag?post=27328"}],"curies":[{"name":"wp","href":"https:\/\/api.w.org\/{rel}","templated":true}]}}