{"id":19183,"date":"2022-04-09T14:36:38","date_gmt":"2022-04-09T12:36:38","guid":{"rendered":"https:\/\/www.hml-fetish.de\/shop\/?post_type=product&#038;p=19183"},"modified":"2024-03-25T17:05:11","modified_gmt":"2024-03-25T16:05:11","slug":"leder-schluesselanhaenger-gratis","status":"publish","type":"product","link":"https:\/\/www.hml-fetish.de\/shop\/leder-schluesselanhaenger-gratis\/","title":{"rendered":"Leder Schl\u00fcsselanh\u00e4nger gratis"},"content":{"rendered":"<p>Damit erkennst Du Deinen Schl\u00fcsselbund immer wieder: mit einem Anh\u00e4nger aus feinstem schwarzen Rindnappaleder! Dieser Anh\u00e4nger ist 4 cm breit und 4-8 cm lang. Er ist aufwendig gearbeitet und tr\u00e4gt eine Einlage in sechs verschiedenen Farben.<\/p>\n","protected":false},"excerpt":{"rendered":"<h4>Leder Schl\u00fcsselanh\u00e4nger gratis<\/h4>\n<p>Damit erkennst Du Deinen Schl\u00fcsselbund immer wieder: mit einem Anh\u00e4nger aus feinstem schwarzen Rindnappaleder! Dieser Anh\u00e4nger ist 4 cm breit und 4-8 cm lang. Er ist aufwendig gearbeitet und tr\u00e4gt eine Einlage in sechs verschiedenen Farben.<\/p>\n","protected":false},"featured_media":19155,"comment_status":"open","ping_status":"closed","template":"","meta":[],"product_brand":[],"product_cat":[104],"product_tag":[],"class_list":{"0":"post-19183","1":"product","2":"type-product","3":"status-publish","4":"has-post-thumbnail","6":"product_cat-gratis-bei-bestellung","7":"product_shipping_class-brief","9":"first","10":"instock","11":"sale","12":"sold-individually","13":"taxable","14":"shipping-taxable","15":"purchasable","16":"product-type-variable"},"_links":{"self":[{"href":"https:\/\/www.hml-fetish.de\/shop\/wp-json\/wp\/v2\/product\/19183","targetHints":{"allow":["GET"]}}],"collection":[{"href":"https:\/\/www.hml-fetish.de\/shop\/wp-json\/wp\/v2\/product"}],"about":[{"href":"https:\/\/www.hml-fetish.de\/shop\/wp-json\/wp\/v2\/types\/product"}],"replies":[{"embeddable":true,"href":"https:\/\/www.hml-fetish.de\/shop\/wp-json\/wp\/v2\/comments?post=19183"}],"version-history":[{"count":0,"href":"https:\/\/www.hml-fetish.de\/shop\/wp-json\/wp\/v2\/product\/19183\/revisions"}],"wp:featuredmedia":[{"embeddable":true,"href":"https:\/\/www.hml-fetish.de\/shop\/wp-json\/wp\/v2\/media\/19155"}],"wp:attachment":[{"href":"https:\/\/www.hml-fetish.de\/shop\/wp-json\/wp\/v2\/media?parent=19183"}],"wp:term":[{"taxonomy":"product_brand","embeddable":true,"href":"https:\/\/www.hml-fetish.de\/shop\/wp-json\/wp\/v2\/product_brand?post=19183"},{"taxonomy":"product_cat","embeddable":true,"href":"https:\/\/www.hml-fetish.de\/shop\/wp-json\/wp\/v2\/product_cat?post=19183"},{"taxonomy":"product_tag","embeddable":true,"href":"https:\/\/www.hml-fetish.de\/shop\/wp-json\/wp\/v2\/product_tag?post=19183"}],"curies":[{"name":"wp","href":"https:\/\/api.w.org\/{rel}","templated":true}]}}