{"id":15754,"date":"2022-03-13T10:41:58","date_gmt":"2022-03-13T09:41:58","guid":{"rendered":"https:\/\/www.hml-fetish.de\/shop\/?post_type=product&#038;p=15754"},"modified":"2022-03-13T10:43:43","modified_gmt":"2022-03-13T09:43:43","slug":"klappkarte-bear-companions-2","status":"publish","type":"product","link":"https:\/\/www.hml-fetish.de\/shop\/klappkarte-bear-companions-2\/","title":{"rendered":"Klappkarte \u00bbBear Companions\u00ab"},"content":{"rendered":"<p>Liebevoll gezeichnet, koloriert und aus heimischer Produktion. Der K\u00fcnstler kann seine Vorliebe f\u00fcr etwas b\u00e4rigere Sujets nicht verleugnen \u2013 eine absolute Rarit\u00e4t in einer Szene voller geleckter Hochglanzmotive. Jede Karte eingeschwei\u00dft mit passendem Umschlag.<br \/>\n<BR>Klappkarte mit Umschlag<br \/>\n<BR>Gr\u00f6\u00dfe 105 x 150 mm<br \/>\n<BR>gezeichnet in schwarzwei\u00df<br \/>\n<BR>Woofi Artcore 2009<\/p>\n","protected":false},"excerpt":{"rendered":"<h4>Klappkarte \u00bbBear Companions\u00ab<\/h4>\n<p>Liebevoll gezeichnet, koloriert und aus heimischer Produktion. Der K\u00fcnstler kann seine Vorliebe f\u00fcr etwas b\u00e4rigere Sujets nicht verleugnen \u2013 eine absolute Rarit\u00e4t in einer Szene voller geleckter Hochglanzmotive. Jede Karte eingeschwei\u00dft mit passendem Umschlag.<\/p>\n","protected":false},"featured_media":15743,"comment_status":"open","ping_status":"closed","template":"","meta":[],"product_brand":[],"product_cat":[104],"product_tag":[],"class_list":{"0":"post-15754","1":"product","2":"type-product","3":"status-publish","4":"has-post-thumbnail","6":"product_cat-gratis-bei-bestellung","7":"product_shipping_class-brief","9":"first","10":"instock","11":"sale","12":"sold-individually","13":"taxable","14":"shipping-taxable","15":"purchasable","16":"product-type-simple"},"_links":{"self":[{"href":"https:\/\/www.hml-fetish.de\/shop\/wp-json\/wp\/v2\/product\/15754","targetHints":{"allow":["GET"]}}],"collection":[{"href":"https:\/\/www.hml-fetish.de\/shop\/wp-json\/wp\/v2\/product"}],"about":[{"href":"https:\/\/www.hml-fetish.de\/shop\/wp-json\/wp\/v2\/types\/product"}],"replies":[{"embeddable":true,"href":"https:\/\/www.hml-fetish.de\/shop\/wp-json\/wp\/v2\/comments?post=15754"}],"version-history":[{"count":0,"href":"https:\/\/www.hml-fetish.de\/shop\/wp-json\/wp\/v2\/product\/15754\/revisions"}],"wp:featuredmedia":[{"embeddable":true,"href":"https:\/\/www.hml-fetish.de\/shop\/wp-json\/wp\/v2\/media\/15743"}],"wp:attachment":[{"href":"https:\/\/www.hml-fetish.de\/shop\/wp-json\/wp\/v2\/media?parent=15754"}],"wp:term":[{"taxonomy":"product_brand","embeddable":true,"href":"https:\/\/www.hml-fetish.de\/shop\/wp-json\/wp\/v2\/product_brand?post=15754"},{"taxonomy":"product_cat","embeddable":true,"href":"https:\/\/www.hml-fetish.de\/shop\/wp-json\/wp\/v2\/product_cat?post=15754"},{"taxonomy":"product_tag","embeddable":true,"href":"https:\/\/www.hml-fetish.de\/shop\/wp-json\/wp\/v2\/product_tag?post=15754"}],"curies":[{"name":"wp","href":"https:\/\/api.w.org\/{rel}","templated":true}]}}