{"id":7531,"date":"2022-01-28T18:39:15","date_gmt":"2022-01-28T17:39:15","guid":{"rendered":"https:\/\/www.hml-fetish.de\/shop\/?page_id=7531"},"modified":"2026-03-26T12:36:11","modified_gmt":"2026-03-26T11:36:11","slug":"versandkosten","status":"publish","type":"page","link":"https:\/\/www.hml-fetish.de\/shop\/versandkosten\/","title":{"rendered":"Versandkosten"},"content":{"rendered":"<div>\n<p><strong>Der Versand aus der EU in die USA ist bis auf weiteres eingestellt.<\/strong><\/p>\n<h1 style=\"padding-left: 40px;\">Versandkosten<\/h1>\n<p style=\"padding-left: 40px;\">Die Versandkostenpauschale ist abh\u00e4ngig vom Ziel und vom Spediteur.<\/p>\n<p style=\"padding-left: 40px;\">In den Versandkosten sind enthalten:<\/p>\n<ul>\n<li style=\"list-style-type: none;\">\n<ul>\n<li>Paket\/Briefporto richtet sich nach dem Gewicht der Ware, (im Versandhandel im Gegensatz zur Privatpost innerhalb der EU MwSt-pflichtig)<\/li>\n<li>die Versandverpackung: Karton\/Versandtasche<\/li>\n<li>Verpackungsmaterial &#8211; Wellpappe, Klebeband<\/li>\n<li>Druckkosten, Papier, Adressaufkleber<\/li>\n<li>Lizenzgeb\u00fchren f\u00fcr Verpackungsmaterial<\/li>\n<\/ul>\n<\/li>\n<\/ul>\n<p style=\"padding-left: 40px;\">Ein Versand in andere als die hier aufgef\u00fchrten L\u00e4nder ist oft auch m\u00f6glich. <a href=\"mailto:info@hml-fetish.com?subject=Anfrage nach Versandkosten in andere L\u00e4nder!\">Bitte erfrage die Kosten bei uns per E-Mail.<\/a><\/p>\n<p style=\"padding-left: 40px;\">Den Versand mit <a href=\"https:\/\/www.ups.de\/\" target=\"_blank\" rel=\"noreferrer noopener\">UPS<\/a> bieten wir aus Kostengr\u00fcnden nicht mehr an.<\/p>\n<p style=\"padding-left: 40px;\">Unsere Versandkosten f\u00fcr Dein Land findest Du in folgender Liste. Sie gilt ab 1.1.2023.<\/p>\n<figure style=\"padding-left: 40px; padding-right: 40px;\">\n<table>\n<thead>\n<tr>\n<th style=\"padding-left: 40px;\">Land Versender<\/th>\n<th>Paketversand Grundpreis<\/th>\n<th>zzgl. Preis\/Kilo<\/th>\n<th style=\"padding-right: 40px;\">Preis Warensendung* (&lt; 1kg, &lt; 25 x 35 cm x 8 cm)<\/th>\n<\/tr>\n<\/thead>\n<tbody>\n<tr>\n<td style=\"padding-left: 40px;\">Deutschland (DE)<\/td>\n<td>6,00 \u20ac<\/td>\n<td>ca. 0,50 \u20ac\/kg<\/td>\n<td style=\"padding-right: 40px;\">5,00 \u20ac<\/td>\n<\/tr>\n<tr>\n<td style=\"padding-left: 40px;\">Irland, Spanien, Polen, Portugal, Slovakei, Slovenien, BeNeLux, D\u00e4nemark, Tschechische Republik, \u00d6sterreich, Frankreich, Italien<\/td>\n<td>15,50 \u20ac<\/td>\n<td>1,00 \u20ac\/kg<\/td>\n<td style=\"padding-right: 40px;\">16,50 \u20ac<\/td>\n<\/tr>\n<tr>\n<td style=\"padding-left: 40px;\">Rest EU<\/td>\n<td>17,00 \u20ac<\/td>\n<td>1,20 \u20ac\/kg<\/td>\n<td style=\"padding-right: 40px;\">18,20 \u20ac<\/td>\n<\/tr>\n<tr>\n<td style=\"padding-left: 40px;\">Norwegen, Schweiz, Gro\u00dfbritannien, Kanarische Inseln und Liechtenstein<\/td>\n<td>19,00 \u20ac<\/td>\n<td>1,50 \u20ac\/kg<\/td>\n<td style=\"padding-right: 40px;\">19,50 \u20ac<\/td>\n<\/tr>\n<tr>\n<td style=\"padding-left: 40px;\">Rest Europa<\/td>\n<td>22,50 \u20ac<\/td>\n<td>2,50 \u20ac\/kg<\/td>\n<td style=\"padding-right: 40px;\">19,50 \u20ac<\/td>\n<\/tr>\n<tr>\n<td style=\"padding-left: 40px;\">Israel, T\u00fcrkei<\/td>\n<td>36,00 \u20ac<\/td>\n<td>3,50 \u20ac\/kg<\/td>\n<td style=\"padding-right: 40px;\">19,50 \u20ac<\/td>\n<\/tr>\n<tr>\n<td style=\"padding-left: 40px;\">Kanada, Japan<\/td>\n<td>42,50 \u20ac<\/td>\n<td>7,50 \u20ac\/kg<\/td>\n<td style=\"padding-right: 40px;\">19,50 \u20ac<\/td>\n<\/tr>\n<tr>\n<td style=\"padding-left: 40px;\">\u00dcbersee, z.B. Singapur, Australien, S\u00fcdafrika, Argentinien, Brasilien, Indien, Mexiko, Pakistan, Neuseeland<\/td>\n<td>54,50 \u20ac<\/td>\n<td>9,50 \u20ac\/kg<\/td>\n<td style=\"padding-right: 40px;\">19,50 \u20ac<\/td>\n<\/tr>\n<\/tbody>\n<\/table>\n<p>*Ein Versand als Warensendung\/Kleinpaket ist nicht versichert! Die Sendungen d\u00fcrfen inklusive Verpackung nicht mehr als 1 kg wiegen und m\u00fcssen bestimmte Ma\u00dfe einhalten (innerdeutsch 35 cm x 25 cm x 8 cm).<\/figure>\n<\/div>\n","protected":false},"excerpt":{"rendered":"<p>Der Versand aus der EU in die USA ist bis auf weiteres eingestellt. Versandkosten Die Versandkostenpauschale ist abh\u00e4ngig vom Ziel und vom Spediteur. In den Versandkosten sind enthalten: Paket\/Briefporto richtet sich nach dem Gewicht der Ware, (im Versandhandel im Gegensatz zur Privatpost innerhalb der EU MwSt-pflichtig) die Versandverpackung: Karton\/Versandtasche Verpackungsmaterial &#8211; Wellpappe, Klebeband Druckkosten, Papier, [&hellip;]<\/p>\n","protected":false},"author":1,"featured_media":0,"parent":0,"menu_order":0,"comment_status":"closed","ping_status":"closed","template":"elementor_header_footer","meta":{"footnotes":""},"class_list":["post-7531","page","type-page","status-publish","hentry"],"wp-worthy-pixel":{"ignored":false,"public":null,"server":null,"url":null},"wp-worthy-type":"normal","_links":{"self":[{"href":"https:\/\/www.hml-fetish.de\/shop\/wp-json\/wp\/v2\/pages\/7531","targetHints":{"allow":["GET"]}}],"collection":[{"href":"https:\/\/www.hml-fetish.de\/shop\/wp-json\/wp\/v2\/pages"}],"about":[{"href":"https:\/\/www.hml-fetish.de\/shop\/wp-json\/wp\/v2\/types\/page"}],"author":[{"embeddable":true,"href":"https:\/\/www.hml-fetish.de\/shop\/wp-json\/wp\/v2\/users\/1"}],"replies":[{"embeddable":true,"href":"https:\/\/www.hml-fetish.de\/shop\/wp-json\/wp\/v2\/comments?post=7531"}],"version-history":[{"count":1,"href":"https:\/\/www.hml-fetish.de\/shop\/wp-json\/wp\/v2\/pages\/7531\/revisions"}],"predecessor-version":[{"id":39704,"href":"https:\/\/www.hml-fetish.de\/shop\/wp-json\/wp\/v2\/pages\/7531\/revisions\/39704"}],"wp:attachment":[{"href":"https:\/\/www.hml-fetish.de\/shop\/wp-json\/wp\/v2\/media?parent=7531"}],"curies":[{"name":"wp","href":"https:\/\/api.w.org\/{rel}","templated":true}]}}