{"id":10,"date":"2022-01-28T16:41:48","date_gmt":"2022-01-28T15:41:48","guid":{"rendered":"https:\/\/www.hml-fetish.de\/shop\/?page_id=10"},"modified":"2025-08-01T10:49:49","modified_gmt":"2025-08-01T08:49:49","slug":"allgemeine-geschaeftsbedingungen","status":"publish","type":"page","link":"https:\/\/www.hml-fetish.de\/shop\/allgemeine-geschaeftsbedingungen\/","title":{"rendered":"Allgemeine Gesch\u00e4ftsbedingungen"},"content":{"rendered":"<figure style=\"padding-left: 40px; padding-right: 40px;\">\n<h2><\/h2>\n<h2 id=\"allgemeine-geschaftsbedingungen\">Allgemeine Gesch\u00e4ftsbedingungen<\/h2>\n<figure><a href=\"https:\/\/www.hml-fetish.de\/shop\/\"><img fetchpriority=\"high\" decoding=\"async\" class=\"alignright\" title=\"Allgemeine Gesch\u00e4ftsbedingungen\" src=\"https:\/\/www.hml-fetish.de\/shop\/wp-content\/uploads\/2022\/01\/Logo-Webshop-Rand.gif\" alt=\"Allgemeine Gesch\u00e4ftsbedingungen\" width=\"350\" height=\"341\" \/><\/a><\/figure>\n<p>Alle im Katalog genannten Preise sind inklusive der gesetzlichen Mehrwertsteuer. Ausnahmen sind Kommissionsartikel im Katalogkapitel &#8220;Flohmarkt&#8221;, die von privat verkauft werden und explizit mit &#8220;0% Mehrwertsteuer&#8221; ausgewiesen werden. Die Preise beziehen sich auf die jeweils beschriebenen Artikel, nicht aber auf Zubeh\u00f6r, Nebenleistungen oder Dekoration. Photos zu den jeweiligen Artikeln dienen ausschlie\u00dflich der Illustration und sind nicht verbindlich.<\/p>\n<p>Dieser Katalog dient der Information. Er ist kein Angebot im rechtlichen Sinn, sondern eine Einladung zum Angebot. Unmittelbar nach Absenden der Bestellung wird eine Eingangsbest\u00e4tigung per E-Mail versandt, die indessen noch keine Annahme des Kaufangebotes darstellt. Die Annahme der Bestellung behalten wir uns vor. Die Annahme der Bestellung und damit auch das Zustandekommen des Vertrages erfolgt erst durch eine ausdr\u00fcckliche schriftliche Best\u00e4tigung durch uns oder aber durch Lieferung der Waren. Bei Irrt\u00fcmern oder Datenbankfehlern im Shop behalten wir uns den R\u00fccktritt vor.<\/p>\n<p>Die Basisw\u00e4hrung ist Euro! Die Vertragssprache ist Deutsch.<\/p>\n<p>Unsere Versandkosten sind abh\u00e4ngig vom gew\u00e4hlten Spediteur und dem Zielland. Die ausf\u00fchrliche Preisliste f\u00fcr In- und Ausland inklusive der Zuschl\u00e4ge f\u00fcr Sonderversandformen (z.B. Express) <strong><a href=\"https:\/\/www.hml-fetish.de\/shop\/versandkosten\/\">kannst Du hier einsehen<\/a><\/strong><a href=\"https:\/\/www.hml-fetish.com\/de\/pages\/shipping.htm\" target=\"_blank\" rel=\"noopener\"><strong>.<\/strong><\/a><\/p>\n<p>Die im Shop bestellbaren Waren sind hier vorr\u00e4tig, es sei denn es ist beim jeweiligen Artikel explizit anders vermerkt. Unsere Regellieferzeit betr\u00e4gt bei vorr\u00e4tiger Ware ein bis f\u00fcnf Werktage (innerhalb Deutschlands), in jedem Fall jedoch schnellstm\u00f6glich. Sollten wir um eine Anzahlung oder Vorauszahlung bitten, k\u00f6nnen sich die Liefertermine verschieben. Sollte ein Artikel einmal nicht lieferbar sein, informieren wir Dich auf der Rechnung und Du erh\u00e4ltst eine Benachrichtigung per e-Mail. Unsere Lieferung erfolgt unter dem Vorbehalt, da\u00df wir selbst rechtzeitig und richtig beliefert werden. Schadenersatz bei versp\u00e4teter Lieferung ist ausgeschlossen, soweit auf unserer Seite keine grobe Fahrl\u00e4ssigkeit besteht.<\/p>\n<h3 id=\"zahlungsweisen\">Zahlungsweisen:<\/h3>\n<p>Die Bezahlung der Waren erfolgt im Voraus per <strong>\u00dcberweisung<\/strong>, <strong>PayPal<\/strong> oder per <strong>Kreditkarte<\/strong>. Im Falle einer Zahlung per Kreditkarte erfolgt die Belastung der Karte \u00fcber den Rechnungsbetrag am Tag der Rechnungsstellung.<\/p>\n<p>Eine Lieferung <strong>per Nachnahme<\/strong> bieten wir im Webshop generell nicht mehr an. Wir bitten Dich auf andere Zahlungsmethoden (z.B. PayPal, \u00dcberweisung oder Kreditkarte) auszuweichen, wenn Du Neukunde bist, oder uns Deine Bestellung schriftlich und unterschrieben per Post zu schicken.<\/p>\n<p>Die Ware bleibt bis zur vollst\u00e4ndigen Bezahlung unser Eigentum. In Sonderf\u00e4llen und bei hohen Betr\u00e4gen behalten wir uns die Wahl der Zahlungsart vor. Die Vertrags-Bedingungen unterliegen ausschlie\u00dflich deutschem Recht.<\/p>\n<p>Offensichtliche M\u00e4ngel solltest Du uns binnen einer Woche nach Erhalt der Ware schriftlich anzeigen. Bei berechtigter M\u00e4ngelanzeige bessern wir die Ware nach oder tauschen um, die Frist hierf\u00fcr betr\u00e4gt mindestens vier Wochen. Schl\u00e4gt auch die Nachlieferung oder -besserung fehl, kannst Du eine Herabsetzung des Preises verlangen oder von der Bestellung zur\u00fccktreten. Weiter gehende Anspr\u00fcche sind jedoch ausgeschlossen.<\/p>\n<p>Umtausch: Bei Irrtum unsererseits \u00fcbernehmen wir auch Deine Versandkosten. Bei Umtausch aus Kulanz \u00fcbernehmen wir nur unsere eigenen Versandkosten. Das heisst: R\u00fccksendungen bitte nur nach Absprache und auf dem preiswertesten Wege. Bitte das zur\u00fcckzusendende Paket freimachen!<\/p>\n<p>HML Fetish \u00fcbernimmt keine Haftung f\u00fcr Sch\u00e4den, die durch nicht sachgem\u00e4\u00dfe Benutzung unserer Artikel an Personen oder Material entstehen.<\/p>\n<p>Gebrauchte und restentleerte Verkaufs-Verpackungen unserer Produkte \u0096 sofern sie nicht den Gr\u00fcnen Punkt tragen oder einem anderen Wertstoffsystem angeschlossen sind \u0096 nehmen wir unentgeltlich zur\u00fcck und sorgen f\u00fcr deren Wiederverwertung oder Entsorgung. <a href=\"mailto:info@hml-fetish.com\"><em>Nimm im Zweifelsfalle wegen der Einzelheiten bitte Kontakt mit uns auf.<\/em><\/a><\/p>\n<h3 id=\"impressum\">Impressum<\/h3>\n<p>HML Fetish, Inh. Dr. Detlef Moller<br \/>\nNeukirchstra\u00dfe 18<br \/>\n28215 Bremen<br \/>\nDeutschland<br \/>\nTel. <a href=\"tel:+49421371430\">+49 421 371430<\/a><br \/>\nFax +49 421 374953<br \/>\nWebseite: <a href=\"https:\/\/www.hml-fetish.de\/shop\/\">https:\/\/www.hml-fetish.de<\/a><br \/>\ne-Mail: <a href=\"mailto:info@hml-fetish.com\">hm-leder@t-online.de<\/a><br \/>\n<a title=\"Delta-Chat: click here!\" href=\"https:\/\/i.delta.chat\/#9A0254421F0A9311116C1F959F587F87E4EE1554&amp;a=3ubvhy2h6%40nine.testrun.org&amp;n=HML&amp;i=pWD1Krv32_GMrfW_-HoKVVgy&amp;s=ca8BdSuC1YtQJpakBIC-FCQK\" target=\"_blank\" rel=\"noopener\">Delta-Chat: click here!<\/a><br \/>\nUSt.-ID Nr. DE 168 160 831<br \/>\nGl\u00e4ubiger ID Nr. DE47HML00000626325<br \/>\nMitglied der Handelskammer Bremen<\/p>\n<h3 id=\"oeffnungszeiten\">\u00d6ffnungszeiten:<\/h3>\n<p>Mo-Fr. 14 bis 18:30h, Sa 12 bis 16h<\/p>\n<p>Inhaltlich Verantwortlicher: Dr. Detlef Moller (Anschrift wie oben)<br \/>\nHaftungshinweis: Trotz sorgf\u00e4ltiger inhaltlicher Kontrolle \u00fcbernehmen wir keine Haftung f\u00fcr die Inhalte externer Links. F\u00fcr den Inhalt der verlinkten Seiten sind ausschlie\u00dflich deren Betreiber verantwortlich.<\/p>\n<h1 id=\"widerrufsrecht\">Widerrufsrecht<\/h1>\n<p>Sie haben das Recht, binnen vierzehn Tagen ohne Angabe von Gr\u00fcnden diesen Vertrag zu widerrufen. Die Widerrufsfrist betr\u00e4gt vierzehn Tage ab dem Tag an dem Sie oder ein von Ihnen benannter Dritter, der nicht der Bef\u00f6rderer ist, die Waren in Besitz genommen haben bzw. hat.<\/p>\n<p>Um Ihr Widerrufsrecht auszu\u00fcben, m\u00fcssen Sie uns<\/p>\n<p>HML Fetish, Inhaber Detlef Moller<br \/>\nNeukirchstr. 18<br \/>\n28215 Bremen<br \/>\nDeutschland<br \/>\nTel. <a href=\"tel:+49421371430\">+49 421 371430<\/a><br \/>\nFax +49 421 374953<br \/>\ne-Mail <a href=\"mailto:info@hml-fetish.de\">info@hml-fetish.de<\/a><\/p>\n<p>mittels einer eindeutigen Erkl\u00e4rung (z.B. ein mit der Post versandter Brief, Telefax oder E-Mail) \u00fcber Ihren Entschlu\u00df, diesen Vertrag zu widerrufen, informieren. Sie k\u00f6nnen daf\u00fcr das beigef\u00fcgte Muster-Widerrufsformular verwenden (<strong><a href=\"https:\/\/www.hml-fetish.de\/shop\/pdf\/widerruf_de.html\">hier abrufen<\/a><\/strong>), das jedoch nicht vorgeschrieben ist. <a href=\"https:\/\/www.hml-fetish.de\/shop\/pdf\/widerruf_de.html\">Sie k\u00f6nnen das Muster-Widerrufsformular oder eine andere eindeutige Erkl\u00e4rung auch auf unserer Webseite<\/a> elektronisch ausf\u00fcllen und \u00fcbermitteln. Machen Sie von dieser M\u00f6glichkeit Gebrauch, so werden wir Ihnen unverz\u00fcglich (z.B. per E-Mail) eine Best\u00e4tigung \u00fcber den Eingang eines solchen Widerrufs \u00fcbermitteln. Zur Wahrung der Widerrufsfrist reicht es aus, dass Sie die Mitteilung \u00fcber die Aus\u00fcbung des Widerrufsrechts vor Ablauf der Widerrufsfrist absenden.<\/p>\n<h4>Widerrufsfolgen<\/h4>\n<p>Wenn Sie diesen Vertrag widerrufen, haben wir Ihnen alle Zahlungen, die wir von Ihnen erhalten haben, einschlie\u00dflich der Lieferkosten (mit Ausnahme der zus\u00e4tzlichen Kosten, die sich daraus ergeben, dass Sie eine andere Art der Lieferung als die von uns angebotene, g\u00fcnstige Standardlieferung gew\u00e4hlt haben), unverz\u00fcglich und sp\u00e4testens binnen vierzehn Tagen ab dem Tag zur\u00fcckzuzahlen, an dem die Mitteilung \u00fcber Ihren Widerruf dieses Vertrags bei uns eingegangen ist. F\u00fcr diese R\u00fcckzahlung verwenden wir dasselbe Zahlungsmittel, das Sie bei der urspr\u00fcnglichen Transaktion eingesetzt haben, es sei denn, mit Ihnen wurde ausdr\u00fccklich etwas anderes vereinbart; in keinem Fall werden Ihnen wegen dieser R\u00fcckzahlung Entgelte berechnet.<\/p>\n<p>Wir k\u00f6nnen die R\u00fcckzahlung verweigern, bis wir die Waren wieder zur\u00fcckerhalten haben oder bis Sie den Nachweis erbracht haben, dass Sie die Waren zur\u00fcckgesandt haben, je nachdem, welches der fr\u00fchere Zeitpunkt ist. Sie haben die Waren unverz\u00fcglich und in jedem Fall sp\u00e4testens binnen vierzehn Tagen ab dem Tag, an dem Sie uns \u00fcber den Widerruf dieses Vertrages unterrichten, an uns zur\u00fcckzusenden oder zu \u00fcbergeben. Die Frist ist gewahrt, wenn Sie die Waren vor Ablauf der Frist von vierzehn Tagen absenden.<\/p>\n<p>Sie tragen die unmittelbaren Kosten der R\u00fccksendung der Waren.<\/p>\n<p>Sie m\u00fcssen f\u00fcr einen etwaigen Wertverlust der Waren nur aufkommen, wenn dieser Wertverlust auf einen zur Pr\u00fcfung der Beschaffenheit, Eigenschaften und Funktionsweise der Waren nicht notwendigen Umgang mit ihnen zur\u00fcckzuf\u00fchren ist.<\/p>\n<p>Ein Widerrufsrecht besteht nicht bei Vertr\u00e4gen zur Lieferung von Waren, die nicht vorgefertigt sind und f\u00fcr deren Herstellung eine individuelle Auswahl oder Bestimmung durch den Verbraucher ma\u00dfgeblich ist oder die eindeutig auf die pers\u00f6nlichen Bed\u00fcrfnisse des Verbrauchers zugeschnitten sind, zur Lieferung von Ton- oder Videoaufnahmen oder Computersoftware in einer versiegelten Packung, wenn die Versiegelung nach der Lieferung entfernt wurde<\/p>\n<h4>Ende der Widerrufsbelehrung<\/h4>\n<p>Ein Widerrufsrecht besteht ebenfalls nicht bei der Lieferung von Waren, die wir in privatem Auftrag lediglich als Vermittler f\u00fcr fremde Rechnung verkaufen (Kommissionsware im Online-Flohmarkt).<\/figure>\n","protected":false},"excerpt":{"rendered":"<p>Allgemeine Gesch\u00e4ftsbedingungen Alle im Katalog genannten Preise sind inklusive der gesetzlichen Mehrwertsteuer. Ausnahmen sind Kommissionsartikel im Katalogkapitel &#8220;Flohmarkt&#8221;, die von privat verkauft werden und explizit mit &#8220;0% Mehrwertsteuer&#8221; ausgewiesen werden. Die Preise beziehen sich auf die jeweils beschriebenen Artikel, nicht aber auf Zubeh\u00f6r, Nebenleistungen oder Dekoration. Photos zu den jeweiligen Artikeln dienen ausschlie\u00dflich der Illustration [&hellip;]<\/p>\n","protected":false},"author":1,"featured_media":0,"parent":0,"menu_order":0,"comment_status":"closed","ping_status":"closed","template":"elementor_header_footer","meta":{"footnotes":""},"class_list":["post-10","page","type-page","status-publish","hentry"],"wp-worthy-pixel":{"ignored":false,"public":"f796495ff966477c83b1e39dbaf1f9fd","server":"vg04.met.vgwort.de","url":"https:\/\/vg04.met.vgwort.de\/na\/f796495ff966477c83b1e39dbaf1f9fd"},"wp-worthy-type":"normal","_links":{"self":[{"href":"https:\/\/www.hml-fetish.de\/shop\/wp-json\/wp\/v2\/pages\/10","targetHints":{"allow":["GET"]}}],"collection":[{"href":"https:\/\/www.hml-fetish.de\/shop\/wp-json\/wp\/v2\/pages"}],"about":[{"href":"https:\/\/www.hml-fetish.de\/shop\/wp-json\/wp\/v2\/types\/page"}],"author":[{"embeddable":true,"href":"https:\/\/www.hml-fetish.de\/shop\/wp-json\/wp\/v2\/users\/1"}],"replies":[{"embeddable":true,"href":"https:\/\/www.hml-fetish.de\/shop\/wp-json\/wp\/v2\/comments?post=10"}],"version-history":[{"count":0,"href":"https:\/\/www.hml-fetish.de\/shop\/wp-json\/wp\/v2\/pages\/10\/revisions"}],"wp:attachment":[{"href":"https:\/\/www.hml-fetish.de\/shop\/wp-json\/wp\/v2\/media?parent=10"}],"curies":[{"name":"wp","href":"https:\/\/api.w.org\/{rel}","templated":true}]}}