{"id":9664,"date":"2022-01-23T22:56:31","date_gmt":"2022-01-23T21:56:31","guid":{"rendered":"https:\/\/www.hml-fetish.de\/shop\/bracelet-code\/"},"modified":"2025-01-16T17:06:03","modified_gmt":"2025-01-16T16:06:03","slug":"bracelet-code","status":"publish","type":"product","link":"https:\/\/www.hml-fetish.de\/shop\/fr\/bracelet-code\/","title":{"rendered":"Bracelet code"},"content":{"rendered":"<p>Cuir de vachette noir brillant avec une bande de cuir color\u00e9 incrust\u00e9e. Travaill\u00e9 soigneusement \u00e0 la main dans notre propre atelier, 40 mm de large. Avec de grands boutons-pression sans nickel. Conseil : les plus petites tailles peuvent servis aussi de cock-ring !<br \/>\n<BR><img decoding=\"async\" src=\"\/GIF\/sizefr_UA.gif\" alt=\"tableau des tailles\" title=\"tableau des tailles\" border=\"0\" height=\"189\" width=\"122\"><\/p>\n<p><P><B>S\u00e9curit\u00e9 du produit:<\/B><BR><br \/>\nIndication d&#8217;allergie : Mat\u00e9riau cuir de vachette, les parties m\u00e9talliques en contact avec la peau sont exemptes de rouille et de nickel<BR>.<br \/>\nPersonne responsable<BR><br \/>\nHML, propri\u00e9taire Dr. Detlef Moller<BR><br \/>\nNeukirchstra\u00dfe 18<BR><br \/>\n28215 Br\u00eame<BR><br \/>\nAllemagne<BR><br \/>\ninfo@hml-fetish.de<\/P><\/p>\n","protected":false},"excerpt":{"rendered":"<h4>Bracelet code<\/h4>\n<p>Cuir de vachette noir brillant avec une bande de cuir color\u00e9 incrust\u00e9e. Travaill\u00e9 soigneusement \u00e0 la main dans notre propre atelier, 40 mm de large. Avec de grands boutons-pression sans nickel. Conseil : les plus petites tailles peuvent servis aussi de cock-ring !<\/p>\n","protected":false},"featured_media":9575,"comment_status":"open","ping_status":"closed","template":"","meta":[],"product_brand":[],"product_cat":[634,732,604,721,734],"product_tag":[4400],"class_list":{"0":"post-9664","1":"product","2":"type-product","3":"status-publish","4":"has-post-thumbnail","6":"product_cat-accessoires-army","7":"product_cat-best-seller","8":"product_cat-bracelets","9":"product_cat-gay-pride-fr","10":"product_cat-promotion","11":"product_tag-hml-fetish-original-fr","12":"product_shipping_class-lettre","14":"first","15":"instock","16":"taxable","17":"shipping-taxable","18":"purchasable","19":"product-type-variable"},"_links":{"self":[{"href":"https:\/\/www.hml-fetish.de\/shop\/fr\/wp-json\/wp\/v2\/product\/9664","targetHints":{"allow":["GET"]}}],"collection":[{"href":"https:\/\/www.hml-fetish.de\/shop\/fr\/wp-json\/wp\/v2\/product"}],"about":[{"href":"https:\/\/www.hml-fetish.de\/shop\/fr\/wp-json\/wp\/v2\/types\/product"}],"replies":[{"embeddable":true,"href":"https:\/\/www.hml-fetish.de\/shop\/fr\/wp-json\/wp\/v2\/comments?post=9664"}],"version-history":[{"count":0,"href":"https:\/\/www.hml-fetish.de\/shop\/fr\/wp-json\/wp\/v2\/product\/9664\/revisions"}],"wp:featuredmedia":[{"embeddable":true,"href":"https:\/\/www.hml-fetish.de\/shop\/fr\/wp-json\/wp\/v2\/media\/9575"}],"wp:attachment":[{"href":"https:\/\/www.hml-fetish.de\/shop\/fr\/wp-json\/wp\/v2\/media?parent=9664"}],"wp:term":[{"taxonomy":"product_brand","embeddable":true,"href":"https:\/\/www.hml-fetish.de\/shop\/fr\/wp-json\/wp\/v2\/product_brand?post=9664"},{"taxonomy":"product_cat","embeddable":true,"href":"https:\/\/www.hml-fetish.de\/shop\/fr\/wp-json\/wp\/v2\/product_cat?post=9664"},{"taxonomy":"product_tag","embeddable":true,"href":"https:\/\/www.hml-fetish.de\/shop\/fr\/wp-json\/wp\/v2\/product_tag?post=9664"}],"curies":[{"name":"wp","href":"https:\/\/api.w.org\/{rel}","templated":true}]}}