{"id":9555,"date":"2022-01-23T22:56:31","date_gmt":"2022-01-23T21:56:31","guid":{"rendered":"https:\/\/www.hml-fetish.de\/shop\/5-cm-bracelet-en-cuir\/"},"modified":"2025-01-16T17:45:55","modified_gmt":"2025-01-16T16:45:55","slug":"5-cm-bracelet-en-cuir","status":"publish","type":"product","link":"https:\/\/www.hml-fetish.de\/shop\/fr\/5-cm-bracelet-en-cuir\/","title":{"rendered":"5 cm Bracelet en cuir"},"content":{"rendered":"<p>Un bracelet en cuir d&#8217;environ 5 cm de large, noir. En cuir de b\u0153uf nappa sup\u00e9rieur. R\u00e9glable \u00e0 l&#8217;aide de boutons-pression. Disponible dans les tailles XS \u00e0 4XL.<br \/>\n<br \/>Sur demande et pour 2 &#038;euro ; suppl\u00e9mentaires, \u00e9galement avec une sangle suppl\u00e9mentaire d&#8217;environ 2 cm de large.<\/p>\n<p><img decoding=\"async\" src=\"\/GIF\/sizefr_UA.gif\" alt=\"tableau des tailles\" title=\"tableau des tailles\" border=\"0\" height=\"189\" width=\"122\"><\/p>\n<p><P><B>S\u00e9curit\u00e9 du produit:<\/B><BR>.<br \/>\nIndication d&#8217;allergie : Mat\u00e9riau cuir de vachette, les parties m\u00e9talliques en contact avec la peau sont exemptes de rouille et de nickel<BR>.<br \/>\nPersonne responsable<BR><br \/>\nHML, propri\u00e9taire Dr. Detlef Moller<BR><br \/>\nNeukirchstra\u00dfe 18<BR><br \/>\n28215 Br\u00eame<BR><br \/>\nAllemagne<BR><br \/>\ninfo@hml-fetish.de<\/P><\/p>\n","protected":false},"excerpt":{"rendered":"<h4>5 cm Bracelet en cuir<\/h4>\n<p>Un bracelet en cuir d&#8217;environ 5 cm de large, noir. En cuir de b\u0153uf nappa sup\u00e9rieur. R\u00e9glable \u00e0 l&#8217;aide de boutons-pression. Disponible dans les tailles XS \u00e0 4XL.<\/p>\n","protected":false},"featured_media":9503,"comment_status":"open","ping_status":"closed","template":"","meta":[],"product_brand":[],"product_cat":[604],"product_tag":[4400],"class_list":{"0":"post-9555","1":"product","2":"type-product","3":"status-publish","4":"has-post-thumbnail","6":"product_cat-bracelets","7":"product_tag-hml-fetish-original-fr","8":"product_shipping_class-lettre","10":"first","11":"instock","12":"taxable","13":"shipping-taxable","14":"purchasable","15":"product-type-variable"},"_links":{"self":[{"href":"https:\/\/www.hml-fetish.de\/shop\/fr\/wp-json\/wp\/v2\/product\/9555","targetHints":{"allow":["GET"]}}],"collection":[{"href":"https:\/\/www.hml-fetish.de\/shop\/fr\/wp-json\/wp\/v2\/product"}],"about":[{"href":"https:\/\/www.hml-fetish.de\/shop\/fr\/wp-json\/wp\/v2\/types\/product"}],"replies":[{"embeddable":true,"href":"https:\/\/www.hml-fetish.de\/shop\/fr\/wp-json\/wp\/v2\/comments?post=9555"}],"version-history":[{"count":0,"href":"https:\/\/www.hml-fetish.de\/shop\/fr\/wp-json\/wp\/v2\/product\/9555\/revisions"}],"wp:featuredmedia":[{"embeddable":true,"href":"https:\/\/www.hml-fetish.de\/shop\/fr\/wp-json\/wp\/v2\/media\/9503"}],"wp:attachment":[{"href":"https:\/\/www.hml-fetish.de\/shop\/fr\/wp-json\/wp\/v2\/media?parent=9555"}],"wp:term":[{"taxonomy":"product_brand","embeddable":true,"href":"https:\/\/www.hml-fetish.de\/shop\/fr\/wp-json\/wp\/v2\/product_brand?post=9555"},{"taxonomy":"product_cat","embeddable":true,"href":"https:\/\/www.hml-fetish.de\/shop\/fr\/wp-json\/wp\/v2\/product_cat?post=9555"},{"taxonomy":"product_tag","embeddable":true,"href":"https:\/\/www.hml-fetish.de\/shop\/fr\/wp-json\/wp\/v2\/product_tag?post=9555"}],"curies":[{"name":"wp","href":"https:\/\/api.w.org\/{rel}","templated":true}]}}