{"id":9491,"date":"2022-01-23T22:56:31","date_gmt":"2022-01-23T21:56:31","guid":{"rendered":"https:\/\/www.hml-fetish.de\/shop\/5-cm-bracelet-en-cuir-noir-rouge-or\/"},"modified":"2025-01-16T18:00:07","modified_gmt":"2025-01-16T17:00:07","slug":"5-cm-bracelet-en-cuir-noir-rouge-or","status":"publish","type":"product","link":"https:\/\/www.hml-fetish.de\/shop\/fr\/5-cm-bracelet-en-cuir-noir-rouge-or\/","title":{"rendered":"5 cm Bracelet en cuir noir-rouge-or"},"content":{"rendered":"<p>Bracelet en cuir compos\u00e9 de trois couches de cuir de vachette, d&#8217;environ 5 cm de large. Avec boutons-pression sans rouille et sans nickel. Dans les tailles XS \u00e0 4XL. Important pour la prochaine Coupe du monde football: La s\u00e9rie de rayures noires, rouges et dor\u00e9es est inspir\u00e9e du drapeau national allemand.<br \/>\n<BR>Astuce: les petites tailles s\u2019adaptent \u00e9galement aux autres parties du corps.<br \/>\n<BR><img decoding=\"async\" src=\"\/GIF\/sizefr_UA.gif\" alt=\"tableau des tailles\" title=\"tableau des tailles\" border=\"0\" height=\"189\" width=\"122\"><br \/>\n<P><B>S\u00e9curit\u00e9 du produit:<\/B><BR>.<br \/>\nIndication d&#8217;allergie : Mat\u00e9riau cuir de vachette, les parties m\u00e9talliques en contact avec la peau sont exemptes de rouille et de nickel<BR>.<br \/>\nPersonne responsable<BR><br \/>\nHML, propri\u00e9taire Dr. Detlef Moller<BR><br \/>\nNeukirchstra\u00dfe 18<BR><br \/>\n28215 Br\u00eame<BR><br \/>\nAllemagne<BR><br \/>\ninfo@hml-fetish.de<\/P><\/p>\n","protected":false},"excerpt":{"rendered":"<h4>5 cm Bracelet en cuir noir-rouge-or<\/h4>\n<p>Bracelet en cuir compos\u00e9 de trois couches de cuir de vachette, d&#8217;environ 5 cm de large. Avec boutons-pression sans rouille et sans nickel. Dans les tailles XS \u00e0 4XL. Important pour la prochaine Coupe du monde football: La s\u00e9rie de rayures noires, rouges et dor\u00e9es est inspir\u00e9e du drapeau national allemand.<\/p>\n","protected":false},"featured_media":37575,"comment_status":"open","ping_status":"closed","template":"","meta":[],"product_brand":[],"product_cat":[604,634,721],"product_tag":[4400],"class_list":{"0":"post-9491","1":"product","2":"type-product","3":"status-publish","4":"has-post-thumbnail","6":"product_cat-bracelets","7":"product_cat-accessoires-army","8":"product_cat-gay-pride-fr","9":"product_tag-hml-fetish-original-fr","10":"product_shipping_class-lettre","12":"first","13":"instock","14":"taxable","15":"shipping-taxable","16":"purchasable","17":"product-type-variable"},"_links":{"self":[{"href":"https:\/\/www.hml-fetish.de\/shop\/fr\/wp-json\/wp\/v2\/product\/9491","targetHints":{"allow":["GET"]}}],"collection":[{"href":"https:\/\/www.hml-fetish.de\/shop\/fr\/wp-json\/wp\/v2\/product"}],"about":[{"href":"https:\/\/www.hml-fetish.de\/shop\/fr\/wp-json\/wp\/v2\/types\/product"}],"replies":[{"embeddable":true,"href":"https:\/\/www.hml-fetish.de\/shop\/fr\/wp-json\/wp\/v2\/comments?post=9491"}],"version-history":[{"count":0,"href":"https:\/\/www.hml-fetish.de\/shop\/fr\/wp-json\/wp\/v2\/product\/9491\/revisions"}],"wp:featuredmedia":[{"embeddable":true,"href":"https:\/\/www.hml-fetish.de\/shop\/fr\/wp-json\/wp\/v2\/media\/37575"}],"wp:attachment":[{"href":"https:\/\/www.hml-fetish.de\/shop\/fr\/wp-json\/wp\/v2\/media?parent=9491"}],"wp:term":[{"taxonomy":"product_brand","embeddable":true,"href":"https:\/\/www.hml-fetish.de\/shop\/fr\/wp-json\/wp\/v2\/product_brand?post=9491"},{"taxonomy":"product_cat","embeddable":true,"href":"https:\/\/www.hml-fetish.de\/shop\/fr\/wp-json\/wp\/v2\/product_cat?post=9491"},{"taxonomy":"product_tag","embeddable":true,"href":"https:\/\/www.hml-fetish.de\/shop\/fr\/wp-json\/wp\/v2\/product_tag?post=9491"}],"curies":[{"name":"wp","href":"https:\/\/api.w.org\/{rel}","templated":true}]}}