{"id":9435,"date":"2022-01-23T22:56:51","date_gmt":"2022-01-23T21:56:51","guid":{"rendered":"https:\/\/www.hml-fetish.de\/shop\/bracelet-porte-feuille-largeur-6-cm\/"},"modified":"2025-01-16T18:20:38","modified_gmt":"2025-01-16T17:20:38","slug":"bracelet-porte-feuille-largeur-6-cm","status":"publish","type":"product","link":"https:\/\/www.hml-fetish.de\/shop\/fr\/bracelet-porte-feuille-largeur-6-cm\/","title":{"rendered":"Bracelet porte-feuille largeur 6 cm"},"content":{"rendered":"<p>Un braclet solide en cuir haut de gemme noir pour un look hot. Au del\u00e0 il est tr\u00e8s pratique puisqu&#8217;il cache une portefeuille pour quelques billets, un peu de monnaie et, s&#8217;il le faut, un pr\u00e9servatif. Et ce m\u00eame au quotidien car le bracelet cuir en tant qu&#8217;accessoire must vient parfaire un look mec qui se respecte. Largeur d&#8217;env. 6 cms. Pressions non-nickel\u00e9es. Disponible en tailles de XS \u00e0 4XL.<br \/>\n<BR><img decoding=\"async\" src=\"\/GIF\/sizefr_UA.gif\" alt=\"tableau des tailles\" title=\"tableau des tailles\" border=\"0\" height=\"189\" width=\"122\"><br \/>\n<P><B>S\u00e9curit\u00e9 du produit:<\/B><BR>.<br \/>\nIndication d&#8217;allergie : Mat\u00e9riau cuir de vachette, les parties m\u00e9talliques en contact avec la peau sont exemptes de rouille et de nickel<BR>.<br \/>\nPersonne responsable<BR><br \/>\nHML, propri\u00e9taire Dr. Detlef Moller<BR><br \/>\nNeukirchstra\u00dfe 18<BR><br \/>\n28215 Br\u00eame<BR><br \/>\nAllemagne<BR><br \/>\ninfo@hml-fetish.de<\/P><\/p>\n","protected":false},"excerpt":{"rendered":"<h4>Bracelet porte-feuille largeur 6 cm<\/h4>\n<p>Un braclet solide en cuir haut de gemme noir pour un look hot. Au del\u00e0 il est tr\u00e8s pratique puisqu&#8217;il cache une portefeuille pour quelques billets, un peu de monnaie et, s&#8217;il le faut, un pr\u00e9servatif. Et ce m\u00eame au quotidien car le bracelet cuir en tant qu&#8217;accessoire must vient parfaire un look mec qui se respecte. Largeur d&#8217;env. 6 cms. Pressions non-nickel\u00e9es. Disponible en tailles de XS \u00e0 4XL.<\/p>\n","protected":false},"featured_media":9417,"comment_status":"open","ping_status":"closed","template":"","meta":[],"product_brand":[],"product_cat":[606,732,604,726],"product_tag":[4400],"class_list":{"0":"post-9435","1":"product","2":"type-product","3":"status-publish","4":"has-post-thumbnail","6":"product_cat-accessoires-fr-2-fr","7":"product_cat-best-seller","8":"product_cat-bracelets","9":"product_cat-divers","10":"product_tag-hml-fetish-original-fr","11":"product_shipping_class-lettre","13":"first","14":"instock","15":"taxable","16":"shipping-taxable","17":"purchasable","18":"product-type-variable"},"_links":{"self":[{"href":"https:\/\/www.hml-fetish.de\/shop\/fr\/wp-json\/wp\/v2\/product\/9435","targetHints":{"allow":["GET"]}}],"collection":[{"href":"https:\/\/www.hml-fetish.de\/shop\/fr\/wp-json\/wp\/v2\/product"}],"about":[{"href":"https:\/\/www.hml-fetish.de\/shop\/fr\/wp-json\/wp\/v2\/types\/product"}],"replies":[{"embeddable":true,"href":"https:\/\/www.hml-fetish.de\/shop\/fr\/wp-json\/wp\/v2\/comments?post=9435"}],"version-history":[{"count":0,"href":"https:\/\/www.hml-fetish.de\/shop\/fr\/wp-json\/wp\/v2\/product\/9435\/revisions"}],"wp:featuredmedia":[{"embeddable":true,"href":"https:\/\/www.hml-fetish.de\/shop\/fr\/wp-json\/wp\/v2\/media\/9417"}],"wp:attachment":[{"href":"https:\/\/www.hml-fetish.de\/shop\/fr\/wp-json\/wp\/v2\/media?parent=9435"}],"wp:term":[{"taxonomy":"product_brand","embeddable":true,"href":"https:\/\/www.hml-fetish.de\/shop\/fr\/wp-json\/wp\/v2\/product_brand?post=9435"},{"taxonomy":"product_cat","embeddable":true,"href":"https:\/\/www.hml-fetish.de\/shop\/fr\/wp-json\/wp\/v2\/product_cat?post=9435"},{"taxonomy":"product_tag","embeddable":true,"href":"https:\/\/www.hml-fetish.de\/shop\/fr\/wp-json\/wp\/v2\/product_tag?post=9435"}],"curies":[{"name":"wp","href":"https:\/\/api.w.org\/{rel}","templated":true}]}}