{"id":9374,"date":"2022-01-23T22:56:51","date_gmt":"2022-01-23T21:56:51","guid":{"rendered":"https:\/\/www.hml-fetish.de\/shop\/gauntlet-avec-porte-monnaie\/"},"modified":"2025-01-17T16:54:10","modified_gmt":"2025-01-17T15:54:10","slug":"gauntlet-avec-porte-monnaie","status":"publish","type":"product","link":"https:\/\/www.hml-fetish.de\/shop\/fr\/gauntlet-avec-porte-monnaie\/","title":{"rendered":"Gauntlet avec porte-monnaie"},"content":{"rendered":"<p>Pour les billets de banque, les notes, etc : Une manchette d&#8217;avant-bras d&#8217;environ 10 cm de large de notre propre production avec une poche \u00e0 fente \u00e0 l&#8217;int\u00e9rieur. Cuir de b\u0153uf noir brillant avec liser\u00e9 sur le pourtour. Disponible dans les tailles S \u00e0 XL.<br \/>\n<BR><BR><img decoding=\"async\" src=\"\/GIF\/size_UA.gif\" alt=\"Gr\u00f6\u00dfentabelle\" title=\"Gr\u00f6\u00dfentabelle\" border=\"0\" height=\"189\" width=\"122\"><\/p>\n<p><P><B>S\u00e9curit\u00e9 du produit:<\/B><BR><br \/>\nIndication d&#8217;allergie : Mat\u00e9riau cuir de vachette, les parties m\u00e9talliques en contact avec la peau sont exemptes de rouille et de nickel<BR>.<br \/>\nPersonne responsable<BR><br \/>\nHML, propri\u00e9taire Dr. Detlef Moller<BR><br \/>\nNeukirchstra\u00dfe 18<BR><br \/>\n28215 Br\u00eame<BR><br \/>\nAllemagne<BR><br \/>\ninfo@hml-fetish.de<\/P><\/p>\n","protected":false},"excerpt":{"rendered":"<h4>Gauntlet avec porte-monnaie<\/h4>\n<p>Pour les billets de banque, les notes, etc : Une manchette d&#8217;avant-bras d&#8217;environ 10 cm de large de notre propre production avec une poche \u00e0 fente \u00e0 l&#8217;int\u00e9rieur. Cuir de b\u0153uf noir brillant avec liser\u00e9 sur le pourtour. Disponible dans les tailles S \u00e0 XL.<\/p>\n","protected":false},"featured_media":9361,"comment_status":"open","ping_status":"closed","template":"","meta":[],"product_brand":[],"product_cat":[604,606],"product_tag":[4400],"class_list":{"0":"post-9374","1":"product","2":"type-product","3":"status-publish","4":"has-post-thumbnail","6":"product_cat-bracelets","7":"product_cat-accessoires-fr-2-fr","8":"product_tag-hml-fetish-original-fr","9":"product_shipping_class-lettre","11":"first","12":"instock","13":"taxable","14":"shipping-taxable","15":"purchasable","16":"product-type-variable"},"_links":{"self":[{"href":"https:\/\/www.hml-fetish.de\/shop\/fr\/wp-json\/wp\/v2\/product\/9374","targetHints":{"allow":["GET"]}}],"collection":[{"href":"https:\/\/www.hml-fetish.de\/shop\/fr\/wp-json\/wp\/v2\/product"}],"about":[{"href":"https:\/\/www.hml-fetish.de\/shop\/fr\/wp-json\/wp\/v2\/types\/product"}],"replies":[{"embeddable":true,"href":"https:\/\/www.hml-fetish.de\/shop\/fr\/wp-json\/wp\/v2\/comments?post=9374"}],"version-history":[{"count":0,"href":"https:\/\/www.hml-fetish.de\/shop\/fr\/wp-json\/wp\/v2\/product\/9374\/revisions"}],"wp:featuredmedia":[{"embeddable":true,"href":"https:\/\/www.hml-fetish.de\/shop\/fr\/wp-json\/wp\/v2\/media\/9361"}],"wp:attachment":[{"href":"https:\/\/www.hml-fetish.de\/shop\/fr\/wp-json\/wp\/v2\/media?parent=9374"}],"wp:term":[{"taxonomy":"product_brand","embeddable":true,"href":"https:\/\/www.hml-fetish.de\/shop\/fr\/wp-json\/wp\/v2\/product_brand?post=9374"},{"taxonomy":"product_cat","embeddable":true,"href":"https:\/\/www.hml-fetish.de\/shop\/fr\/wp-json\/wp\/v2\/product_cat?post=9374"},{"taxonomy":"product_tag","embeddable":true,"href":"https:\/\/www.hml-fetish.de\/shop\/fr\/wp-json\/wp\/v2\/product_tag?post=9374"}],"curies":[{"name":"wp","href":"https:\/\/api.w.org\/{rel}","templated":true}]}}