{"id":9328,"date":"2022-01-23T22:56:53","date_gmt":"2022-01-23T21:56:53","guid":{"rendered":"https:\/\/www.hml-fetish.de\/shop\/bracelet-porte-feuille-avec-bande-en-couleur\/"},"modified":"2025-01-16T18:10:39","modified_gmt":"2025-01-16T17:10:39","slug":"bracelet-porte-feuille-avec-bande-en-couleur","status":"publish","type":"product","link":"https:\/\/www.hml-fetish.de\/shop\/fr\/bracelet-porte-feuille-avec-bande-en-couleur\/","title":{"rendered":"Bracelet porte-feuille avec bande en couleur"},"content":{"rendered":"<p>Un braclet solide en cuir haut de gemme pour un look hot et complice gr\u00e2ce aux coloris hanky. Au del\u00e0 il est tr\u00e8s pratique puisqu&#8217;il cache une portefeuille pour quelques billets, un peu de monnaie et, s&#8217;il le faut, un pr\u00e9servatif. Et ce m\u00eame au quotidien car le bracelet cuir en tant qu&#8217;accessoire must vient parfaire un look mec qui se respecte.<br \/>\n<BR><br \/>Largeur d&#8217;env. 60 mm avec une pi\u00e8ce ins\u00e9r\u00e9e en 6 couleurs: noir, rouge, bleu, jaune, gris et blanc.<br \/>\n<img decoding=\"async\" src=\"\/GIF\/sizefr_UA.gif\" alt=\"tableau des tailles\" title=\"tableau des tailles\" border=\"0\" height=\"189\" width=\"122\"><br \/>\n<P><B>S\u00e9curit\u00e9 du produit:<\/B><BR>.<br \/>\nIndication d&#8217;allergie : Mat\u00e9riau cuir de vachette, les parties m\u00e9talliques en contact avec la peau sont exemptes de rouille et de nickel<BR>.<br \/>\nPersonne responsable<BR><br \/>\nHML, propri\u00e9taire Dr. Detlef Moller<BR><br \/>\nNeukirchstra\u00dfe 18<BR><br \/>\n28215 Br\u00eame<BR><br \/>\nAllemagne<BR><br \/>\ninfo@hml-fetish.de<\/P><\/p>\n","protected":false},"excerpt":{"rendered":"<h4>Bracelet porte-feuille avec bande en couleur<\/h4>\n<p>Un braclet solide en cuir haut de gemme pour un look hot et complice gr\u00e2ce aux coloris hanky. Au del\u00e0 il est tr\u00e8s pratique puisqu&#8217;il cache une portefeuille pour quelques billets, un peu de monnaie et, s&#8217;il le faut, un pr\u00e9servatif. Et ce m\u00eame au quotidien car le bracelet cuir en tant qu&#8217;accessoire must vient parfaire un look mec qui se respecte.<\/p>\n","protected":false},"featured_media":9241,"comment_status":"open","ping_status":"closed","template":"","meta":[],"product_brand":[],"product_cat":[604,732,721],"product_tag":[4394,4400],"class_list":{"0":"post-9328","1":"product","2":"type-product","3":"status-publish","4":"has-post-thumbnail","6":"product_cat-bracelets","7":"product_cat-best-seller","8":"product_cat-gay-pride-fr","9":"product_tag-bestseller-accessoires","10":"product_tag-hml-fetish-original-fr","11":"product_shipping_class-lettre","13":"first","14":"instock","15":"taxable","16":"shipping-taxable","17":"purchasable","18":"product-type-variable"},"_links":{"self":[{"href":"https:\/\/www.hml-fetish.de\/shop\/fr\/wp-json\/wp\/v2\/product\/9328","targetHints":{"allow":["GET"]}}],"collection":[{"href":"https:\/\/www.hml-fetish.de\/shop\/fr\/wp-json\/wp\/v2\/product"}],"about":[{"href":"https:\/\/www.hml-fetish.de\/shop\/fr\/wp-json\/wp\/v2\/types\/product"}],"replies":[{"embeddable":true,"href":"https:\/\/www.hml-fetish.de\/shop\/fr\/wp-json\/wp\/v2\/comments?post=9328"}],"version-history":[{"count":0,"href":"https:\/\/www.hml-fetish.de\/shop\/fr\/wp-json\/wp\/v2\/product\/9328\/revisions"}],"wp:featuredmedia":[{"embeddable":true,"href":"https:\/\/www.hml-fetish.de\/shop\/fr\/wp-json\/wp\/v2\/media\/9241"}],"wp:attachment":[{"href":"https:\/\/www.hml-fetish.de\/shop\/fr\/wp-json\/wp\/v2\/media?parent=9328"}],"wp:term":[{"taxonomy":"product_brand","embeddable":true,"href":"https:\/\/www.hml-fetish.de\/shop\/fr\/wp-json\/wp\/v2\/product_brand?post=9328"},{"taxonomy":"product_cat","embeddable":true,"href":"https:\/\/www.hml-fetish.de\/shop\/fr\/wp-json\/wp\/v2\/product_cat?post=9328"},{"taxonomy":"product_tag","embeddable":true,"href":"https:\/\/www.hml-fetish.de\/shop\/fr\/wp-json\/wp\/v2\/product_tag?post=9328"}],"curies":[{"name":"wp","href":"https:\/\/api.w.org\/{rel}","templated":true}]}}