{"id":9238,"date":"2022-01-23T22:56:54","date_gmt":"2022-01-23T21:56:54","guid":{"rendered":"https:\/\/www.hml-fetish.de\/shop\/ceinture-olive\/"},"modified":"2022-01-23T22:56:54","modified_gmt":"2022-01-23T21:56:54","slug":"ceinture-olive","status":"publish","type":"product","link":"https:\/\/www.hml-fetish.de\/shop\/fr\/ceinture-olive\/","title":{"rendered":"Ceinture olive"},"content":{"rendered":"<p>A l&#8217;origine, la ceinture du pantalon de l&#8217;arm\u00e9e am\u00e9ricaine, cette petite chose solide est devenue tr\u00e8s \u00e0 la mode. Elle est aussi tr\u00e8s jolie avec un jean. La ceinture a une largeur de 3 cm au choix et est livr\u00e9e dans une longueur universelle avec une fermeture \u00e0 pince. La boucle est nickel\u00e9e.<\/p>\n","protected":false},"excerpt":{"rendered":"<h4>Ceinture olive<\/h4>\n<p>Eigentlich der G\u00fcrtel zur US Army Anzughose ist das stabile kleine Ding inzwischen voll in Mode. Sieht zur Jeans auch scharf aus. Der G\u00fcrtel ist 3 cm breit und kommt in einer Universall\u00e4nge mit Klemmverschlu\u00df. Die Schlie\u00dfe ist spiegelblank vernickelt.<\/p>\n","protected":false},"featured_media":9223,"comment_status":"open","ping_status":"closed","template":"","meta":[],"product_brand":[],"product_cat":[634,752],"product_tag":[],"class_list":{"0":"post-9238","1":"product","2":"type-product","3":"status-publish","4":"has-post-thumbnail","6":"product_cat-accessoires-army","7":"product_cat-fin-de-serie","8":"product_shipping_class-colis-fr","10":"first","11":"instock","12":"taxable","13":"shipping-taxable","14":"purchasable","15":"product-type-simple"},"_links":{"self":[{"href":"https:\/\/www.hml-fetish.de\/shop\/fr\/wp-json\/wp\/v2\/product\/9238","targetHints":{"allow":["GET"]}}],"collection":[{"href":"https:\/\/www.hml-fetish.de\/shop\/fr\/wp-json\/wp\/v2\/product"}],"about":[{"href":"https:\/\/www.hml-fetish.de\/shop\/fr\/wp-json\/wp\/v2\/types\/product"}],"replies":[{"embeddable":true,"href":"https:\/\/www.hml-fetish.de\/shop\/fr\/wp-json\/wp\/v2\/comments?post=9238"}],"version-history":[{"count":0,"href":"https:\/\/www.hml-fetish.de\/shop\/fr\/wp-json\/wp\/v2\/product\/9238\/revisions"}],"wp:featuredmedia":[{"embeddable":true,"href":"https:\/\/www.hml-fetish.de\/shop\/fr\/wp-json\/wp\/v2\/media\/9223"}],"wp:attachment":[{"href":"https:\/\/www.hml-fetish.de\/shop\/fr\/wp-json\/wp\/v2\/media?parent=9238"}],"wp:term":[{"taxonomy":"product_brand","embeddable":true,"href":"https:\/\/www.hml-fetish.de\/shop\/fr\/wp-json\/wp\/v2\/product_brand?post=9238"},{"taxonomy":"product_cat","embeddable":true,"href":"https:\/\/www.hml-fetish.de\/shop\/fr\/wp-json\/wp\/v2\/product_cat?post=9238"},{"taxonomy":"product_tag","embeddable":true,"href":"https:\/\/www.hml-fetish.de\/shop\/fr\/wp-json\/wp\/v2\/product_tag?post=9238"}],"curies":[{"name":"wp","href":"https:\/\/api.w.org\/{rel}","templated":true}]}}