{"id":9142,"date":"2022-01-23T22:56:55","date_gmt":"2022-01-23T21:56:55","guid":{"rendered":"https:\/\/www.hml-fetish.de\/shop\/ceinture-sam-browne\/"},"modified":"2022-01-23T22:56:55","modified_gmt":"2022-01-23T21:56:55","slug":"ceinture-sam-browne","status":"publish","type":"product","link":"https:\/\/www.hml-fetish.de\/shop\/fr\/ceinture-sam-browne\/","title":{"rendered":"Ceinture Sam-Browne"},"content":{"rendered":"<p>La ceinture must pour compl\u00e9ter le look cuir int\u00e9gral ou bien l&#8217;uniforme de cop am\u00e9ricain en cuir \u00e9pais soit \u00e0 la surface lisse soit ponc\u00e9e \u00e0 l&#8217;ozier. Environ 57 mm de large. La boucle au choix en \u00e9tain ou en \u00e9tain nickel\u00e9. Disponible en tailles pouce paire de 28&#8243; \u00e0 50&#8243;. Si la ceinture est destin\u00e9 pour garnir un perfecto, nous conseillons de la commander deux tailles au dessus de la taille habituelle. Si elle est port\u00e9e de mani\u00e8re classique au dessus de la ceinture de pantalon, il suffira de la pr\u00e9voir en une taille au dessus de la taille habituelle.<\/p>\n","protected":false},"excerpt":{"rendered":"<h4>Ceinture Sam-Browne<\/h4>\n<p>La ceinture must pour compl\u00e9ter le look cuir int\u00e9gral ou bien l&#8217;uniforme de cop am\u00e9ricain en cuir \u00e9pais soit \u00e0 la surface lisse soit ponc\u00e9e \u00e0 l&#8217;ozier. Environ 57 mm de large. La boucle au choix en \u00e9tain ou en \u00e9tain nickel\u00e9.<\/p>\n","protected":false},"featured_media":8954,"comment_status":"open","ping_status":"closed","template":"","meta":[],"product_brand":[],"product_cat":[646,601,752],"product_tag":[],"class_list":{"0":"post-9142","1":"product","2":"type-product","3":"status-publish","4":"has-post-thumbnail","6":"product_cat-ceintures-straps","7":"product_cat-ceintures-straps-fr","8":"product_cat-fin-de-serie","9":"product_shipping_class-colis-fr","11":"first","12":"instock","13":"taxable","14":"shipping-taxable","15":"purchasable","16":"product-type-variable"},"_links":{"self":[{"href":"https:\/\/www.hml-fetish.de\/shop\/fr\/wp-json\/wp\/v2\/product\/9142","targetHints":{"allow":["GET"]}}],"collection":[{"href":"https:\/\/www.hml-fetish.de\/shop\/fr\/wp-json\/wp\/v2\/product"}],"about":[{"href":"https:\/\/www.hml-fetish.de\/shop\/fr\/wp-json\/wp\/v2\/types\/product"}],"replies":[{"embeddable":true,"href":"https:\/\/www.hml-fetish.de\/shop\/fr\/wp-json\/wp\/v2\/comments?post=9142"}],"version-history":[{"count":0,"href":"https:\/\/www.hml-fetish.de\/shop\/fr\/wp-json\/wp\/v2\/product\/9142\/revisions"}],"wp:featuredmedia":[{"embeddable":true,"href":"https:\/\/www.hml-fetish.de\/shop\/fr\/wp-json\/wp\/v2\/media\/8954"}],"wp:attachment":[{"href":"https:\/\/www.hml-fetish.de\/shop\/fr\/wp-json\/wp\/v2\/media?parent=9142"}],"wp:term":[{"taxonomy":"product_brand","embeddable":true,"href":"https:\/\/www.hml-fetish.de\/shop\/fr\/wp-json\/wp\/v2\/product_brand?post=9142"},{"taxonomy":"product_cat","embeddable":true,"href":"https:\/\/www.hml-fetish.de\/shop\/fr\/wp-json\/wp\/v2\/product_cat?post=9142"},{"taxonomy":"product_tag","embeddable":true,"href":"https:\/\/www.hml-fetish.de\/shop\/fr\/wp-json\/wp\/v2\/product_tag?post=9142"}],"curies":[{"name":"wp","href":"https:\/\/api.w.org\/{rel}","templated":true}]}}