{"id":9022,"date":"2022-01-23T22:56:56","date_gmt":"2022-01-23T21:56:56","guid":{"rendered":"https:\/\/www.hml-fetish.de\/shop\/dragonne-lisse-pour-porche\/"},"modified":"2022-02-05T15:11:26","modified_gmt":"2022-02-05T14:11:26","slug":"dragonne-lisse-pour-porche","status":"publish","type":"product","link":"https:\/\/www.hml-fetish.de\/shop\/fr\/dragonne-lisse-pour-porche\/","title":{"rendered":"Dragonne lisse pour porche"},"content":{"rendered":"<p>Un passant de ceinture pour la lampe de poche. Cuir vierge noir. L&#8217;anneau en plastique prot\u00e8ge des \u00e9raflures et peut contenir des torches \u00e0 main d&#8217;un diam\u00e8tre d&#8217;environ 45 mm. Donc les MagLites habituelles et les mod\u00e8les apparent\u00e9s.<\/p>\n","protected":false},"excerpt":{"rendered":"<h4>Dragonne lisse pour porche<\/h4>\n<p>Un passant de ceinture pour la lampe de poche. Cuir vierge noir. L&#8217;anneau en plastique prot\u00e8ge des \u00e9raflures et peut contenir des torches \u00e0 main d&#8217;un diam\u00e8tre d&#8217;environ 45 mm. Donc les MagLites habituelles et les mod\u00e8les apparent\u00e9s. L&#8217;anneau en plastique prot\u00e8ge des \u00e9raflures et peut contenir des torches \u00e0 main d&#8217;un diam\u00e8tre d&#8217;environ 45 mm. Donc les MagLites habituelles et les mod\u00e8les apparent\u00e9s.<\/p>\n","protected":false},"featured_media":9008,"comment_status":"open","ping_status":"closed","template":"","meta":[],"product_brand":[],"product_cat":[649,752],"product_tag":[],"class_list":{"0":"post-9022","1":"product","2":"type-product","3":"status-publish","4":"has-post-thumbnail","6":"product_cat-accessoires-fr","7":"product_cat-fin-de-serie","8":"product_shipping_class-lettre","10":"first","11":"instock","12":"taxable","13":"shipping-taxable","14":"purchasable","15":"product-type-simple"},"_links":{"self":[{"href":"https:\/\/www.hml-fetish.de\/shop\/fr\/wp-json\/wp\/v2\/product\/9022","targetHints":{"allow":["GET"]}}],"collection":[{"href":"https:\/\/www.hml-fetish.de\/shop\/fr\/wp-json\/wp\/v2\/product"}],"about":[{"href":"https:\/\/www.hml-fetish.de\/shop\/fr\/wp-json\/wp\/v2\/types\/product"}],"replies":[{"embeddable":true,"href":"https:\/\/www.hml-fetish.de\/shop\/fr\/wp-json\/wp\/v2\/comments?post=9022"}],"version-history":[{"count":0,"href":"https:\/\/www.hml-fetish.de\/shop\/fr\/wp-json\/wp\/v2\/product\/9022\/revisions"}],"wp:featuredmedia":[{"embeddable":true,"href":"https:\/\/www.hml-fetish.de\/shop\/fr\/wp-json\/wp\/v2\/media\/9008"}],"wp:attachment":[{"href":"https:\/\/www.hml-fetish.de\/shop\/fr\/wp-json\/wp\/v2\/media?parent=9022"}],"wp:term":[{"taxonomy":"product_brand","embeddable":true,"href":"https:\/\/www.hml-fetish.de\/shop\/fr\/wp-json\/wp\/v2\/product_brand?post=9022"},{"taxonomy":"product_cat","embeddable":true,"href":"https:\/\/www.hml-fetish.de\/shop\/fr\/wp-json\/wp\/v2\/product_cat?post=9022"},{"taxonomy":"product_tag","embeddable":true,"href":"https:\/\/www.hml-fetish.de\/shop\/fr\/wp-json\/wp\/v2\/product_tag?post=9022"}],"curies":[{"name":"wp","href":"https:\/\/api.w.org\/{rel}","templated":true}]}}