{"id":8986,"date":"2022-01-23T22:56:57","date_gmt":"2022-01-23T21:56:57","guid":{"rendered":"https:\/\/www.hml-fetish.de\/shop\/ceinture-garrison\/"},"modified":"2022-01-23T22:56:57","modified_gmt":"2022-01-23T21:56:57","slug":"ceinture-garrison","status":"publish","type":"product","link":"https:\/\/www.hml-fetish.de\/shop\/fr\/ceinture-garrison\/","title":{"rendered":"Ceinture Garrison"},"content":{"rendered":"<p>La ceinture pour l&#8217;uniform de police. Environ 43 mm de largeur et lisse\/gaufr\u00e9e au dessin de vannerie. Boucle double, nickel\u00e9e. Disponible dans les tailles paires de 28 \u00e0 46 pouces. Fin de serie.<\/p>\n","protected":false},"excerpt":{"rendered":"<h4>Ceinture Garrison<\/h4>\n<p>La ceinture pour l&#8217;uniform de police. Environ 43 mm de largeur et lisse\/gaufr\u00e9e au dessin de vannerie. Boucle double, nickel\u00e9e. Disponible dans les tailles paires de 28 \u00e0 46 pouces. Fin de serie.<\/p>\n","protected":false},"featured_media":8951,"comment_status":"open","ping_status":"closed","template":"","meta":[],"product_brand":[],"product_cat":[601,646,752],"product_tag":[],"class_list":{"0":"post-8986","1":"product","2":"type-product","3":"status-publish","4":"has-post-thumbnail","6":"product_cat-ceintures-straps-fr","7":"product_cat-ceintures-straps","8":"product_cat-fin-de-serie","9":"product_shipping_class-colis-fr","11":"first","12":"instock","13":"taxable","14":"shipping-taxable","15":"purchasable","16":"product-type-variable"},"_links":{"self":[{"href":"https:\/\/www.hml-fetish.de\/shop\/fr\/wp-json\/wp\/v2\/product\/8986","targetHints":{"allow":["GET"]}}],"collection":[{"href":"https:\/\/www.hml-fetish.de\/shop\/fr\/wp-json\/wp\/v2\/product"}],"about":[{"href":"https:\/\/www.hml-fetish.de\/shop\/fr\/wp-json\/wp\/v2\/types\/product"}],"replies":[{"embeddable":true,"href":"https:\/\/www.hml-fetish.de\/shop\/fr\/wp-json\/wp\/v2\/comments?post=8986"}],"version-history":[{"count":0,"href":"https:\/\/www.hml-fetish.de\/shop\/fr\/wp-json\/wp\/v2\/product\/8986\/revisions"}],"wp:featuredmedia":[{"embeddable":true,"href":"https:\/\/www.hml-fetish.de\/shop\/fr\/wp-json\/wp\/v2\/media\/8951"}],"wp:attachment":[{"href":"https:\/\/www.hml-fetish.de\/shop\/fr\/wp-json\/wp\/v2\/media?parent=8986"}],"wp:term":[{"taxonomy":"product_brand","embeddable":true,"href":"https:\/\/www.hml-fetish.de\/shop\/fr\/wp-json\/wp\/v2\/product_brand?post=8986"},{"taxonomy":"product_cat","embeddable":true,"href":"https:\/\/www.hml-fetish.de\/shop\/fr\/wp-json\/wp\/v2\/product_cat?post=8986"},{"taxonomy":"product_tag","embeddable":true,"href":"https:\/\/www.hml-fetish.de\/shop\/fr\/wp-json\/wp\/v2\/product_tag?post=8986"}],"curies":[{"name":"wp","href":"https:\/\/api.w.org\/{rel}","templated":true}]}}