{"id":8874,"date":"2022-01-23T22:57:20","date_gmt":"2022-01-23T21:57:20","guid":{"rendered":"https:\/\/www.hml-fetish.de\/shop\/chemise-treillis\/"},"modified":"2023-02-24T14:39:15","modified_gmt":"2023-02-24T13:39:15","slug":"chemise-treillis","status":"publish","type":"product","link":"https:\/\/www.hml-fetish.de\/shop\/fr\/chemise-treillis\/","title":{"rendered":"Chemise treillis"},"content":{"rendered":"<p>Une chemise de travail simple en 65 % polyester, 35 % coton. Avec deux poches \u00e0 rabat et des \u00e9paulettes. Disponible en noir, bleu fonc\u00e9, olive et woodland. Disponible en tant que chemise \u00e0 manches longues et \u00e0 manches courtes ou longes.<br \/>\n<BR><img decoding=\"async\" src=\"\/GIF\/sizefr_unisex_up.gif\" alt=\"tableau des tailles\" title=\"tableau des tailles\" border=\"0\" height=\"194\" width=\"114\"><\/p>\n","protected":false},"excerpt":{"rendered":"<h4>Chemise treillis<\/h4>\n<p>Une chemise de travail simple en 65 % polyester, 35 % coton. Avec deux poches \u00e0 rabat et des \u00e9paulettes. Disponible en noir, bleu fonc\u00e9, olive et woodland. Disponible en tant que chemise \u00e0 manches longues et \u00e0 manches courtes ou longes.<\/p>\n","protected":false},"featured_media":8738,"comment_status":"open","ping_status":"closed","template":"","meta":[],"product_brand":[],"product_cat":[752,630],"product_tag":[],"class_list":{"0":"post-8874","1":"product","2":"type-product","3":"status-publish","4":"has-post-thumbnail","6":"product_cat-fin-de-serie","7":"product_cat-vetements-army","8":"product_shipping_class-colis-fr","10":"first","11":"instock","12":"sale","13":"taxable","14":"shipping-taxable","15":"purchasable","16":"product-type-variable"},"_links":{"self":[{"href":"https:\/\/www.hml-fetish.de\/shop\/fr\/wp-json\/wp\/v2\/product\/8874","targetHints":{"allow":["GET"]}}],"collection":[{"href":"https:\/\/www.hml-fetish.de\/shop\/fr\/wp-json\/wp\/v2\/product"}],"about":[{"href":"https:\/\/www.hml-fetish.de\/shop\/fr\/wp-json\/wp\/v2\/types\/product"}],"replies":[{"embeddable":true,"href":"https:\/\/www.hml-fetish.de\/shop\/fr\/wp-json\/wp\/v2\/comments?post=8874"}],"version-history":[{"count":0,"href":"https:\/\/www.hml-fetish.de\/shop\/fr\/wp-json\/wp\/v2\/product\/8874\/revisions"}],"wp:featuredmedia":[{"embeddable":true,"href":"https:\/\/www.hml-fetish.de\/shop\/fr\/wp-json\/wp\/v2\/media\/8738"}],"wp:attachment":[{"href":"https:\/\/www.hml-fetish.de\/shop\/fr\/wp-json\/wp\/v2\/media?parent=8874"}],"wp:term":[{"taxonomy":"product_brand","embeddable":true,"href":"https:\/\/www.hml-fetish.de\/shop\/fr\/wp-json\/wp\/v2\/product_brand?post=8874"},{"taxonomy":"product_cat","embeddable":true,"href":"https:\/\/www.hml-fetish.de\/shop\/fr\/wp-json\/wp\/v2\/product_cat?post=8874"},{"taxonomy":"product_tag","embeddable":true,"href":"https:\/\/www.hml-fetish.de\/shop\/fr\/wp-json\/wp\/v2\/product_tag?post=8874"}],"curies":[{"name":"wp","href":"https:\/\/api.w.org\/{rel}","templated":true}]}}