{"id":8672,"date":"2022-01-23T22:57:21","date_gmt":"2022-01-23T21:57:21","guid":{"rendered":"https:\/\/www.hml-fetish.de\/shop\/pantalons-bdu-style\/"},"modified":"2022-01-23T22:57:21","modified_gmt":"2022-01-23T21:57:21","slug":"pantalons-bdu-style","status":"publish","type":"product","link":"https:\/\/www.hml-fetish.de\/shop\/fr\/pantalons-bdu-style\/","title":{"rendered":"Pantalons BDU-Style"},"content":{"rendered":"<p>Le pantalon de campagne am\u00e9ricain extr\u00eamement populaire avec son look muscl\u00e9. D\u00e9contract\u00e9 au niveau des jambes et tr\u00e8s croustillant au niveau des fesses, soulign\u00e9 par un renfort suppl\u00e9mentaire cousu. Braguette avec patte de boutonnage cach\u00e9e ou fermeture \u00e0 glissi\u00e8re. Deux \u00e9normes poches cargo sur les cuisses. Deux poches \u00e0 rabat \u00e0 l&#8217;arri\u00e8re. Genoux renforc\u00e9s avec plis d&#8217;extension. Bas de jambes avec cordons de serrage.<\/p>\n<p>Nous proposons ici une r\u00e9plique robuste et bon march\u00e9, compos\u00e9e de 65 % de polyester et de 35 % de coton. Fabriqu\u00e9e selon la m\u00eame coupe que l&#8217;uniforme original de la Battle Dress.<br \/>\n<BR><BR><img decoding=\"async\" src=\"\/template\/sizeen_UH22.gif\" alt=\"tableau de taille\" title=\"tableau de taille\" border=\"0\" height=\"145\" width=\"95\"><\/p>\n","protected":false},"excerpt":{"rendered":"<h4>Pantalons BDU-Style<\/h4>\n<p>Le pantalon de campagne am\u00e9ricain extr\u00eamement populaire avec son look muscl\u00e9. D\u00e9contract\u00e9 au niveau des jambes et tr\u00e8s croustillant au niveau des fesses, soulign\u00e9 par un renfort suppl\u00e9mentaire cousu. Braguette avec patte de boutonnage cach\u00e9e ou fermeture \u00e0 glissi\u00e8re. Deux \u00e9normes poches cargo sur les cuisses. Deux poches \u00e0 rabat \u00e0 l&#8217;arri\u00e8re. Genoux renforc\u00e9s avec plis d&#8217;extension. Bas de jambes avec cordons de serrage.<\/p>\n","protected":false},"featured_media":8552,"comment_status":"open","ping_status":"closed","template":"","meta":[],"product_brand":[],"product_cat":[630,752],"product_tag":[],"class_list":{"0":"post-8672","1":"product","2":"type-product","3":"status-publish","4":"has-post-thumbnail","6":"product_cat-vetements-army","7":"product_cat-fin-de-serie","8":"product_shipping_class-colis-fr","10":"first","11":"instock","12":"sale","13":"taxable","14":"shipping-taxable","15":"purchasable","16":"product-type-variable"},"_links":{"self":[{"href":"https:\/\/www.hml-fetish.de\/shop\/fr\/wp-json\/wp\/v2\/product\/8672","targetHints":{"allow":["GET"]}}],"collection":[{"href":"https:\/\/www.hml-fetish.de\/shop\/fr\/wp-json\/wp\/v2\/product"}],"about":[{"href":"https:\/\/www.hml-fetish.de\/shop\/fr\/wp-json\/wp\/v2\/types\/product"}],"replies":[{"embeddable":true,"href":"https:\/\/www.hml-fetish.de\/shop\/fr\/wp-json\/wp\/v2\/comments?post=8672"}],"version-history":[{"count":0,"href":"https:\/\/www.hml-fetish.de\/shop\/fr\/wp-json\/wp\/v2\/product\/8672\/revisions"}],"wp:featuredmedia":[{"embeddable":true,"href":"https:\/\/www.hml-fetish.de\/shop\/fr\/wp-json\/wp\/v2\/media\/8552"}],"wp:attachment":[{"href":"https:\/\/www.hml-fetish.de\/shop\/fr\/wp-json\/wp\/v2\/media?parent=8672"}],"wp:term":[{"taxonomy":"product_brand","embeddable":true,"href":"https:\/\/www.hml-fetish.de\/shop\/fr\/wp-json\/wp\/v2\/product_brand?post=8672"},{"taxonomy":"product_cat","embeddable":true,"href":"https:\/\/www.hml-fetish.de\/shop\/fr\/wp-json\/wp\/v2\/product_cat?post=8672"},{"taxonomy":"product_tag","embeddable":true,"href":"https:\/\/www.hml-fetish.de\/shop\/fr\/wp-json\/wp\/v2\/product_tag?post=8672"}],"curies":[{"name":"wp","href":"https:\/\/api.w.org\/{rel}","templated":true}]}}