{"id":8093,"date":"2022-01-23T22:57:26","date_gmt":"2022-01-23T21:57:26","guid":{"rendered":"https:\/\/www.hml-fetish.de\/shop\/cablee-de-connexion\/"},"modified":"2025-06-19T15:18:33","modified_gmt":"2025-06-19T13:18:33","slug":"cablee-de-connexion","status":"publish","type":"product","link":"https:\/\/www.hml-fetish.de\/shop\/fr\/cablee-de-connexion\/","title":{"rendered":"Cabl\u00e9e de connexion"},"content":{"rendered":"<p>Tu en as besoin pour brancher des pads adh\u00e9sifs, des bandes de cock, etc. Une fiche jack pour la prise de raccordement de l&#8217;appareil de stimulation \u00e9lectrique se ramifie avec respectivement un m\u00e8tre de c\u00e2ble noir sur deux fiches bananes pour les cosses de contact sur les bandes de cock.<br \/>\n<BR><BR>Elle fonctionne aussi seule, car deux pinces crocodiles \u00e0 enficher sont fournies. Tu peux les serrer par exemple sur des anneaux de piercing. Si tu veux les utiliser comme pinces \u00e0 seins, tu devras peut-\u00eatre aplatir les dents avec une pince.<br \/>\n<BR><BR>Cet appareil n\u00e9cessite pour son alimentation un appareil de stimulation \u00e9lectrique avec une prise jack st\u00e9r\u00e9o de 3,5 mm, qui n&#8217;est pas compris dans le prix !<\/p>\n","protected":false},"excerpt":{"rendered":"<h4>Cabl\u00e9e de connexion<\/h4>\n<p>Tu en as besoin pour brancher des pads adh\u00e9sifs, des bandes de cock, etc. Une fiche jack pour la prise de raccordement de l&#8217;appareil de stimulation \u00e9lectrique se ramifie avec respectivement un m\u00e8tre de c\u00e2ble noir sur deux fiches bananes pour les cosses de contact sur les bandes de cock.<\/p>\n","protected":false},"featured_media":8085,"comment_status":"open","ping_status":"closed","template":"","meta":[],"product_brand":[],"product_cat":[704],"product_tag":[],"class_list":{"0":"post-8093","1":"product","2":"type-product","3":"status-publish","4":"has-post-thumbnail","6":"product_cat-electro-fr","7":"product_shipping_class-colis-fr","9":"first","10":"instock","11":"taxable","12":"shipping-taxable","13":"purchasable","14":"product-type-simple"},"_links":{"self":[{"href":"https:\/\/www.hml-fetish.de\/shop\/fr\/wp-json\/wp\/v2\/product\/8093","targetHints":{"allow":["GET"]}}],"collection":[{"href":"https:\/\/www.hml-fetish.de\/shop\/fr\/wp-json\/wp\/v2\/product"}],"about":[{"href":"https:\/\/www.hml-fetish.de\/shop\/fr\/wp-json\/wp\/v2\/types\/product"}],"replies":[{"embeddable":true,"href":"https:\/\/www.hml-fetish.de\/shop\/fr\/wp-json\/wp\/v2\/comments?post=8093"}],"version-history":[{"count":0,"href":"https:\/\/www.hml-fetish.de\/shop\/fr\/wp-json\/wp\/v2\/product\/8093\/revisions"}],"wp:featuredmedia":[{"embeddable":true,"href":"https:\/\/www.hml-fetish.de\/shop\/fr\/wp-json\/wp\/v2\/media\/8085"}],"wp:attachment":[{"href":"https:\/\/www.hml-fetish.de\/shop\/fr\/wp-json\/wp\/v2\/media?parent=8093"}],"wp:term":[{"taxonomy":"product_brand","embeddable":true,"href":"https:\/\/www.hml-fetish.de\/shop\/fr\/wp-json\/wp\/v2\/product_brand?post=8093"},{"taxonomy":"product_cat","embeddable":true,"href":"https:\/\/www.hml-fetish.de\/shop\/fr\/wp-json\/wp\/v2\/product_cat?post=8093"},{"taxonomy":"product_tag","embeddable":true,"href":"https:\/\/www.hml-fetish.de\/shop\/fr\/wp-json\/wp\/v2\/product_tag?post=8093"}],"curies":[{"name":"wp","href":"https:\/\/api.w.org\/{rel}","templated":true}]}}