{"id":8081,"date":"2022-01-23T22:57:26","date_gmt":"2022-01-23T21:57:26","guid":{"rendered":"https:\/\/www.hml-fetish.de\/shop\/cadenas\/"},"modified":"2022-01-23T22:57:26","modified_gmt":"2022-01-23T21:57:26","slug":"cadenas","status":"publish","type":"product","link":"https:\/\/www.hml-fetish.de\/shop\/fr\/cadenas\/","title":{"rendered":"Cadenas"},"content":{"rendered":"<p>Ce cadenas en laiton &#8211; chrom\u00e9 et poli brillant &#8211; est utilis\u00e9 pour presque tout ce qui doit \u00eatre verrouill\u00e9. Il mesure 21 mm x 21 mm x 11 mm et porte une anse de 3 mm d&#8217;\u00e9paisseur. Les cl\u00e9s sont solides. Malgr\u00e9 sa beaut\u00e9 noble, cette serrure est robuste et a une longue dur\u00e9e de vie.<\/p>\n","protected":false},"excerpt":{"rendered":"<h4>Cadenas<\/h4>\n<p>en laiton &#8211; chrom\u00e9 et poli brillant &#8211; est utilis\u00e9 pour presque tout ce qui doit \u00eatre verrouill\u00e9. Il mesure 21 mm x 21 mm x 11 mm et porte une anse de 3 mm d&#8217;\u00e9paisseur. Les cl\u00e9s sont solides. Malgr\u00e9 sa beaut\u00e9 noble, cette serrure est robuste et a une longue dur\u00e9e de vie.<\/p>\n","protected":false},"featured_media":8072,"comment_status":"open","ping_status":"closed","template":"","meta":[],"product_brand":[],"product_cat":[599,692],"product_tag":[],"class_list":{"0":"post-8081","1":"product","2":"type-product","3":"status-publish","4":"has-post-thumbnail","6":"product_cat-attaches-en-cuir","7":"product_cat-menottes","8":"product_shipping_class-lettre","10":"first","11":"instock","12":"taxable","13":"shipping-taxable","14":"purchasable","15":"product-type-simple"},"_links":{"self":[{"href":"https:\/\/www.hml-fetish.de\/shop\/fr\/wp-json\/wp\/v2\/product\/8081","targetHints":{"allow":["GET"]}}],"collection":[{"href":"https:\/\/www.hml-fetish.de\/shop\/fr\/wp-json\/wp\/v2\/product"}],"about":[{"href":"https:\/\/www.hml-fetish.de\/shop\/fr\/wp-json\/wp\/v2\/types\/product"}],"replies":[{"embeddable":true,"href":"https:\/\/www.hml-fetish.de\/shop\/fr\/wp-json\/wp\/v2\/comments?post=8081"}],"version-history":[{"count":0,"href":"https:\/\/www.hml-fetish.de\/shop\/fr\/wp-json\/wp\/v2\/product\/8081\/revisions"}],"wp:featuredmedia":[{"embeddable":true,"href":"https:\/\/www.hml-fetish.de\/shop\/fr\/wp-json\/wp\/v2\/media\/8072"}],"wp:attachment":[{"href":"https:\/\/www.hml-fetish.de\/shop\/fr\/wp-json\/wp\/v2\/media?parent=8081"}],"wp:term":[{"taxonomy":"product_brand","embeddable":true,"href":"https:\/\/www.hml-fetish.de\/shop\/fr\/wp-json\/wp\/v2\/product_brand?post=8081"},{"taxonomy":"product_cat","embeddable":true,"href":"https:\/\/www.hml-fetish.de\/shop\/fr\/wp-json\/wp\/v2\/product_cat?post=8081"},{"taxonomy":"product_tag","embeddable":true,"href":"https:\/\/www.hml-fetish.de\/shop\/fr\/wp-json\/wp\/v2\/product_tag?post=8081"}],"curies":[{"name":"wp","href":"https:\/\/api.w.org\/{rel}","templated":true}]}}