{"id":8044,"date":"2022-01-23T22:57:26","date_gmt":"2022-01-23T21:57:26","guid":{"rendered":"https:\/\/www.hml-fetish.de\/shop\/barcode-adult-jock\/"},"modified":"2022-01-23T22:57:26","modified_gmt":"2022-01-23T21:57:26","slug":"barcode-adult-jock","status":"publish","type":"product","link":"https:\/\/www.hml-fetish.de\/shop\/fr\/barcode-adult-jock\/","title":{"rendered":"barcode Adult Jock"},"content":{"rendered":"<p>Les mecs de chez barcode Berlin ont r\u00e9-invent\u00e9 le jock-strap! Ses bandes en X donnent une optique unique et torride au front. De quoi chauffer tes copains \u00e0 la gym.<\/p>\n<p>95% Coton et 5% Elasthane pour la poche de devant, 90% Polyester et 10% Caoutchouc pour la ceinture. Tailles S-XXL. Lavable en machine \u00e0 30\u00b0 C. Made in Portugal.<br \/>\n<BR><BR><IMG SRC=\"\/template\/barcode.gif\" ALT=\"barcode Berlin\" TITLE=\"barcode Berlin\"><br \/>\n<BR><BR><img decoding=\"async\" src=\"\/GIF\/sizefr_unisex_sp.gif\" alt=\"tableau des tailles\" title=\"tableau des tailles\" border=\"0\" height=\"194\" width=\"114\"><\/p>\n","protected":false},"excerpt":{"rendered":"<h4>barcode Adult Jock<\/h4>\n<p>Les mecs de chez barcode Berlin ont r\u00e9-invent\u00e9 le jock-strap! Ses bandes en X donnent une optique unique et torride au front. De quoi chauffer tes copains \u00e0 la gym.<\/p>\n","protected":false},"featured_media":7958,"comment_status":"open","ping_status":"closed","template":"","meta":[],"product_brand":[],"product_cat":[752,656,734],"product_tag":[1493],"class_list":{"0":"post-8044","1":"product","2":"type-product","3":"status-publish","4":"has-post-thumbnail","6":"product_cat-fin-de-serie","7":"product_cat-jocks","8":"product_cat-promotion","9":"product_tag-barcode-berlin-fr","10":"product_shipping_class-lettre","12":"first","13":"instock","14":"sale","15":"taxable","16":"shipping-taxable","17":"purchasable","18":"product-type-variable"},"_links":{"self":[{"href":"https:\/\/www.hml-fetish.de\/shop\/fr\/wp-json\/wp\/v2\/product\/8044","targetHints":{"allow":["GET"]}}],"collection":[{"href":"https:\/\/www.hml-fetish.de\/shop\/fr\/wp-json\/wp\/v2\/product"}],"about":[{"href":"https:\/\/www.hml-fetish.de\/shop\/fr\/wp-json\/wp\/v2\/types\/product"}],"replies":[{"embeddable":true,"href":"https:\/\/www.hml-fetish.de\/shop\/fr\/wp-json\/wp\/v2\/comments?post=8044"}],"version-history":[{"count":0,"href":"https:\/\/www.hml-fetish.de\/shop\/fr\/wp-json\/wp\/v2\/product\/8044\/revisions"}],"wp:featuredmedia":[{"embeddable":true,"href":"https:\/\/www.hml-fetish.de\/shop\/fr\/wp-json\/wp\/v2\/media\/7958"}],"wp:attachment":[{"href":"https:\/\/www.hml-fetish.de\/shop\/fr\/wp-json\/wp\/v2\/media?parent=8044"}],"wp:term":[{"taxonomy":"product_brand","embeddable":true,"href":"https:\/\/www.hml-fetish.de\/shop\/fr\/wp-json\/wp\/v2\/product_brand?post=8044"},{"taxonomy":"product_cat","embeddable":true,"href":"https:\/\/www.hml-fetish.de\/shop\/fr\/wp-json\/wp\/v2\/product_cat?post=8044"},{"taxonomy":"product_tag","embeddable":true,"href":"https:\/\/www.hml-fetish.de\/shop\/fr\/wp-json\/wp\/v2\/product_tag?post=8044"}],"curies":[{"name":"wp","href":"https:\/\/api.w.org\/{rel}","templated":true}]}}