{"id":7940,"date":"2022-01-23T22:57:27","date_gmt":"2022-01-23T21:57:27","guid":{"rendered":"https:\/\/www.hml-fetish.de\/shop\/barcode-swim-jock\/"},"modified":"2022-03-26T10:59:34","modified_gmt":"2022-03-26T09:59:34","slug":"barcode-swim-jock","status":"publish","type":"product","link":"https:\/\/www.hml-fetish.de\/shop\/fr\/barcode-swim-jock\/","title":{"rendered":"barcode Swim Jock"},"content":{"rendered":"<p>Les mecs de chez barcode Berlin ont r\u00e9-invent\u00e9 le jock-strap! Ses bandes en X donnent une optique unique et torride au front. De quoi chauffer tes copains \u00e0 la gym.<\/p>\n<p>65% Polyester, 15% Coton, 20% Caoutchouc. Tailles S-XXL.<br \/>\n<BR><BR><IMG SRC=\"\/template\/barcode.gif\" ALT=\"barcode Berlin\" TITLE=\"barcode Berlin\"><br \/>\n<BR><BR><img decoding=\"async\" src=\"\/GIF\/sizefr_unisex_sp.gif\" alt=\"tableau des tailles\" title=\"tableau des tailles\" border=\"0\" height=\"194\" width=\"114\"><\/p>\n","protected":false},"excerpt":{"rendered":"<h4>barcode Swim Jock<\/h4>\n<p>Les mecs de chez barcode Berlin ont r\u00e9-invent\u00e9 le jock-strap! Ses bandes en X donnent une optique unique et torride au front. De quoi chauffer tes copains \u00e0 la gym.<\/p>\n","protected":false},"featured_media":7905,"comment_status":"open","ping_status":"closed","template":"","meta":[],"product_brand":[],"product_cat":[752,656,734],"product_tag":[],"class_list":{"0":"post-7940","1":"product","2":"type-product","3":"status-publish","4":"has-post-thumbnail","6":"product_cat-fin-de-serie","7":"product_cat-jocks","8":"product_cat-promotion","9":"product_shipping_class-lettre","11":"first","12":"instock","13":"sale","14":"taxable","15":"shipping-taxable","16":"purchasable","17":"product-type-variable"},"_links":{"self":[{"href":"https:\/\/www.hml-fetish.de\/shop\/fr\/wp-json\/wp\/v2\/product\/7940","targetHints":{"allow":["GET"]}}],"collection":[{"href":"https:\/\/www.hml-fetish.de\/shop\/fr\/wp-json\/wp\/v2\/product"}],"about":[{"href":"https:\/\/www.hml-fetish.de\/shop\/fr\/wp-json\/wp\/v2\/types\/product"}],"replies":[{"embeddable":true,"href":"https:\/\/www.hml-fetish.de\/shop\/fr\/wp-json\/wp\/v2\/comments?post=7940"}],"version-history":[{"count":0,"href":"https:\/\/www.hml-fetish.de\/shop\/fr\/wp-json\/wp\/v2\/product\/7940\/revisions"}],"wp:featuredmedia":[{"embeddable":true,"href":"https:\/\/www.hml-fetish.de\/shop\/fr\/wp-json\/wp\/v2\/media\/7905"}],"wp:attachment":[{"href":"https:\/\/www.hml-fetish.de\/shop\/fr\/wp-json\/wp\/v2\/media?parent=7940"}],"wp:term":[{"taxonomy":"product_brand","embeddable":true,"href":"https:\/\/www.hml-fetish.de\/shop\/fr\/wp-json\/wp\/v2\/product_brand?post=7940"},{"taxonomy":"product_cat","embeddable":true,"href":"https:\/\/www.hml-fetish.de\/shop\/fr\/wp-json\/wp\/v2\/product_cat?post=7940"},{"taxonomy":"product_tag","embeddable":true,"href":"https:\/\/www.hml-fetish.de\/shop\/fr\/wp-json\/wp\/v2\/product_tag?post=7940"}],"curies":[{"name":"wp","href":"https:\/\/api.w.org\/{rel}","templated":true}]}}