{"id":7766,"date":"2022-01-23T22:57:28","date_gmt":"2022-01-23T21:57:28","guid":{"rendered":"https:\/\/www.hml-fetish.de\/shop\/gilet-en-cuir-avec-lacage\/"},"modified":"2023-04-27T14:44:06","modified_gmt":"2023-04-27T12:44:06","slug":"gilet-en-cuir-avec-lacage","status":"publish","type":"product","link":"https:\/\/www.hml-fetish.de\/shop\/fr\/gilet-en-cuir-avec-lacage\/","title":{"rendered":"Gilet en cuir avec la\u00e7age"},"content":{"rendered":"<p>Le gilet en cuir est en cuir de b\u0153uf d&#8217;environ 1,1 mm d&#8217;\u00e9paisseur et enti\u00e8rement teint\u00e9 dans la masse. Il est muni de lacets lat\u00e9raux doubl\u00e9s de cuir et d&#8217;une petite poche plac\u00e9e \u00e0 droite. Elle reste ouverte sur le devant. Disponible dans les tailles unisexes de XS \u00e0 XXL. La doublure des lacets est en cuir noir sur le mod\u00e8le de base.<\/p>\n<p><a href=\"\/fr\/pages\/hilfe001.htm\"><img decoding=\"async\" title=\"tableau des tailles\" src=\"\/GIF\/sizefr_unisex_up.gif\" alt=\"tableau des tailles\" width=\"114\" height=\"194\" border=\"0\" \/><\/a><\/p>\n","protected":false},"excerpt":{"rendered":"<h4>Gilet en cuir avec la\u00e7age<\/h4>\n<p>Le gilet en cuir est en cuir de b\u0153uf d&#8217;environ 1,1 mm d&#8217;\u00e9paisseur et enti\u00e8rement teint\u00e9 dans la masse. Il est muni de lacets lat\u00e9raux doubl\u00e9s de cuir et d&#8217;une petite poche plac\u00e9e \u00e0 droite. Elle reste ouverte sur le devant. Disponible dans les tailles unisexes de XS \u00e0 XXL. La doublure des lacets est en cuir noir sur le mod\u00e8le de base.<\/p>\n","protected":false},"featured_media":7752,"comment_status":"open","ping_status":"closed","template":"","meta":[],"product_brand":[],"product_cat":[752,734,590],"product_tag":[],"class_list":{"0":"post-7766","1":"product","2":"type-product","3":"status-publish","4":"has-post-thumbnail","6":"product_cat-fin-de-serie","7":"product_cat-promotion","8":"product_cat-shirts-vestons","9":"product_shipping_class-colis-fr","11":"first","12":"instock","13":"sale","14":"taxable","15":"shipping-taxable","16":"purchasable","17":"product-type-variable"},"_links":{"self":[{"href":"https:\/\/www.hml-fetish.de\/shop\/fr\/wp-json\/wp\/v2\/product\/7766","targetHints":{"allow":["GET"]}}],"collection":[{"href":"https:\/\/www.hml-fetish.de\/shop\/fr\/wp-json\/wp\/v2\/product"}],"about":[{"href":"https:\/\/www.hml-fetish.de\/shop\/fr\/wp-json\/wp\/v2\/types\/product"}],"replies":[{"embeddable":true,"href":"https:\/\/www.hml-fetish.de\/shop\/fr\/wp-json\/wp\/v2\/comments?post=7766"}],"version-history":[{"count":0,"href":"https:\/\/www.hml-fetish.de\/shop\/fr\/wp-json\/wp\/v2\/product\/7766\/revisions"}],"wp:featuredmedia":[{"embeddable":true,"href":"https:\/\/www.hml-fetish.de\/shop\/fr\/wp-json\/wp\/v2\/media\/7752"}],"wp:attachment":[{"href":"https:\/\/www.hml-fetish.de\/shop\/fr\/wp-json\/wp\/v2\/media?parent=7766"}],"wp:term":[{"taxonomy":"product_brand","embeddable":true,"href":"https:\/\/www.hml-fetish.de\/shop\/fr\/wp-json\/wp\/v2\/product_brand?post=7766"},{"taxonomy":"product_cat","embeddable":true,"href":"https:\/\/www.hml-fetish.de\/shop\/fr\/wp-json\/wp\/v2\/product_cat?post=7766"},{"taxonomy":"product_tag","embeddable":true,"href":"https:\/\/www.hml-fetish.de\/shop\/fr\/wp-json\/wp\/v2\/product_tag?post=7766"}],"curies":[{"name":"wp","href":"https:\/\/api.w.org\/{rel}","templated":true}]}}