{"id":7715,"date":"2022-01-23T22:57:28","date_gmt":"2022-01-23T21:57:28","guid":{"rendered":"https:\/\/www.hml-fetish.de\/shop\/gilet-pour-costume\/"},"modified":"2025-03-13T17:54:15","modified_gmt":"2025-03-13T16:54:15","slug":"gilet-pour-costume","status":"publish","type":"product","link":"https:\/\/www.hml-fetish.de\/shop\/fr\/gilet-pour-costume\/","title":{"rendered":"Gilet pour costume"},"content":{"rendered":"<p><P>Ce gilet en cuir noir de 1,2 mm d&#8217;\u00e9paisseur est vraiment le pied! Port\u00e9 au travail, il ajoute au look s\u00e9rieux et formel. Ajoute-le \u00e0 la tenue cuir int\u00e9gral il rend extravagant et sexy.<\/P><br \/>\n<P>Dessin\u00e9 sur le mod\u00e8le d&#8217;un gilet traditionel avec les boutons et les petites poches qu&#8217;il faut. Il n&#8217;est pas double et ajustable avec une boucle dans le dos.<br \/>\n<\/P><P>S\u00e9rieux si port\u00e9 avec une chemise et une cravate mais avec un loup en chaleur en dessous. Porte-le et vas-y foncer sur les petits agneaux.<br \/>\n<\/P><P><a href=\"\/fr\/pages\/hilfe001.htm\"><img decoding=\"async\" src=\"\/GIF\/sizefr_unisex_up.gif\" alt=\"tableau des tailles\" title=\"tableau des tailles\" border=\"0\" height=\"194\" width=\"114\"><\/a><\/P><br \/>\n<P><B>S\u00e9curit\u00e9 du produit:<\/B><BR><br \/>\nInformation sur les allergies : Mat\u00e9riau cuir de vachette, les parties m\u00e9talliques en contact avec la peau sont exemptes de rouille et de nickel<BR><br \/>\nPersonne responsable<BR><br \/>\nHML, propri\u00e9taire Dr. Detlef Moller<BR><br \/>\nNeukirchstra\u00dfe 18<BR><br \/>\n28215 Br\u00eame<BR><br \/>\nAllemagne<BR><br \/>\ninfo@hml-fetish.de<\/P><\/p>\n","protected":false},"excerpt":{"rendered":"<h4>Gilet pour costume<\/h4>\n<p>Ce gilet en cuir noir de 1,2 mm d&#8217;\u00e9paisseur est vraiment le pied! Port\u00e9 au travail, il ajoute au look s\u00e9rieux et formel. Ajoute-le \u00e0 la tenue cuir int\u00e9gral il rend extravagant et sexy.<\/p>\n","protected":false},"featured_media":7688,"comment_status":"open","ping_status":"closed","template":"","meta":[],"product_brand":[],"product_cat":[732,590,638],"product_tag":[4400],"class_list":{"0":"post-7715","1":"product","2":"type-product","3":"status-publish","4":"has-post-thumbnail","6":"product_cat-best-seller","7":"product_cat-shirts-vestons","8":"product_cat-vetements","9":"product_tag-hml-fetish-original-fr","10":"product_shipping_class-colis-fr","12":"first","13":"instock","14":"taxable","15":"shipping-taxable","16":"purchasable","17":"product-type-variable"},"_links":{"self":[{"href":"https:\/\/www.hml-fetish.de\/shop\/fr\/wp-json\/wp\/v2\/product\/7715","targetHints":{"allow":["GET"]}}],"collection":[{"href":"https:\/\/www.hml-fetish.de\/shop\/fr\/wp-json\/wp\/v2\/product"}],"about":[{"href":"https:\/\/www.hml-fetish.de\/shop\/fr\/wp-json\/wp\/v2\/types\/product"}],"replies":[{"embeddable":true,"href":"https:\/\/www.hml-fetish.de\/shop\/fr\/wp-json\/wp\/v2\/comments?post=7715"}],"version-history":[{"count":0,"href":"https:\/\/www.hml-fetish.de\/shop\/fr\/wp-json\/wp\/v2\/product\/7715\/revisions"}],"wp:featuredmedia":[{"embeddable":true,"href":"https:\/\/www.hml-fetish.de\/shop\/fr\/wp-json\/wp\/v2\/media\/7688"}],"wp:attachment":[{"href":"https:\/\/www.hml-fetish.de\/shop\/fr\/wp-json\/wp\/v2\/media?parent=7715"}],"wp:term":[{"taxonomy":"product_brand","embeddable":true,"href":"https:\/\/www.hml-fetish.de\/shop\/fr\/wp-json\/wp\/v2\/product_brand?post=7715"},{"taxonomy":"product_cat","embeddable":true,"href":"https:\/\/www.hml-fetish.de\/shop\/fr\/wp-json\/wp\/v2\/product_cat?post=7715"},{"taxonomy":"product_tag","embeddable":true,"href":"https:\/\/www.hml-fetish.de\/shop\/fr\/wp-json\/wp\/v2\/product_tag?post=7715"}],"curies":[{"name":"wp","href":"https:\/\/api.w.org\/{rel}","templated":true}]}}