{"id":7684,"date":"2022-01-23T22:57:48","date_gmt":"2022-01-23T21:57:48","guid":{"rendered":"https:\/\/www.hml-fetish.de\/shop\/frag-vest-en-cuir\/"},"modified":"2022-01-23T22:57:48","modified_gmt":"2022-01-23T21:57:48","slug":"frag-vest-en-cuir","status":"publish","type":"product","link":"https:\/\/www.hml-fetish.de\/shop\/fr\/frag-vest-en-cuir\/","title":{"rendered":"Frag Vest en cuir"},"content":{"rendered":"<p>Pour notre &#8220;gilet pare-\u00e9clats&#8221; masculin et robuste, nous utilisons un cuir de b\u0153uf nappa tr\u00e8s doux, noir mat, au toucher doux et agr\u00e9able.<br \/>\n<BR><BR>L&#8217;apparente contradiction entre le caract\u00e8re doux du mat\u00e9riau avec lequel le gilet est \u00e9galement doubl\u00e9 et l&#8217;aspect de s\u00e9curit\u00e9 \u00e9pais cr\u00e9e une tension int\u00e9ressante et un confort particulier que seul ce gilet offre.<br \/>\n<BR><BR>Des pi\u00e8ces choisies au grain r\u00e9gulier et \u00e0 la finition soign\u00e9e. Rembourrage en non-tiss\u00e9 et pads de protection. Une poche ext\u00e9rieure, une poche int\u00e9rieure. R\u00e9glable pour presque toutes les tailles. Cuir de vachette teint\u00e9 dans la masse, insensible aux salissures, tr\u00e8s r\u00e9sistant \u00e0 l&#8217;abrasion et \u00e0 la lumi\u00e8re.<\/p>\n","protected":false},"excerpt":{"rendered":"<h4>Frag Vest en cuir<\/h4>\n<p>Pour notre &#8220;gilet pare-\u00e9clats&#8221; masculin et robuste, nous utilisons un cuir de b\u0153uf nappa tr\u00e8s doux, noir mat, au toucher doux et agr\u00e9able.<\/p>\n","protected":false},"featured_media":7663,"comment_status":"open","ping_status":"closed","template":"","meta":[],"product_brand":[],"product_cat":[732,587,590,638],"product_tag":[4400],"class_list":{"0":"post-7684","1":"product","2":"type-product","3":"status-publish","4":"has-post-thumbnail","6":"product_cat-best-seller","7":"product_cat-perfectos","8":"product_cat-shirts-vestons","9":"product_cat-vetements","10":"product_tag-hml-fetish-original-fr","11":"product_shipping_class-colis-fr","13":"first","14":"instock","15":"taxable","16":"shipping-taxable","17":"purchasable","18":"product-type-simple"},"_links":{"self":[{"href":"https:\/\/www.hml-fetish.de\/shop\/fr\/wp-json\/wp\/v2\/product\/7684","targetHints":{"allow":["GET"]}}],"collection":[{"href":"https:\/\/www.hml-fetish.de\/shop\/fr\/wp-json\/wp\/v2\/product"}],"about":[{"href":"https:\/\/www.hml-fetish.de\/shop\/fr\/wp-json\/wp\/v2\/types\/product"}],"replies":[{"embeddable":true,"href":"https:\/\/www.hml-fetish.de\/shop\/fr\/wp-json\/wp\/v2\/comments?post=7684"}],"version-history":[{"count":0,"href":"https:\/\/www.hml-fetish.de\/shop\/fr\/wp-json\/wp\/v2\/product\/7684\/revisions"}],"wp:featuredmedia":[{"embeddable":true,"href":"https:\/\/www.hml-fetish.de\/shop\/fr\/wp-json\/wp\/v2\/media\/7663"}],"wp:attachment":[{"href":"https:\/\/www.hml-fetish.de\/shop\/fr\/wp-json\/wp\/v2\/media?parent=7684"}],"wp:term":[{"taxonomy":"product_brand","embeddable":true,"href":"https:\/\/www.hml-fetish.de\/shop\/fr\/wp-json\/wp\/v2\/product_brand?post=7684"},{"taxonomy":"product_cat","embeddable":true,"href":"https:\/\/www.hml-fetish.de\/shop\/fr\/wp-json\/wp\/v2\/product_cat?post=7684"},{"taxonomy":"product_tag","embeddable":true,"href":"https:\/\/www.hml-fetish.de\/shop\/fr\/wp-json\/wp\/v2\/product_tag?post=7684"}],"curies":[{"name":"wp","href":"https:\/\/api.w.org\/{rel}","templated":true}]}}